{"id":27,"date":"2011-08-29T11:24:57","date_gmt":"2011-08-29T09:54:57","guid":{"rendered":"https:\/\/kylat.ekarjala.fi\/tarnala\/?page_id=27"},"modified":"2012-08-27T12:03:22","modified_gmt":"2012-08-27T10:33:22","slug":"tapahtunutta","status":"publish","type":"page","link":"https:\/\/kylat.ekarjala.fi\/tarnala\/kylayhdistys\/tapahtunutta\/","title":{"rendered":"Tapahtunutta"},"content":{"rendered":"<p><strong>Veikko Kokkosesta tienn\u00e4ytt\u00e4j\u00e4<\/strong><\/p>\n<p>Suomen Kyl\u00e4toiminta ry palkitsi Veikko Kokkosen valtakunnallisella tienn\u00e4ytt\u00e4j\u00e4n arvonimell\u00e4 kyl\u00e4toimintap\u00e4ivill\u00e4 Raaseporissa 4.9.-11. Palkinto on tunnustus pitk\u00e4aikaisesta ty\u00f6st\u00e4 kyl\u00e4n hyv\u00e4ksi.<\/p>\n<p>Suomen Kyl\u00e4toiminta ry:n huomionosoitus on harvinaista herkkua Etel\u00e4-Karjalssa, jonne aiemmin on my\u00f6nnetty on vain kaksi palkintoa. Savitaipaleen Kuivasensaari sai takavuosina kunniamainninnan ja Riitta Bagge palkittiin vuonna 2007 tienn\u00e4ytt\u00e4j\u00e4n\u00e4 leader- ja kyl\u00e4toiminnan ansioistaan.<\/p>\n<p>Kannustusjoukkoina Veikon palkintomatkalla k\u00e4viv\u00e4t Kari H\u00e4rk\u00f6nen, Helin\u00e4 Leminen ja Irja-Liisa Teirikko.<\/p>\n<div><a href=\"..\/files\/2011\/08\/veikko.jpg\"><img loading=\"lazy\" decoding=\"async\" src=\"..\/files\/2011\/08\/veikko.jpg\" alt=\"\" width=\"667\" height=\"500\" \/><\/a>Veikko Kokkonen ja muut tienn\u00e4ytt\u00e4j\u00e4t, Ritva K\u00e4m\u00e4r\u00e4inen Rantasalmelta ja Pertti Lehtinen Nokialta, sek\u00e4 maaseututoimijana palkittu Antero Lehikoinen Joensuusta juhlatilaisuudessa Raaseporissa.<\/div>\n<p>&nbsp;<\/p>\n<p><strong>Amaze Me Leader !<\/strong><\/p>\n<p>Tarnalan Kuposenm\u00e4ki oli kansainv\u00e4lisen leader-nuorten ryhm\u00e4n kohteena 27.8.11. Nuoret tutustuivat maisemanmaalaukseen kyl\u00e4yhdistyksen kodalla, nuoria oli ymp\u00e4ri Eurooppaa ja heit\u00e4 oli yhteens\u00e4 l\u00e4hes seitsem\u00e4nkymment\u00e4.<\/p>\n<div id=\"attachment_103\" style=\"width: 474px\" class=\"wp-caption alignnone\"><a href=\"https:\/\/kylat.ekarjala.fi\/tarnala\/wp-content\/uploads\/sites\/13\/2011\/08\/amazemeleader.jpg\"><img loading=\"lazy\" decoding=\"async\" aria-describedby=\"caption-attachment-103\" class=\"size-full wp-image-103\" src=\"https:\/\/kylat.ekarjala.fi\/tarnala\/wp-content\/uploads\/sites\/13\/2011\/08\/amazemeleader.jpg\" alt=\"\" width=\"464\" height=\"347\" \/><\/a><p id=\"caption-attachment-103\" class=\"wp-caption-text\">Aurinko helli innokkaita nuoria maalaajia.<\/p><\/div>\n<p><strong>\u00c4itienp\u00e4iv\u00e4<\/strong><br \/>\nKyl\u00e4yhdistys j\u00e4rjesti yhteisty\u00f6ss\u00e4 LC-Saaren kanssa toukokuussa 2012 \u00e4itinp\u00e4iv\u00e4juhlan. P\u00e4iv\u00e4\u00e4 juhlittiin 50-luvun hengess\u00e4. V\u00e4ke\u00e4 oli runsaasti kuten alla olevasta kuvasta n\u00e4kyy.<\/p>\n<div id=\"attachment_90\" style=\"width: 488px\" class=\"wp-caption alignnone\"><a href=\"https:\/\/kylat.ekarjala.fi\/tarnala\/wp-content\/uploads\/sites\/13\/2011\/08\/aitienpaiva.jpg\"><img loading=\"lazy\" decoding=\"async\" aria-describedby=\"caption-attachment-90\" class=\"size-full wp-image-90\" src=\"https:\/\/kylat.ekarjala.fi\/tarnala\/wp-content\/uploads\/sites\/13\/2011\/08\/aitienpaiva.jpg\" alt=\"\" width=\"478\" height=\"359\" \/><\/a><p id=\"caption-attachment-90\" class=\"wp-caption-text\">Tupa t\u00e4ynn\u00e4 v\u00e4ke\u00e4<\/p><\/div>\n<p><strong>Kyl\u00e4l\u00e4isten kes\u00e4tapahtuma<\/strong><br \/>\nKyl\u00e4l\u00e4isten kes\u00e4tapahtumaa viettiin perinteisesti hein\u00e4kuun 13 p\u00e4iv\u00e4 2011. Ohjelmassa oli murrerunot, sek\u00e4 maakuntalaulut. Tilaisuudessa vihittiin uusi piano kyl\u00e4talolla, lis\u00e4ksi nautimme p\u00f6yd\u00e4n antimista. Kes\u00e4tapahtuma j\u00e4rjestet\u00e4\u00e4n vuosittain, joka kes\u00e4. Vuoden 2012 tapahtumassa 21.7.2012 vieraili Kosken mieslaulajat, lohikeitto,yhteislaulua.<\/p>\n<p><strong>Kyl\u00e4yhdistys juhli 30-vuotisuuttaan <\/strong><br \/>\nTarnalan Kuposenm\u00e4en kodalla vietettiin kyl\u00e4toiminnan 30-vuotisjuhlaa leppoisissa ruska-ajan tunnelmissa sunnuntaina 10.10. 2010 alkaen klo 10.\u00a0 Kyl\u00e4yhdistys tarjosi makkarat ja nuotiokahvit. Ohjelmassa oli Annikki Silventoisen kirjoittaman lyhyt n\u00e4ytelm\u00e4 Akat hirvijahdissa.<\/p>\n","protected":false},"excerpt":{"rendered":"<p>Veikko Kokkosesta tienn\u00e4ytt\u00e4j\u00e4 Suomen Kyl\u00e4toiminta ry palkitsi Veikko Kokkosen valtakunnallisella tienn\u00e4ytt\u00e4j\u00e4n arvonimell\u00e4 kyl\u00e4toimintap\u00e4ivill\u00e4 Raaseporissa 4.9.-11. Palkinto on tunnustus pitk\u00e4aikaisesta ty\u00f6st\u00e4 kyl\u00e4n hyv\u00e4ksi. Suomen Kyl\u00e4toiminta ry:n huomionosoitus on harvinaista herkkua Etel\u00e4-Karjalssa, jonne aiemmin on my\u00f6nnetty on vain kaksi palkintoa. Savitaipaleen Kuivasensaari &hellip; <a href=\"https:\/\/kylat.ekarjala.fi\/tarnala\/kylayhdistys\/tapahtunutta\/\">Lue loppuun <span class=\"meta-nav\">&rarr;<\/span><\/a><\/p>\n","protected":false},"author":20,"featured_media":0,"parent":32,"menu_order":0,"comment_status":"closed","ping_status":"open","template":"","meta":{"footnotes":""},"class_list":["post-27","page","type-page","status-publish","hentry"],"_links":{"self":[{"href":"https:\/\/kylat.ekarjala.fi\/tarnala\/wp-json\/wp\/v2\/pages\/27","targetHints":{"allow":["GET"]}}],"collection":[{"href":"https:\/\/kylat.ekarjala.fi\/tarnala\/wp-json\/wp\/v2\/pages"}],"about":[{"href":"https:\/\/kylat.ekarjala.fi\/tarnala\/wp-json\/wp\/v2\/types\/page"}],"author":[{"embeddable":true,"href":"https:\/\/kylat.ekarjala.fi\/tarnala\/wp-json\/wp\/v2\/users\/20"}],"replies":[{"embeddable":true,"href":"https:\/\/kylat.ekarjala.fi\/tarnala\/wp-json\/wp\/v2\/comments?post=27"}],"version-history":[{"count":15,"href":"https:\/\/kylat.ekarjala.fi\/tarnala\/wp-json\/wp\/v2\/pages\/27\/revisions"}],"predecessor-version":[{"id":208,"href":"https:\/\/kylat.ekarjala.fi\/tarnala\/wp-json\/wp\/v2\/pages\/27\/revisions\/208"}],"up":[{"embeddable":true,"href":"https:\/\/kylat.ekarjala.fi\/tarnala\/wp-json\/wp\/v2\/pages\/32"}],"wp:attachment":[{"href":"https:\/\/kylat.ekarjala.fi\/tarnala\/wp-json\/wp\/v2\/media?parent=27"}],"curies":[{"name":"wp","href":"https:\/\/api.w.org\/{rel}","templated":true}]}}