{"id":32,"date":"2011-08-29T11:27:48","date_gmt":"2011-08-29T09:57:48","guid":{"rendered":"https:\/\/kylat.ekarjala.fi\/tarnala\/?page_id=32"},"modified":"2021-11-15T13:45:51","modified_gmt":"2021-11-15T12:15:51","slug":"kylayhdistys","status":"publish","type":"page","link":"https:\/\/kylat.ekarjala.fi\/tarnala\/kylayhdistys\/","title":{"rendered":"Kyl\u00e4yhdistys"},"content":{"rendered":"<p><strong>Tarnalan kyl\u00e4yhdistyksen historiaa <\/strong><br \/>\nTarnalan kyl\u00e4yhdistys perustettiin 5.12.1997 jatkamaan vuonna 1980 perustetun kyl\u00e4toimikunnan toimintaa. Tavoitteena on pit\u00e4\u00e4 kyl\u00e4\u00e4 el\u00e4v\u00e4n\u00e4 j\u00e4rjest\u00e4m\u00e4ll\u00e4 kyl\u00e4l\u00e4isille toimintaa ja huvitilaisuuksia. Hanketoiminta on kautta aikojen ollut vahvaa. Kaikki leader-tuella k\u00e4ynnistetyt hankkeet, taideleiri, retkeilyreitit, tietotupa,\u00a0 varttuneen v\u00e4en ruasa-kerho ovat jatkuneet pitk\u00e4j\u00e4nnitteisesti, EU-rahoituksen loputtuakin.<\/p>\n<p><strong>Perustietoja kyl\u00e4yhdistyksest\u00e4 <\/strong><br \/>\nTarnalan kyl\u00e4yhdistyksen kotipaikka on Parikkala. Kyl\u00e4yhdistys toimii koulutalolla, Niukkalantie 496. Koulutalo siirtyi kyl\u00e4l\u00e4isten(Tarnalan Koululaiset Oy) omistukseen 2008, jossa kyl\u00e4yhdistys on yhten\u00e4 osakkaana.<\/p>\n<ul>\n<li>Kyl\u00e4yhdistyksen pj.\u00a0 28.10.21 l\u00e4htien seuraavaksi kaudeksi on Jorma Heikkil\u00e4. Hallitus:<\/li>\n<li>Kari Heikkinen<\/li>\n<li>Marina Kinner, sihteeri<\/li>\n<li>Ky\u00f6sti Kupiainen<\/li>\n<li>Matti Saikkonen<\/li>\n<li>Elena Lukkonen<\/li>\n<li>Kirsi Kokkonen<\/li>\n<li>Kari H\u00e4rk\u00f6nen<\/li>\n<li>Lauri Leminen<\/li>\n<li>Pekka Paakkinen, varapj.<\/li>\n<\/ul>\n<div id=\"attachment_33\" style=\"width: 810px\" class=\"wp-caption alignnone\"><a href=\"https:\/\/kylat.ekarjala.fi\/tarnala\/wp-content\/uploads\/sites\/13\/2011\/08\/Kyl\u00e4yhdistys.jpg\"><img loading=\"lazy\" decoding=\"async\" aria-describedby=\"caption-attachment-33\" class=\"size-full wp-image-33\" src=\"https:\/\/kylat.ekarjala.fi\/tarnala\/wp-content\/uploads\/sites\/13\/2011\/08\/Kyl\u00e4yhdistys.jpg\" alt=\"\" width=\"800\" height=\"535\" \/><\/a><p id=\"caption-attachment-33\" class=\"wp-caption-text\">Kyl\u00e4yhdistys j\u00e4rjest\u00e4\u00e4 koulutalolla juhlia eri aikaan vuodesta.\u00a0Kuvassa etualalla kunniapuheenjohtaja Veikko Kokkonen.<\/p><\/div>\n<p><a href=\"https:\/\/kylat.ekarjala.fi\/tarnala\/wp-content\/uploads\/sites\/13\/2011\/08\/2011-Vuosikokouksen_p\u00f6yt\u00e4kirja.doc\">2011 Vuosikokouksen p\u00f6yt\u00e4kirjan l\u00f6yd\u00e4t t\u00e4\u00e4lt\u00e4<\/a><\/p>\n","protected":false},"excerpt":{"rendered":"<p>Tarnalan kyl\u00e4yhdistyksen historiaa Tarnalan kyl\u00e4yhdistys perustettiin 5.12.1997 jatkamaan vuonna 1980 perustetun kyl\u00e4toimikunnan toimintaa. Tavoitteena on pit\u00e4\u00e4 kyl\u00e4\u00e4 el\u00e4v\u00e4n\u00e4 j\u00e4rjest\u00e4m\u00e4ll\u00e4 kyl\u00e4l\u00e4isille toimintaa ja huvitilaisuuksia. Hanketoiminta on kautta aikojen ollut vahvaa. Kaikki leader-tuella k\u00e4ynnistetyt hankkeet, taideleiri, retkeilyreitit, tietotupa,\u00a0 varttuneen v\u00e4en ruasa-kerho ovat &hellip; <a href=\"https:\/\/kylat.ekarjala.fi\/tarnala\/kylayhdistys\/\">Lue loppuun <span class=\"meta-nav\">&rarr;<\/span><\/a><\/p>\n","protected":false},"author":20,"featured_media":0,"parent":0,"menu_order":0,"comment_status":"closed","ping_status":"open","template":"","meta":{"footnotes":""},"class_list":["post-32","page","type-page","status-publish","hentry"],"_links":{"self":[{"href":"https:\/\/kylat.ekarjala.fi\/tarnala\/wp-json\/wp\/v2\/pages\/32","targetHints":{"allow":["GET"]}}],"collection":[{"href":"https:\/\/kylat.ekarjala.fi\/tarnala\/wp-json\/wp\/v2\/pages"}],"about":[{"href":"https:\/\/kylat.ekarjala.fi\/tarnala\/wp-json\/wp\/v2\/types\/page"}],"author":[{"embeddable":true,"href":"https:\/\/kylat.ekarjala.fi\/tarnala\/wp-json\/wp\/v2\/users\/20"}],"replies":[{"embeddable":true,"href":"https:\/\/kylat.ekarjala.fi\/tarnala\/wp-json\/wp\/v2\/comments?post=32"}],"version-history":[{"count":20,"href":"https:\/\/kylat.ekarjala.fi\/tarnala\/wp-json\/wp\/v2\/pages\/32\/revisions"}],"predecessor-version":[{"id":609,"href":"https:\/\/kylat.ekarjala.fi\/tarnala\/wp-json\/wp\/v2\/pages\/32\/revisions\/609"}],"wp:attachment":[{"href":"https:\/\/kylat.ekarjala.fi\/tarnala\/wp-json\/wp\/v2\/media?parent=32"}],"curies":[{"name":"wp","href":"https:\/\/api.w.org\/{rel}","templated":true}]}}