{"id":375,"date":"2016-05-02T05:24:33","date_gmt":"2016-05-02T03:54:33","guid":{"rendered":"https:\/\/kylat.ekarjala.fi\/tarnala\/?page_id=375"},"modified":"2021-11-15T12:52:02","modified_gmt":"2021-11-15T11:22:02","slug":"kesatapahtuma-2016","status":"publish","type":"page","link":"https:\/\/kylat.ekarjala.fi\/tarnala\/kesatapahtuma-2016\/","title":{"rendered":"Kes\u00e4tapahtumia"},"content":{"rendered":"\n<p>Tyrj\u00e4n taistelun 80-vuotisjuhlaa vietettiin Tarnalan koulutalolla 7.8.-21<\/p>\n\n\n\n<figure class=\"wp-block-embed is-type-video is-provider-youtube wp-block-embed-youtube wp-embed-aspect-16-9 wp-has-aspect-ratio\"><div class=\"wp-block-embed__wrapper\">\n<iframe loading=\"lazy\" title=\"Tyrj\u00e4n taistelun 80-vuotismuistop\u00e4iv\u00e4\" width=\"640\" height=\"360\" src=\"https:\/\/www.youtube.com\/embed\/wrP6dKbK1jw?feature=oembed\" frameborder=\"0\" allow=\"accelerometer; autoplay; clipboard-write; encrypted-media; gyroscope; picture-in-picture; web-share\" referrerpolicy=\"strict-origin-when-cross-origin\" allowfullscreen><\/iframe>\n<\/div><\/figure>\n","protected":false},"excerpt":{"rendered":"<p>Tyrj\u00e4n taistelun 80-vuotisjuhlaa vietettiin Tarnalan koulutalolla 7.8.-21<\/p>\n","protected":false},"author":20,"featured_media":0,"parent":0,"menu_order":0,"comment_status":"closed","ping_status":"closed","template":"","meta":{"footnotes":""},"class_list":["post-375","page","type-page","status-publish","hentry"],"_links":{"self":[{"href":"https:\/\/kylat.ekarjala.fi\/tarnala\/wp-json\/wp\/v2\/pages\/375","targetHints":{"allow":["GET"]}}],"collection":[{"href":"https:\/\/kylat.ekarjala.fi\/tarnala\/wp-json\/wp\/v2\/pages"}],"about":[{"href":"https:\/\/kylat.ekarjala.fi\/tarnala\/wp-json\/wp\/v2\/types\/page"}],"author":[{"embeddable":true,"href":"https:\/\/kylat.ekarjala.fi\/tarnala\/wp-json\/wp\/v2\/users\/20"}],"replies":[{"embeddable":true,"href":"https:\/\/kylat.ekarjala.fi\/tarnala\/wp-json\/wp\/v2\/comments?post=375"}],"version-history":[{"count":10,"href":"https:\/\/kylat.ekarjala.fi\/tarnala\/wp-json\/wp\/v2\/pages\/375\/revisions"}],"predecessor-version":[{"id":597,"href":"https:\/\/kylat.ekarjala.fi\/tarnala\/wp-json\/wp\/v2\/pages\/375\/revisions\/597"}],"wp:attachment":[{"href":"https:\/\/kylat.ekarjala.fi\/tarnala\/wp-json\/wp\/v2\/media?parent=375"}],"curies":[{"name":"wp","href":"https:\/\/api.w.org\/{rel}","templated":true}]}}