{"id":40,"date":"2011-08-29T11:34:43","date_gmt":"2011-08-29T10:04:43","guid":{"rendered":"https:\/\/kylat.ekarjala.fi\/tarnala\/?page_id=40"},"modified":"2011-08-31T12:27:02","modified_gmt":"2011-08-31T10:57:02","slug":"tarnalan-yritys","status":"publish","type":"page","link":"https:\/\/kylat.ekarjala.fi\/tarnala\/tarnalan-yritys\/","title":{"rendered":"Tarnalan yritys"},"content":{"rendered":"<p><strong>Historia <\/strong><br \/>\nVoimistelu- ja Urheiluseura yritys ry on paikkakunnan vanhin urheiluseura. Opettaja Einari Tiaisen aloitteesta syyskuun 26. p\u00e4iv\u00e4n\u00e4 vuonna 1910 kokoontui joukko nuoria miehi\u00e4 silloisen Parikkalan Tarnalan kansakoululle keskustelemaan voimisteluseuran perustamisesta.<br \/>\nAluksi p\u00e4\u00e4paino oli voimistelussa ja hiihdossa. Miehet suorittivat vapaaliikkeit\u00e4, telinevoimistelua ja pyramideja.<br \/>\nVoimisteluharrastajista parhaiten selviytyneet p\u00e4\u00e4siv\u00e4t esiintym\u00e4\u00e4n iltamissa. Iltamien lipputuloilla py\u00f6ritettiin seuran toimintaa. Harrastuksiin on kuulunut my\u00f6s pes\u00e4pallo ja paini. Pes\u00e4pallo sai suosiota vuonna 1956 valmistuneen uuden koulun kent\u00e4ll\u00e4. 1970-Luvulla pes\u00e4palloharrastus alkoi hiipua. 1980-Lukua voi jo kuvata varsinaiseksi hiljaiseloksi.<br \/>\nNuorten j\u00e4\u00e4kiekkoinnostus on kest\u00e4nyt vuodesta 1970 kun kaukaloon hankittiin laidat. Nuorison h\u00e4vitess\u00e4 kyl\u00e4lt\u00e4 j\u00e4\u00e4kiekkoharrastuskin hiipui. Vuonna 2003 kaukalon laidat olivat viimeisen kerran.<\/p>\n<p>Hiihtoharrastus on jatkunut v\u00e4lill\u00e4 vilkkaampana ja v\u00e4lill\u00e4 hiljaisempana. Vuonna 1991 harrastus vilkastui uudelleen kun saatiin talkoilla uusi kahden kilometrin kuntorata, jota yritys k\u00e4vi pit\u00e4m\u00e4\u00e4n koneellisesti kunnossa. Siihen valaistus saatiin vuonna 1992. T\u00e4m\u00e4n reitin varrella voit pit\u00e4\u00e4 taukoa laavulla.<\/p>\n<p>Vuonna 1997 latuverkostoa pidennettiin. Perustettiin kaksi reitti\u00e4, H\u00e4t\u00e4m\u00e4en lenkki 12 km ja Jyrkil\u00e4n lenkki 8 km. Vuonna 2005 j\u00e4i Jyrkil\u00e4n lenkki pois ja sen sijaan tehtiin Mikkolanniemelle v\u00e4lilatu. Tarnalan ja Mikkolanniemen latujen yhdist\u00e4misell\u00e4 saatiin yli 30 km hiihtolenkki. Samalla saatiin uusittu Lassin-lenkin hiihtolatu. Latujen avaajina on parhaimmillaan ollut 11 kelkkamiest\u00e4.<\/p>\n<div id=\"attachment_41\" style=\"width: 475px\" class=\"wp-caption alignnone\"><a href=\"https:\/\/kylat.ekarjala.fi\/tarnala\/wp-content\/uploads\/sites\/13\/2011\/08\/tarnalanyritys.jpg\"><img loading=\"lazy\" decoding=\"async\" aria-describedby=\"caption-attachment-41\" class=\"size-full wp-image-41\" src=\"https:\/\/kylat.ekarjala.fi\/tarnala\/wp-content\/uploads\/sites\/13\/2011\/08\/tarnalanyritys.jpg\" alt=\"\" width=\"465\" height=\"381\" \/><\/a><p id=\"caption-attachment-41\" class=\"wp-caption-text\">Tarnalan yrityksen talkoomiehet pit\u00e4v\u00e4t latuja auki aina mahdollisuuksien mukaan.<\/p><\/div>\n<p>&nbsp;<\/p>\n","protected":false},"excerpt":{"rendered":"<p>Historia Voimistelu- ja Urheiluseura yritys ry on paikkakunnan vanhin urheiluseura. Opettaja Einari Tiaisen aloitteesta syyskuun 26. p\u00e4iv\u00e4n\u00e4 vuonna 1910 kokoontui joukko nuoria miehi\u00e4 silloisen Parikkalan Tarnalan kansakoululle keskustelemaan voimisteluseuran perustamisesta. Aluksi p\u00e4\u00e4paino oli voimistelussa ja hiihdossa. Miehet suorittivat vapaaliikkeit\u00e4, telinevoimistelua &hellip; <a href=\"https:\/\/kylat.ekarjala.fi\/tarnala\/tarnalan-yritys\/\">Lue loppuun <span class=\"meta-nav\">&rarr;<\/span><\/a><\/p>\n","protected":false},"author":20,"featured_media":0,"parent":0,"menu_order":0,"comment_status":"closed","ping_status":"open","template":"","meta":{"footnotes":""},"class_list":["post-40","page","type-page","status-publish","hentry"],"_links":{"self":[{"href":"https:\/\/kylat.ekarjala.fi\/tarnala\/wp-json\/wp\/v2\/pages\/40","targetHints":{"allow":["GET"]}}],"collection":[{"href":"https:\/\/kylat.ekarjala.fi\/tarnala\/wp-json\/wp\/v2\/pages"}],"about":[{"href":"https:\/\/kylat.ekarjala.fi\/tarnala\/wp-json\/wp\/v2\/types\/page"}],"author":[{"embeddable":true,"href":"https:\/\/kylat.ekarjala.fi\/tarnala\/wp-json\/wp\/v2\/users\/20"}],"replies":[{"embeddable":true,"href":"https:\/\/kylat.ekarjala.fi\/tarnala\/wp-json\/wp\/v2\/comments?post=40"}],"version-history":[{"count":3,"href":"https:\/\/kylat.ekarjala.fi\/tarnala\/wp-json\/wp\/v2\/pages\/40\/revisions"}],"predecessor-version":[{"id":43,"href":"https:\/\/kylat.ekarjala.fi\/tarnala\/wp-json\/wp\/v2\/pages\/40\/revisions\/43"}],"wp:attachment":[{"href":"https:\/\/kylat.ekarjala.fi\/tarnala\/wp-json\/wp\/v2\/media?parent=40"}],"curies":[{"name":"wp","href":"https:\/\/api.w.org\/{rel}","templated":true}]}}