{"id":1045,"date":"2014-09-08T10:25:24","date_gmt":"2014-09-08T10:25:24","guid":{"rendered":"https:\/\/kylat.ekarjala.fi\/tpkkylayhdistys\/?page_id=1045"},"modified":"2026-01-16T09:39:55","modified_gmt":"2026-01-16T09:39:55","slug":"kylaavustaja","status":"publish","type":"page","link":"https:\/\/kylat.ekarjala.fi\/tpkkylayhdistys\/kylaavustaja\/","title":{"rendered":"Kyl\u00e4avustaja"},"content":{"rendered":"<p>KYL\u00c4AVUSTAJAA ei t\u00e4ll\u00e4 hetkell\u00e4 ole.<\/p>\n","protected":false},"excerpt":{"rendered":"<p>KYL\u00c4AVUSTAJAA ei t\u00e4ll\u00e4 hetkell\u00e4 ole.<\/p>\n","protected":false},"author":100,"featured_media":0,"parent":0,"menu_order":0,"comment_status":"open","ping_status":"closed","template":"","meta":{"footnotes":""},"class_list":["post-1045","page","type-page","status-publish","hentry"],"_links":{"self":[{"href":"https:\/\/kylat.ekarjala.fi\/tpkkylayhdistys\/wp-json\/wp\/v2\/pages\/1045","targetHints":{"allow":["GET"]}}],"collection":[{"href":"https:\/\/kylat.ekarjala.fi\/tpkkylayhdistys\/wp-json\/wp\/v2\/pages"}],"about":[{"href":"https:\/\/kylat.ekarjala.fi\/tpkkylayhdistys\/wp-json\/wp\/v2\/types\/page"}],"author":[{"embeddable":true,"href":"https:\/\/kylat.ekarjala.fi\/tpkkylayhdistys\/wp-json\/wp\/v2\/users\/100"}],"replies":[{"embeddable":true,"href":"https:\/\/kylat.ekarjala.fi\/tpkkylayhdistys\/wp-json\/wp\/v2\/comments?post=1045"}],"version-history":[{"count":15,"href":"https:\/\/kylat.ekarjala.fi\/tpkkylayhdistys\/wp-json\/wp\/v2\/pages\/1045\/revisions"}],"predecessor-version":[{"id":2353,"href":"https:\/\/kylat.ekarjala.fi\/tpkkylayhdistys\/wp-json\/wp\/v2\/pages\/1045\/revisions\/2353"}],"wp:attachment":[{"href":"https:\/\/kylat.ekarjala.fi\/tpkkylayhdistys\/wp-json\/wp\/v2\/media?parent=1045"}],"curies":[{"name":"wp","href":"https:\/\/api.w.org\/{rel}","templated":true}]}}