{"id":1076,"date":"2014-10-13T10:25:09","date_gmt":"2014-10-13T10:25:09","guid":{"rendered":"https:\/\/kylat.ekarjala.fi\/tpkkylayhdistys\/?page_id=1076"},"modified":"2015-02-09T12:37:13","modified_gmt":"2015-02-09T12:37:13","slug":"tapahtumat-3","status":"publish","type":"page","link":"https:\/\/kylat.ekarjala.fi\/tpkkylayhdistys\/tapahtumat-3\/","title":{"rendered":"Tapahtumat"},"content":{"rendered":"<p>Taipalsaaren kirkonkyl\u00e4ll\u00e4 j\u00e4rjestet\u00e4\u00e4n useita vuosittain toistuvia tapahtumia, joista t\u00e4rkeimpi\u00e4 ovat <a href=\"https:\/\/kylat.ekarjala.fi\/tpkkylayhdistys\/tapahtumat-3\/rantakalailta-3\/\">rantakalailta<\/a>, <a href=\"https:\/\/kylat.ekarjala.fi\/tpkkylayhdistys\/tapahtumat-3\/kylakavely\/\">kyl\u00e4k\u00e4vely<\/a>, juhannuskokko ja siivoustalkoot.<\/p>\n<p>&nbsp;<\/p>\n","protected":false},"excerpt":{"rendered":"<p>Taipalsaaren kirkonkyl\u00e4ll\u00e4 j\u00e4rjestet\u00e4\u00e4n useita vuosittain toistuvia tapahtumia, joista t\u00e4rkeimpi\u00e4 ovat rantakalailta, kyl\u00e4k\u00e4vely, juhannuskokko ja siivoustalkoot. &nbsp;<\/p>\n","protected":false},"author":100,"featured_media":0,"parent":0,"menu_order":0,"comment_status":"open","ping_status":"closed","template":"","meta":{"footnotes":""},"class_list":["post-1076","page","type-page","status-publish","hentry"],"_links":{"self":[{"href":"https:\/\/kylat.ekarjala.fi\/tpkkylayhdistys\/wp-json\/wp\/v2\/pages\/1076","targetHints":{"allow":["GET"]}}],"collection":[{"href":"https:\/\/kylat.ekarjala.fi\/tpkkylayhdistys\/wp-json\/wp\/v2\/pages"}],"about":[{"href":"https:\/\/kylat.ekarjala.fi\/tpkkylayhdistys\/wp-json\/wp\/v2\/types\/page"}],"author":[{"embeddable":true,"href":"https:\/\/kylat.ekarjala.fi\/tpkkylayhdistys\/wp-json\/wp\/v2\/users\/100"}],"replies":[{"embeddable":true,"href":"https:\/\/kylat.ekarjala.fi\/tpkkylayhdistys\/wp-json\/wp\/v2\/comments?post=1076"}],"version-history":[{"count":3,"href":"https:\/\/kylat.ekarjala.fi\/tpkkylayhdistys\/wp-json\/wp\/v2\/pages\/1076\/revisions"}],"predecessor-version":[{"id":1198,"href":"https:\/\/kylat.ekarjala.fi\/tpkkylayhdistys\/wp-json\/wp\/v2\/pages\/1076\/revisions\/1198"}],"wp:attachment":[{"href":"https:\/\/kylat.ekarjala.fi\/tpkkylayhdistys\/wp-json\/wp\/v2\/media?parent=1076"}],"curies":[{"name":"wp","href":"https:\/\/api.w.org\/{rel}","templated":true}]}}