{"id":1078,"date":"2014-10-15T10:25:16","date_gmt":"2014-10-15T10:25:16","guid":{"rendered":"https:\/\/kylat.ekarjala.fi\/tpkkylayhdistys\/?page_id=1078"},"modified":"2026-02-04T22:33:31","modified_gmt":"2026-02-04T22:33:31","slug":"kylakavely","status":"publish","type":"page","link":"https:\/\/kylat.ekarjala.fi\/tpkkylayhdistys\/tapahtumat-3\/kylakavely\/","title":{"rendered":"Kyl\u00e4k\u00e4vely"},"content":{"rendered":"\n<div class=\"wp-block-group\"><div class=\"wp-block-group__inner-container is-layout-constrained wp-block-group-is-layout-constrained\">\n<p>J\u00e4rjest\u00e4mme kyl\u00e4k\u00e4velyit\u00e4, joilla tutustumme l\u00e4hist\u00f6n kauniisiin luontokohteisiin tai vaikkapa alueen yritt\u00e4jiin.<\/p>\n<\/div><\/div>\n\n\n\n<p>27.6.2025 teimme kyl\u00e4k\u00e4velyn Kirkonkyl\u00e4ll\u00e4 yhteisty\u00f6ss\u00e4 Taipalsaaren juurilla -hankkeen kanssa. K\u00e4yntikohteet opastettuina olivat kirkko (Samuli Kurkaa), R\u00f6ytty (Aure Niiva), viljamakasiini (Helena Kemil\u00e4inen) ja vanha pappila (Helena Kemil\u00e4inen ja asukkaat).<\/p>\n\n\n\n<p>Pappilan uudet omistajat Antti ja Emma Lehtonen perheineen ottivat noin 70 vierailijaa vastaan. Pihapiirin lis\u00e4ksi saimme tutustua sis\u00e4tiloihinkin, jonne perhe oli j\u00e4rjest\u00e4nyt tarjoilut. L\u00e4mpim\u00e4t kiitokset!<\/p>\n\n\n\n<figure class=\"wp-block-image size-large\"><a href=\"https:\/\/kylat.ekarjala.fi\/tpkkylayhdistys\/wp-content\/uploads\/sites\/40\/2026\/02\/Nayttokuva-15667.png\"><img loading=\"lazy\" decoding=\"async\" width=\"1024\" height=\"764\" src=\"https:\/\/kylat.ekarjala.fi\/tpkkylayhdistys\/wp-content\/uploads\/sites\/40\/2026\/02\/Nayttokuva-15667-1024x764.png\" alt=\"\" class=\"wp-image-2368\" srcset=\"https:\/\/kylat.ekarjala.fi\/tpkkylayhdistys\/wp-content\/uploads\/sites\/40\/2026\/02\/Nayttokuva-15667-1024x764.png 1024w, https:\/\/kylat.ekarjala.fi\/tpkkylayhdistys\/wp-content\/uploads\/sites\/40\/2026\/02\/Nayttokuva-15667-300x224.png 300w, https:\/\/kylat.ekarjala.fi\/tpkkylayhdistys\/wp-content\/uploads\/sites\/40\/2026\/02\/Nayttokuva-15667-768x573.png 768w, https:\/\/kylat.ekarjala.fi\/tpkkylayhdistys\/wp-content\/uploads\/sites\/40\/2026\/02\/Nayttokuva-15667.png 1224w\" sizes=\"auto, (max-width: 1024px) 100vw, 1024px\" \/><\/a><\/figure>\n\n\n\n<p>Viljamakasiinin historiaa.<\/p>\n\n\n\n<figure class=\"wp-block-image size-large\"><a href=\"https:\/\/kylat.ekarjala.fi\/tpkkylayhdistys\/wp-content\/uploads\/sites\/40\/2026\/02\/Screenshot_20260204_213652_com_google_android_gm_GmailPhotoViewActivity-1.jpg\"><img loading=\"lazy\" decoding=\"async\" width=\"1024\" height=\"676\" src=\"https:\/\/kylat.ekarjala.fi\/tpkkylayhdistys\/wp-content\/uploads\/sites\/40\/2026\/02\/Screenshot_20260204_213652_com_google_android_gm_GmailPhotoViewActivity-1-1024x676.jpg\" alt=\"\" class=\"wp-image-2369\" srcset=\"https:\/\/kylat.ekarjala.fi\/tpkkylayhdistys\/wp-content\/uploads\/sites\/40\/2026\/02\/Screenshot_20260204_213652_com_google_android_gm_GmailPhotoViewActivity-1-1024x676.jpg 1024w, https:\/\/kylat.ekarjala.fi\/tpkkylayhdistys\/wp-content\/uploads\/sites\/40\/2026\/02\/Screenshot_20260204_213652_com_google_android_gm_GmailPhotoViewActivity-1-300x198.jpg 300w, https:\/\/kylat.ekarjala.fi\/tpkkylayhdistys\/wp-content\/uploads\/sites\/40\/2026\/02\/Screenshot_20260204_213652_com_google_android_gm_GmailPhotoViewActivity-1-768x507.jpg 768w, https:\/\/kylat.ekarjala.fi\/tpkkylayhdistys\/wp-content\/uploads\/sites\/40\/2026\/02\/Screenshot_20260204_213652_com_google_android_gm_GmailPhotoViewActivity-1.jpg 1500w\" sizes=\"auto, (max-width: 1024px) 100vw, 1024px\" \/><\/a><\/figure>\n\n\n\n<p>Vanhan pappilan takapihalla.<\/p>\n","protected":false},"excerpt":{"rendered":"<p>J\u00e4rjest\u00e4mme kyl\u00e4k\u00e4velyit\u00e4, joilla tutustumme l\u00e4hist\u00f6n kauniisiin luontokohteisiin tai vaikkapa alueen yritt\u00e4jiin. 27.6.2025 teimme kyl\u00e4k\u00e4velyn Kirkonkyl\u00e4ll\u00e4 yhteisty\u00f6ss\u00e4 Taipalsaaren juurilla -hankkeen kanssa. K\u00e4yntikohteet opastettuina olivat kirkko (Samuli Kurkaa), R\u00f6ytty (Aure Niiva), viljamakasiini (Helena Kemil\u00e4inen) ja vanha pappila (Helena Kemil\u00e4inen ja asukkaat). Pappilan &hellip; <a href=\"https:\/\/kylat.ekarjala.fi\/tpkkylayhdistys\/tapahtumat-3\/kylakavely\/\">Lue loppuun <span class=\"meta-nav\">&rarr;<\/span><\/a><\/p>\n","protected":false},"author":100,"featured_media":0,"parent":1076,"menu_order":2,"comment_status":"open","ping_status":"closed","template":"","meta":{"footnotes":""},"class_list":["post-1078","page","type-page","status-publish","hentry"],"_links":{"self":[{"href":"https:\/\/kylat.ekarjala.fi\/tpkkylayhdistys\/wp-json\/wp\/v2\/pages\/1078","targetHints":{"allow":["GET"]}}],"collection":[{"href":"https:\/\/kylat.ekarjala.fi\/tpkkylayhdistys\/wp-json\/wp\/v2\/pages"}],"about":[{"href":"https:\/\/kylat.ekarjala.fi\/tpkkylayhdistys\/wp-json\/wp\/v2\/types\/page"}],"author":[{"embeddable":true,"href":"https:\/\/kylat.ekarjala.fi\/tpkkylayhdistys\/wp-json\/wp\/v2\/users\/100"}],"replies":[{"embeddable":true,"href":"https:\/\/kylat.ekarjala.fi\/tpkkylayhdistys\/wp-json\/wp\/v2\/comments?post=1078"}],"version-history":[{"count":20,"href":"https:\/\/kylat.ekarjala.fi\/tpkkylayhdistys\/wp-json\/wp\/v2\/pages\/1078\/revisions"}],"predecessor-version":[{"id":2371,"href":"https:\/\/kylat.ekarjala.fi\/tpkkylayhdistys\/wp-json\/wp\/v2\/pages\/1078\/revisions\/2371"}],"up":[{"embeddable":true,"href":"https:\/\/kylat.ekarjala.fi\/tpkkylayhdistys\/wp-json\/wp\/v2\/pages\/1076"}],"wp:attachment":[{"href":"https:\/\/kylat.ekarjala.fi\/tpkkylayhdistys\/wp-json\/wp\/v2\/media?parent=1078"}],"curies":[{"name":"wp","href":"https:\/\/api.w.org\/{rel}","templated":true}]}}