{"id":11,"date":"2012-01-16T12:59:10","date_gmt":"2012-01-16T12:59:10","guid":{"rendered":"https:\/\/kylat.ekarjala.fi\/tpkkylayhdistys\/?page_id=11"},"modified":"2017-03-20T18:48:24","modified_gmt":"2017-03-20T18:48:24","slug":"kylayhdistys","status":"publish","type":"page","link":"https:\/\/kylat.ekarjala.fi\/tpkkylayhdistys\/kylayhdistys\/","title":{"rendered":"Kyl\u00e4yhdistys"},"content":{"rendered":"<p>Taipalsaaren kirkonkyl\u00e4n kyl\u00e4yhdistys ry kotipaikka on Taipalsaari ja sen toiminta-alueena ovat Kirkonkyl\u00e4, Taipale, Muukkola, Telkk\u00e4l\u00e4, Lehtola ja osia Heikkolan ja Jauhialan kylist\u00e4.<\/p>\n<p>Kyl\u00e4yhdistyksen tarkoituksena on edist\u00e4\u00e4 kylien asukkaiden yhteisty\u00f6t\u00e4 ja omatoimisuutta, kylien elinkelpoisuutta ja viihtyvyytt\u00e4 sek\u00e4 toimia kylien edunvalvojana. Se osallistuu kyli\u00e4 koskevaan suunnitteluun ja hankkeiden toteutukseen sek\u00e4 pyrkii vaikuttamaan p\u00e4\u00e4t\u00f6ksentekoon eri organisaatioissa. Se tekee aloitteita ja esityksi\u00e4, antaa lausuntoja viranomaisille ja muille j\u00e4rjest\u00f6ille sek\u00e4 osallistu kylien kehitt\u00e4mistoimintaa. Se j\u00e4rjest\u00e4\u00e4 kyl\u00e4kokouksia, juhla-, kilpailu-, retki- ym. tapahtumia ja tiedottaa toiminnastaan.<\/p>\n<p><a href=\"https:\/\/kylat.ekarjala.fi\/tpkkylayhdistys\/kylayhdistys\/saannot-25-5-2014\/\" rel=\"attachment wp-att-1554\">s\u00e4\u00e4nn\u00f6t 25.5.2014<\/a><\/p>\n","protected":false},"excerpt":{"rendered":"<p>Taipalsaaren kirkonkyl\u00e4n kyl\u00e4yhdistys ry kotipaikka on Taipalsaari ja sen toiminta-alueena ovat Kirkonkyl\u00e4, Taipale, Muukkola, Telkk\u00e4l\u00e4, Lehtola ja osia Heikkolan ja Jauhialan kylist\u00e4. Kyl\u00e4yhdistyksen tarkoituksena on edist\u00e4\u00e4 kylien asukkaiden yhteisty\u00f6t\u00e4 ja omatoimisuutta, kylien elinkelpoisuutta ja viihtyvyytt\u00e4 sek\u00e4 toimia kylien edunvalvojana. Se &hellip; <a href=\"https:\/\/kylat.ekarjala.fi\/tpkkylayhdistys\/kylayhdistys\/\">Lue loppuun <span class=\"meta-nav\">&rarr;<\/span><\/a><\/p>\n","protected":false},"author":100,"featured_media":0,"parent":0,"menu_order":0,"comment_status":"closed","ping_status":"open","template":"","meta":{"footnotes":""},"class_list":["post-11","page","type-page","status-publish","hentry"],"_links":{"self":[{"href":"https:\/\/kylat.ekarjala.fi\/tpkkylayhdistys\/wp-json\/wp\/v2\/pages\/11","targetHints":{"allow":["GET"]}}],"collection":[{"href":"https:\/\/kylat.ekarjala.fi\/tpkkylayhdistys\/wp-json\/wp\/v2\/pages"}],"about":[{"href":"https:\/\/kylat.ekarjala.fi\/tpkkylayhdistys\/wp-json\/wp\/v2\/types\/page"}],"author":[{"embeddable":true,"href":"https:\/\/kylat.ekarjala.fi\/tpkkylayhdistys\/wp-json\/wp\/v2\/users\/100"}],"replies":[{"embeddable":true,"href":"https:\/\/kylat.ekarjala.fi\/tpkkylayhdistys\/wp-json\/wp\/v2\/comments?post=11"}],"version-history":[{"count":5,"href":"https:\/\/kylat.ekarjala.fi\/tpkkylayhdistys\/wp-json\/wp\/v2\/pages\/11\/revisions"}],"predecessor-version":[{"id":1556,"href":"https:\/\/kylat.ekarjala.fi\/tpkkylayhdistys\/wp-json\/wp\/v2\/pages\/11\/revisions\/1556"}],"wp:attachment":[{"href":"https:\/\/kylat.ekarjala.fi\/tpkkylayhdistys\/wp-json\/wp\/v2\/media?parent=11"}],"curies":[{"name":"wp","href":"https:\/\/api.w.org\/{rel}","templated":true}]}}