{"id":1193,"date":"2015-02-09T12:31:21","date_gmt":"2015-02-09T12:31:21","guid":{"rendered":"https:\/\/kylat.ekarjala.fi\/tpkkylayhdistys\/?page_id=1193"},"modified":"2024-10-05T16:43:09","modified_gmt":"2024-10-05T16:43:09","slug":"muut-tapahtumat","status":"publish","type":"page","link":"https:\/\/kylat.ekarjala.fi\/tpkkylayhdistys\/tapahtumat-3\/muut-tapahtumat\/","title":{"rendered":"Muut tapahtumat"},"content":{"rendered":"<p><a href=\"http:\/\/kuvapankki.ekarjala.fi\/main.php?g2_itemId=21610\" target=\"_blank\" rel=\"noopener noreferrer\"><img loading=\"lazy\" decoding=\"async\" class=\"alignleft wp-image-912 size-thumbnail\" src=\"https:\/\/kylat.ekarjala.fi\/tpkkylayhdistys\/wp-content\/uploads\/sites\/40\/2014\/06\/IMG_0186-150x150.jpg\" alt=\"IMG_0186\" width=\"150\" height=\"150\" \/><\/a>J\u00e4rjest\u00e4mme vuosittain rantakalaillan ja kyl\u00e4k\u00e4velyiden lis\u00e4ksi useita muita tapahtumia. Vuosittain toistuvia niist\u00e4 ovat siivoustalkoot, juhannuskokko ja vuodenvaihteen ilotulitus.<\/p>\n<p>Kyl\u00e4yhdistys toimii R\u00f6ytyn kahvion vastuuyhdistyksen\u00e4, lis\u00e4ksi j\u00e4rjest\u00e4mme R\u00f6ytyss\u00e4 vuosittain Kansallispukup\u00e4iv\u00e4n.<\/p>\n<p>&nbsp;<\/p>\n<p>&nbsp;<\/p>\n","protected":false},"excerpt":{"rendered":"<p>J\u00e4rjest\u00e4mme vuosittain rantakalaillan ja kyl\u00e4k\u00e4velyiden lis\u00e4ksi useita muita tapahtumia. Vuosittain toistuvia niist\u00e4 ovat siivoustalkoot, juhannuskokko ja vuodenvaihteen ilotulitus. Kyl\u00e4yhdistys toimii R\u00f6ytyn kahvion vastuuyhdistyksen\u00e4, lis\u00e4ksi j\u00e4rjest\u00e4mme R\u00f6ytyss\u00e4 vuosittain Kansallispukup\u00e4iv\u00e4n. &nbsp; &nbsp;<\/p>\n","protected":false},"author":100,"featured_media":0,"parent":1076,"menu_order":3,"comment_status":"open","ping_status":"closed","template":"","meta":{"footnotes":""},"class_list":["post-1193","page","type-page","status-publish","hentry"],"_links":{"self":[{"href":"https:\/\/kylat.ekarjala.fi\/tpkkylayhdistys\/wp-json\/wp\/v2\/pages\/1193","targetHints":{"allow":["GET"]}}],"collection":[{"href":"https:\/\/kylat.ekarjala.fi\/tpkkylayhdistys\/wp-json\/wp\/v2\/pages"}],"about":[{"href":"https:\/\/kylat.ekarjala.fi\/tpkkylayhdistys\/wp-json\/wp\/v2\/types\/page"}],"author":[{"embeddable":true,"href":"https:\/\/kylat.ekarjala.fi\/tpkkylayhdistys\/wp-json\/wp\/v2\/users\/100"}],"replies":[{"embeddable":true,"href":"https:\/\/kylat.ekarjala.fi\/tpkkylayhdistys\/wp-json\/wp\/v2\/comments?post=1193"}],"version-history":[{"count":8,"href":"https:\/\/kylat.ekarjala.fi\/tpkkylayhdistys\/wp-json\/wp\/v2\/pages\/1193\/revisions"}],"predecessor-version":[{"id":2305,"href":"https:\/\/kylat.ekarjala.fi\/tpkkylayhdistys\/wp-json\/wp\/v2\/pages\/1193\/revisions\/2305"}],"up":[{"embeddable":true,"href":"https:\/\/kylat.ekarjala.fi\/tpkkylayhdistys\/wp-json\/wp\/v2\/pages\/1076"}],"wp:attachment":[{"href":"https:\/\/kylat.ekarjala.fi\/tpkkylayhdistys\/wp-json\/wp\/v2\/media?parent=1193"}],"curies":[{"name":"wp","href":"https:\/\/api.w.org\/{rel}","templated":true}]}}