{"id":13,"date":"2012-01-16T12:58:54","date_gmt":"2012-01-16T12:58:54","guid":{"rendered":"https:\/\/kylat.ekarjala.fi\/tpkkylayhdistys\/?page_id=13"},"modified":"2024-10-02T15:22:53","modified_gmt":"2024-10-02T15:22:53","slug":"hallitus","status":"publish","type":"page","link":"https:\/\/kylat.ekarjala.fi\/tpkkylayhdistys\/kylayhdistys\/hallitus\/","title":{"rendered":"Hallitus"},"content":{"rendered":"<p>Taipalsaaren Kirkonkyl\u00e4n kyl\u00e4yhdistys ry, hallituksen kokoonpano 2024:<\/p>\n<ul>\n<li>Osmo Laine, puheenjohtaja, p.0505547066<\/li>\n<li>Sami Sepp\u00e4l\u00e4inen, varapuheenjohtaja<\/li>\n<li>Aure Niiva, sihteeri, rahastonhoitaja, R\u00f6ytyn kahviovastaava, p. 0504030351<\/li>\n<li>Seija Turppo<\/li>\n<li>Kirsti Juvakka<\/li>\n<li>Hanne Sepp\u00e4l\u00e4inen<\/li>\n<\/ul>\n<p>&nbsp;<\/p>\n<p>Vuosikokous<a title=\"P\u00f6yt\u00e4kirjat\" href=\"https:\/\/kylat.ekarjala.fi\/tpkkylayhdistys\/kylayhdistys\/hallitus\/poytakirjat\/\" target=\"_blank\" rel=\"noopener noreferrer\">p\u00f6yt\u00e4kirjat.<\/a><\/p>\n","protected":false},"excerpt":{"rendered":"<p>Taipalsaaren Kirkonkyl\u00e4n kyl\u00e4yhdistys ry, hallituksen kokoonpano 2024: Osmo Laine, puheenjohtaja, p.0505547066 Sami Sepp\u00e4l\u00e4inen, varapuheenjohtaja Aure Niiva, sihteeri, rahastonhoitaja, R\u00f6ytyn kahviovastaava, p. 0504030351 Seija Turppo Kirsti Juvakka Hanne Sepp\u00e4l\u00e4inen &nbsp; Vuosikokousp\u00f6yt\u00e4kirjat.<\/p>\n","protected":false},"author":100,"featured_media":0,"parent":11,"menu_order":0,"comment_status":"closed","ping_status":"open","template":"","meta":{"footnotes":""},"class_list":["post-13","page","type-page","status-publish","hentry"],"_links":{"self":[{"href":"https:\/\/kylat.ekarjala.fi\/tpkkylayhdistys\/wp-json\/wp\/v2\/pages\/13","targetHints":{"allow":["GET"]}}],"collection":[{"href":"https:\/\/kylat.ekarjala.fi\/tpkkylayhdistys\/wp-json\/wp\/v2\/pages"}],"about":[{"href":"https:\/\/kylat.ekarjala.fi\/tpkkylayhdistys\/wp-json\/wp\/v2\/types\/page"}],"author":[{"embeddable":true,"href":"https:\/\/kylat.ekarjala.fi\/tpkkylayhdistys\/wp-json\/wp\/v2\/users\/100"}],"replies":[{"embeddable":true,"href":"https:\/\/kylat.ekarjala.fi\/tpkkylayhdistys\/wp-json\/wp\/v2\/comments?post=13"}],"version-history":[{"count":20,"href":"https:\/\/kylat.ekarjala.fi\/tpkkylayhdistys\/wp-json\/wp\/v2\/pages\/13\/revisions"}],"predecessor-version":[{"id":2300,"href":"https:\/\/kylat.ekarjala.fi\/tpkkylayhdistys\/wp-json\/wp\/v2\/pages\/13\/revisions\/2300"}],"up":[{"embeddable":true,"href":"https:\/\/kylat.ekarjala.fi\/tpkkylayhdistys\/wp-json\/wp\/v2\/pages\/11"}],"wp:attachment":[{"href":"https:\/\/kylat.ekarjala.fi\/tpkkylayhdistys\/wp-json\/wp\/v2\/media?parent=13"}],"curies":[{"name":"wp","href":"https:\/\/api.w.org\/{rel}","templated":true}]}}