{"id":1558,"date":"2017-03-20T18:52:07","date_gmt":"2017-03-20T18:52:07","guid":{"rendered":"https:\/\/kylat.ekarjala.fi\/tpkkylayhdistys\/?page_id=1558"},"modified":"2017-03-20T18:52:16","modified_gmt":"2017-03-20T18:52:16","slug":"saannot","status":"publish","type":"page","link":"https:\/\/kylat.ekarjala.fi\/tpkkylayhdistys\/saannot\/","title":{"rendered":"S\u00e4\u00e4nn\u00f6t"},"content":{"rendered":"<p><a href=\"https:\/\/kylat.ekarjala.fi\/tpkkylayhdistys\/kylayhdistys\/saannot-25-5-2014\/\" rel=\"attachment wp-att-1554\">s\u00e4\u00e4nn\u00f6t 25.5.2014<\/a><\/p>\n","protected":false},"excerpt":{"rendered":"<p>s\u00e4\u00e4nn\u00f6t 25.5.2014<\/p>\n","protected":false},"author":100,"featured_media":0,"parent":0,"menu_order":0,"comment_status":"closed","ping_status":"closed","template":"","meta":{"footnotes":""},"class_list":["post-1558","page","type-page","status-publish","hentry"],"_links":{"self":[{"href":"https:\/\/kylat.ekarjala.fi\/tpkkylayhdistys\/wp-json\/wp\/v2\/pages\/1558","targetHints":{"allow":["GET"]}}],"collection":[{"href":"https:\/\/kylat.ekarjala.fi\/tpkkylayhdistys\/wp-json\/wp\/v2\/pages"}],"about":[{"href":"https:\/\/kylat.ekarjala.fi\/tpkkylayhdistys\/wp-json\/wp\/v2\/types\/page"}],"author":[{"embeddable":true,"href":"https:\/\/kylat.ekarjala.fi\/tpkkylayhdistys\/wp-json\/wp\/v2\/users\/100"}],"replies":[{"embeddable":true,"href":"https:\/\/kylat.ekarjala.fi\/tpkkylayhdistys\/wp-json\/wp\/v2\/comments?post=1558"}],"version-history":[{"count":1,"href":"https:\/\/kylat.ekarjala.fi\/tpkkylayhdistys\/wp-json\/wp\/v2\/pages\/1558\/revisions"}],"predecessor-version":[{"id":1559,"href":"https:\/\/kylat.ekarjala.fi\/tpkkylayhdistys\/wp-json\/wp\/v2\/pages\/1558\/revisions\/1559"}],"wp:attachment":[{"href":"https:\/\/kylat.ekarjala.fi\/tpkkylayhdistys\/wp-json\/wp\/v2\/media?parent=1558"}],"curies":[{"name":"wp","href":"https:\/\/api.w.org\/{rel}","templated":true}]}}