{"id":165,"date":"2012-04-17T15:00:02","date_gmt":"2012-04-17T15:00:02","guid":{"rendered":"https:\/\/kylat.ekarjala.fi\/tpkkylayhdistys\/?page_id=165"},"modified":"2017-04-25T18:16:16","modified_gmt":"2017-04-25T18:16:16","slug":"kylasuunnitelma","status":"publish","type":"page","link":"https:\/\/kylat.ekarjala.fi\/tpkkylayhdistys\/kylayhdistys\/kylasuunnitelma\/","title":{"rendered":"Kyl\u00e4suunnitelma"},"content":{"rendered":"<p>VAHVUUDET<br \/>\nTaipalsaaren Kirkonkyl\u00e4n alueen vahvuutena on ollut suotuisa ik\u00e4rakenne sek\u00e4 Kirkonkyl\u00e4n palvelut. Lyhyt matka, hyv\u00e4\u00a0maantie sek\u00e4 kevyen liikenteen v\u00e4yl\u00e4\u00a0ja julkiset liikenneyhteydet Lappeenrantaan ovat helpottaneet asiointia ja ty\u00f6ss\u00e4k\u00e4ynti\u00e4 sek\u00e4 houkutelleet alueelle asukkaita. Kirkonkyl\u00e4n alueella on uusi asuinalue Pappilanniemi, jossa on viel\u00e4 runsaasti tontteja myyt\u00e4v\u00e4n\u00e4. \u00a0 \u00a0 \u00a0 \u00a0 \u00a0 \u00a0 \u00a0 \u00a0 \u00a0 \u00a0 \u00a0 \u00a0 \u00a0 \u00a0 \u00a0 \u00a0 \u00a0 \u00a0 \u00a0 \u00a0 \u00a0 \u00a0 \u00a0 \u00a0 \u00a0 \u00a0 \u00a0 \u00a0 \u00a0 \u00a0 \u00a0 \u00a0 \u00a0 \u00a0 Taipalsaaren Kirkonkyl\u00e4\u00e4n on keskitetty kunnan hallintopalvelut, kunnantalo, terveyskeskus, \u00a0kuntoutusosasto ja vanhustenhoito. Kirkonkyl\u00e4ss\u00e4 sijaitsevat lis\u00e4ksi p\u00e4iv\u00e4koti, esikoulu, alakoulu, liikuntahalli ja kuntosali. Kirkonkyl\u00e4ss\u00e4 on\u00a0kauppa ja sen yhteydess\u00e4 Schenker- pakettien noutopiste. Muita palveluja ovat mm. kolme kampaamoa, kauneushoitola, kolme ravintolaa ja polttoaineen myynti itsepalveluna.\u00a0Kes\u00e4isin ja joulun aikaan\u00a0 yhdistykset pit\u00e4v\u00e4t kahviota ja Taipalsaaren k\u00e4sity\u00f6l\u00e4iset myyntin\u00e4yttely\u00e4 kotiseututalo R\u00f6ytyss\u00e4. Kyl\u00e4yhdistyksen alueella on j\u00e4\u00e4kiekkokaukalo, kolme uimarantaa sek\u00e4 seurantalo V\u00e4in\u00f6l\u00e4, mik\u00e4 on varsin suosittu juhlien pitopaikka ja toimii my\u00f6s harrastajien liikuntatilana. Kirkonrannassa on kaksi lukollista venelaituria ja vierasvenesatama.\u00a0Vahvuutena voidaan pit\u00e4\u00e4 lis\u00e4ksi hienoja maisemia sek\u00e4 historiallisesti arvokkaita rakennuksia. 1754 rakennettu puukirkkomme on Etel\u00e4-Karjalan vanhin.<\/p>\n<p>HEIKKOUDET<br \/>\nHeikkoutena voidaan pit\u00e4\u00e4 sit\u00e4, ett\u00e4 monille uusille asukkaille alue on &#8221;vain&#8221; asuinpaikka: he ovat muualta tulleita ja k\u00e4yv\u00e4t t\u00f6iss\u00e4 ja usein harrastuksissakin alueen ulkopuolella. N\u00e4in juurtuminen alueelle tapahtuu hitaasti. T\u00e4st\u00e4 johtuen\u00a0kiinnostus talkoisiin ym. yhteisiin ponnistuksiin on v\u00e4h\u00e4ist\u00e4.<br \/>\nMuuttajat ovat lis\u00e4ksi usein nuoria lapsiperheit\u00e4, joilla riitt\u00e4\u00e4 tekemist\u00e4 omien t\u00f6iden sek\u00e4 lasten harrastusten parissa, yhteisiin asioihin ei tahdo aikaa l\u00f6yty\u00e4.<br \/>\nUHAT<br \/>\nUhkana kyl\u00e4n tulevaisuudelle on palvelujen ja julkisen liikenteen\u00a0v\u00e4heneminen. Pankkipalvelujen loppuminen oli monelle suuri menetys. Nyt ko. palvelut haetaan Lappeenrannasta. Samoin syksyll\u00e4 2016 Postin siirtyminen Saimaanharjulle heikensi Kirkonkyl\u00e4n palveluja. Nykyinen suuntaus, miss\u00e4 kaikki pyrit\u00e4\u00e4n keskitt\u00e4m\u00e4\u00e4n suuriin taajamiin, on l\u00e4hell\u00e4 kaupunkia sijaitsevalle Kirkonkyl\u00e4lle selv\u00e4 uhka.<\/p>\n<p>MAHDOLLISUUDET<br \/>\nTulevaisuudessa Kirkonkyl\u00e4ll\u00e4 olisi hyv\u00e4t mahdollisuudet kehitty\u00e4 sek\u00e4 palveluiltaan ett\u00e4 ymp\u00e4rist\u00f6lt\u00e4\u00e4n entist\u00e4 paremmaksi alueeksi. Uusi asuntoalue Pappilanniemess\u00e4 tuo lis\u00e4\u00e4 ostovoimaa ja vahvistanee mm. kaupan \u00a0ja joukkoliikenteen toimintamahdollisuuksia.<br \/>\nKunnan suunnittelemat kehitt\u00e4mistoimet Kirkonkyl\u00e4n keskustassa parantavat\u00a0onnistuessaan sek\u00e4 liikenteen sujuvuutta ett\u00e4 mahdollisuuksia kehitt\u00e4\u00e4 toritoimintaa alueella. Lis\u00e4ksi ne kehitt\u00e4v\u00e4t alueen matkailullista vetovoimaa.<br \/>\nKoska monet julkiset palvelut alueella sijaitsevat uusissa ajanmukaisissa tiloissa, niiden s\u00e4ilyminen mahdollisessa kuntaliitostilanteessa on todenn\u00e4k\u00f6ist\u00e4. Uudet asukkaat synnytt\u00e4v\u00e4t my\u00f6s lis\u00e4\u00e4 kehitt\u00e4mistarpeita, joista Kirkonkyl\u00e4n koulun laajennus ja liikuntahalli ovat jo toteutuneet. Kunnan alueella on rakennettu vuodesta 2015 alkaen valokaapelia, joka saavuttaa osan asukkaista. Lis\u00e4ksi suunnitteilla on silta Pappilanniemest\u00e4 kirkolle.<\/p>\n<p>Kirkonkyl\u00e4n keskustan ja R\u00f6ytyn alueen yleisilmeen kehitt\u00e4minen ja matkailullisen vetovoiman lis\u00e4\u00e4minen ovat olleet kyl\u00e4yhdistyksen tavoitteena. Mik\u00e4li kunnan suunnittelemat alueen kehitt\u00e4mistoimet nyt etenev\u00e4t, on mahdollista, ett\u00e4 kyl\u00e4yhdistyksen talkooresursseja kaivataan mukaan hankkeeseen. N\u00e4in saataisiin alue asukkaiden k\u00e4ytt\u00f6\u00f6n kauan kaivatuksi olohuoneeksi.<\/p>\n<p>Kirkonkyl\u00e4n kyl\u00e4yhdistys oli aloitteen tekij\u00e4n\u00e4 R\u00f6ytyn kahvilan pidossa. Mukana oli taipalsaarelaisia yhdistyksi\u00e4 kes\u00e4- ja jouluaikana 2013, 2014, 2015 ja 2016. Toiminta jatkuu my\u00f6s tulevana kes\u00e4n\u00e4. \u00a0 \u00a0 \u00a0 \u00a0 \u00a0 \u00a0 \u00a0 \u00a0 \u00a0 \u00a0 \u00a0 \u00a0 \u00a0 \u00a0 \u00a0 \u00a0 \u00a0 \u00a0 \u00a0 \u00a0 \u00a0 \u00a0 \u00a0 \u00a0 \u00a0 \u00a0 \u00a0 \u00a0 \u00a0 \u00a0 \u00a0 \u00a0 \u00a0 \u00a0 \u00a0 \u00a0 \u00a0 \u00a0 \u00a0 \u00a0 \u00a0 \u00a0 \u00a0 \u00a0 \u00a0 \u00a0 \u00a0 \u00a0 \u00a0 R\u00f6ytyn ulkomaalausta on tehty talkoilla, jossa Kirkonkyl\u00e4n kyl\u00e4yhdistys ja Taipalsaaren Lauluveikot ovat olleet aktiivisia.<\/p>\n<p>Toukokuussa kyl\u00e4yhdistys j\u00e4rjest\u00e4\u00e4 perinteisesti siivoustalkoot. Ideana on siivota Kirkonkyl\u00e4n alueita talven j\u00e4ljilt\u00e4 kev\u00e4tkuntoon mahdollisuuksien mukaan \u00e4itienp\u00e4iv\u00e4ksi, ja lis\u00e4t\u00e4 n\u00e4in ollen viihtyisyytt\u00e4. Kyl\u00e4yhdistys tarjoaa talkoolaisille virvokkeita ja purtavaa.<\/p>\n<p>Loppukes\u00e4st\u00e4 j\u00e4rjestett\u00e4v\u00e4 Rantakalailta on vakiinnuttanut paikkansa yhten\u00e4 Taipalsaaren suurimmista kes\u00e4tapahtumista. K\u00e4vij\u00f6it\u00e4 tapahtumassa on ollut\u00a0keskim\u00e4\u00e4rin 300-400. Rantakalaa nautitaan tulevinakin kesin\u00e4.<br \/>\nEsiintyji\u00e4 etsitt\u00e4ess\u00e4\u00a0haetaan taipalsaarelaisuutta kuten m\u00f6kkil\u00e4isyytt\u00e4 tai sukulaisuutta.<\/p>\n<p>Kyl\u00e4yhdistys j\u00e4rjesti elo- ja syysmarkkinat v. 2012\u00a0sek\u00e4 elomarkkinat v.2013. Tavoitteena oli, ett\u00e4 oman kunnan v\u00e4ki voi myyd\u00e4 omia sadonkorjuutuotteitaan perunoista marjoihin ja hilloihin k\u00e4den taitoja unohtamatta. Tapahtuma oli uusi ja etsii viel\u00e4 muotoaan.<\/p>\n<p>Yhdistys j\u00e4rjest\u00e4\u00e4 kes\u00e4isin kyl\u00e4k\u00e4velyn, jonka tarkoituksena on v\u00e4litt\u00e4\u00e4 paikallishistoriaa kaikille kiinnostuneille.<\/p>\n<p>Leikonrannantien ja Niiraskantien v\u00e4linen polku Juha Ahokaisen maalla tehtiin talkoovoimin k\u00e4velytieksi 2015 loppukes\u00e4ll\u00e4. Valaistu lenkkipolku\/hiihtolatu Pappilankankaan ja koulun v\u00e4lille olisi tervetullut lis\u00e4 laajenevan koulun liikuntapaikkoihin. Se palvelisi kaikkia\u00a0alueen asukkaita. Aloite asiasta tehd\u00e4\u00e4n kunnalle. Kyl\u00e4yhdistys voisi tarjota hankkeeseen talkooapua esim. maaston raivaust\u00f6iss\u00e4, jolloin\u00a0kunnalle j\u00e4isi reitin suunnittelu ja neuvottelut maanomistajien kanssa.<\/p>\n<p>SEURANTA<br \/>\nKyl\u00e4suunnitelmaa p\u00e4ivitet\u00e4\u00e4n vuosikokouksessa tai tilanteen mukaan.<\/p>\n<p>Suunnitelmaa on valmistellut Kyl\u00e4yhdistyksen hallitus.<br \/>\nP\u00e4ivitetty 25.4.2017<\/p>\n","protected":false},"excerpt":{"rendered":"<p>VAHVUUDET Taipalsaaren Kirkonkyl\u00e4n alueen vahvuutena on ollut suotuisa ik\u00e4rakenne sek\u00e4 Kirkonkyl\u00e4n palvelut. Lyhyt matka, hyv\u00e4\u00a0maantie sek\u00e4 kevyen liikenteen v\u00e4yl\u00e4\u00a0ja julkiset liikenneyhteydet Lappeenrantaan ovat helpottaneet asiointia ja ty\u00f6ss\u00e4k\u00e4ynti\u00e4 sek\u00e4 houkutelleet alueelle asukkaita. Kirkonkyl\u00e4n alueella on uusi asuinalue Pappilanniemi, jossa on viel\u00e4 &hellip; <a href=\"https:\/\/kylat.ekarjala.fi\/tpkkylayhdistys\/kylayhdistys\/kylasuunnitelma\/\">Lue loppuun <span class=\"meta-nav\">&rarr;<\/span><\/a><\/p>\n","protected":false},"author":100,"featured_media":0,"parent":11,"menu_order":0,"comment_status":"open","ping_status":"open","template":"","meta":{"footnotes":""},"class_list":["post-165","page","type-page","status-publish","hentry"],"_links":{"self":[{"href":"https:\/\/kylat.ekarjala.fi\/tpkkylayhdistys\/wp-json\/wp\/v2\/pages\/165","targetHints":{"allow":["GET"]}}],"collection":[{"href":"https:\/\/kylat.ekarjala.fi\/tpkkylayhdistys\/wp-json\/wp\/v2\/pages"}],"about":[{"href":"https:\/\/kylat.ekarjala.fi\/tpkkylayhdistys\/wp-json\/wp\/v2\/types\/page"}],"author":[{"embeddable":true,"href":"https:\/\/kylat.ekarjala.fi\/tpkkylayhdistys\/wp-json\/wp\/v2\/users\/100"}],"replies":[{"embeddable":true,"href":"https:\/\/kylat.ekarjala.fi\/tpkkylayhdistys\/wp-json\/wp\/v2\/comments?post=165"}],"version-history":[{"count":33,"href":"https:\/\/kylat.ekarjala.fi\/tpkkylayhdistys\/wp-json\/wp\/v2\/pages\/165\/revisions"}],"predecessor-version":[{"id":1609,"href":"https:\/\/kylat.ekarjala.fi\/tpkkylayhdistys\/wp-json\/wp\/v2\/pages\/165\/revisions\/1609"}],"up":[{"embeddable":true,"href":"https:\/\/kylat.ekarjala.fi\/tpkkylayhdistys\/wp-json\/wp\/v2\/pages\/11"}],"wp:attachment":[{"href":"https:\/\/kylat.ekarjala.fi\/tpkkylayhdistys\/wp-json\/wp\/v2\/media?parent=165"}],"curies":[{"name":"wp","href":"https:\/\/api.w.org\/{rel}","templated":true}]}}