{"id":31,"date":"2012-01-16T14:53:46","date_gmt":"2012-01-16T14:53:46","guid":{"rendered":"https:\/\/kylat.ekarjala.fi\/tpkkylayhdistys\/?page_id=31"},"modified":"2024-10-05T16:33:58","modified_gmt":"2024-10-05T16:33:58","slug":"kirkko","status":"publish","type":"page","link":"https:\/\/kylat.ekarjala.fi\/tpkkylayhdistys\/etusivu\/kirkko\/","title":{"rendered":"Kirkko"},"content":{"rendered":"<p><a href=\"https:\/\/kylat.ekarjala.fi\/tpkkylayhdistys\/wp-content\/uploads\/sites\/40\/2022\/02\/kirkko.jpg\"><img loading=\"lazy\" decoding=\"async\" class=\" wp-image-2037\" src=\"https:\/\/kylat.ekarjala.fi\/tpkkylayhdistys\/wp-content\/uploads\/sites\/40\/2022\/02\/kirkko-300x218.jpg\" alt=\"\" width=\"414\" height=\"301\" srcset=\"https:\/\/kylat.ekarjala.fi\/tpkkylayhdistys\/wp-content\/uploads\/sites\/40\/2022\/02\/kirkko-300x218.jpg 300w, https:\/\/kylat.ekarjala.fi\/tpkkylayhdistys\/wp-content\/uploads\/sites\/40\/2022\/02\/kirkko.jpg 640w\" sizes=\"auto, (max-width: 414px) 100vw, 414px\" \/><\/a><\/p>\n<p>Taipalsaaren kirkko on rakennettu vuonna 1754 ja samana vuonna on my\u00f6s rakennettu kirkon kellotapuli. Kirkossa ei ole alttaritaulua vaan sen paikalla kultainen risti. Lis\u00e4tietoa kirkosta l\u00f6ytyy Taipaleen seurakunnan sivuilta.<\/p>\n<p><a title=\"\" href=\"http:\/\/taipaleen seurakunta\" rel=\"noopener\">http:\/\/taipaleen seurakunta<\/a><\/p>\n\n\n<p><\/p>\n","protected":false},"excerpt":{"rendered":"<p>Taipalsaaren kirkko on rakennettu vuonna 1754 ja samana vuonna on my\u00f6s rakennettu kirkon kellotapuli. Kirkossa ei ole alttaritaulua vaan sen paikalla kultainen risti. Lis\u00e4tietoa kirkosta l\u00f6ytyy Taipaleen seurakunnan sivuilta. http:\/\/taipaleen seurakunta<\/p>\n","protected":false},"author":100,"featured_media":0,"parent":6,"menu_order":0,"comment_status":"closed","ping_status":"open","template":"","meta":{"footnotes":""},"class_list":["post-31","page","type-page","status-publish","hentry"],"_links":{"self":[{"href":"https:\/\/kylat.ekarjala.fi\/tpkkylayhdistys\/wp-json\/wp\/v2\/pages\/31","targetHints":{"allow":["GET"]}}],"collection":[{"href":"https:\/\/kylat.ekarjala.fi\/tpkkylayhdistys\/wp-json\/wp\/v2\/pages"}],"about":[{"href":"https:\/\/kylat.ekarjala.fi\/tpkkylayhdistys\/wp-json\/wp\/v2\/types\/page"}],"author":[{"embeddable":true,"href":"https:\/\/kylat.ekarjala.fi\/tpkkylayhdistys\/wp-json\/wp\/v2\/users\/100"}],"replies":[{"embeddable":true,"href":"https:\/\/kylat.ekarjala.fi\/tpkkylayhdistys\/wp-json\/wp\/v2\/comments?post=31"}],"version-history":[{"count":5,"href":"https:\/\/kylat.ekarjala.fi\/tpkkylayhdistys\/wp-json\/wp\/v2\/pages\/31\/revisions"}],"predecessor-version":[{"id":2301,"href":"https:\/\/kylat.ekarjala.fi\/tpkkylayhdistys\/wp-json\/wp\/v2\/pages\/31\/revisions\/2301"}],"up":[{"embeddable":true,"href":"https:\/\/kylat.ekarjala.fi\/tpkkylayhdistys\/wp-json\/wp\/v2\/pages\/6"}],"wp:attachment":[{"href":"https:\/\/kylat.ekarjala.fi\/tpkkylayhdistys\/wp-json\/wp\/v2\/media?parent=31"}],"curies":[{"name":"wp","href":"https:\/\/api.w.org\/{rel}","templated":true}]}}