{"id":37,"date":"2012-01-16T14:55:22","date_gmt":"2012-01-16T14:55:22","guid":{"rendered":"https:\/\/kylat.ekarjala.fi\/tpkkylayhdistys\/?page_id=37"},"modified":"2024-10-02T15:00:42","modified_gmt":"2024-10-02T15:00:42","slug":"vainola","status":"publish","type":"page","link":"https:\/\/kylat.ekarjala.fi\/tpkkylayhdistys\/etusivu\/vainola\/","title":{"rendered":"V\u00e4in\u00f6l\u00e4"},"content":{"rendered":"<div id=\"attachment_2040\" style=\"width: 650px\" class=\"wp-caption alignnone\"><a href=\"https:\/\/kylat.ekarjala.fi\/tpkkylayhdistys\/wp-content\/uploads\/sites\/40\/2022\/02\/vainola.jpg\"><img loading=\"lazy\" decoding=\"async\" aria-describedby=\"caption-attachment-2040\" class=\"wp-image-2040 size-full\" src=\"https:\/\/kylat.ekarjala.fi\/tpkkylayhdistys\/wp-content\/uploads\/sites\/40\/2022\/02\/vainola.jpg\" alt=\"\" width=\"640\" height=\"343\" srcset=\"https:\/\/kylat.ekarjala.fi\/tpkkylayhdistys\/wp-content\/uploads\/sites\/40\/2022\/02\/vainola.jpg 640w, https:\/\/kylat.ekarjala.fi\/tpkkylayhdistys\/wp-content\/uploads\/sites\/40\/2022\/02\/vainola-300x161.jpg 300w\" sizes=\"auto, (max-width: 640px) 100vw, 640px\" \/><\/a><p id=\"caption-attachment-2040\" class=\"wp-caption-text\">V\u00e4in\u00f6l\u00e4<\/p><\/div>\n<p>Seurantalo V\u00e4in\u00f6l\u00e4, Kirkonrantatie 2, \u00a0sijaitsee kunnantalon alapuolella l\u00e4hell\u00e4 Saimaanrantaa. V\u00e4in\u00f6l\u00e4ss\u00e4 on sali, pukuhuoneet\/suihkutilat ja keitti\u00f6. Paikka toimii liikunta- ja harrastetilana ja siell\u00e4 voi j\u00e4rjest\u00e4\u00e4 erilaisia tapahtumia kuten h\u00e4it\u00e4.<\/p>\n<p>V\u00e4in\u00f6l\u00e4n varaukset: <strong>\u00a0Kaija Mikkola<\/strong>, palvelusihteeri, tekniset palvelut, Taipalsaaren kunta.\u00a0<strong>p. 040 710 6087<\/strong><\/p>\n\n\n<p><\/p>\n","protected":false},"excerpt":{"rendered":"<p>Seurantalo V\u00e4in\u00f6l\u00e4, Kirkonrantatie 2, \u00a0sijaitsee kunnantalon alapuolella l\u00e4hell\u00e4 Saimaanrantaa. V\u00e4in\u00f6l\u00e4ss\u00e4 on sali, pukuhuoneet\/suihkutilat ja keitti\u00f6. Paikka toimii liikunta- ja harrastetilana ja siell\u00e4 voi j\u00e4rjest\u00e4\u00e4 erilaisia tapahtumia kuten h\u00e4it\u00e4. V\u00e4in\u00f6l\u00e4n varaukset: \u00a0Kaija Mikkola, palvelusihteeri, tekniset palvelut, Taipalsaaren kunta.\u00a0p. 040 710 6087<\/p>\n","protected":false},"author":100,"featured_media":0,"parent":6,"menu_order":0,"comment_status":"closed","ping_status":"open","template":"","meta":{"footnotes":""},"class_list":["post-37","page","type-page","status-publish","hentry"],"_links":{"self":[{"href":"https:\/\/kylat.ekarjala.fi\/tpkkylayhdistys\/wp-json\/wp\/v2\/pages\/37","targetHints":{"allow":["GET"]}}],"collection":[{"href":"https:\/\/kylat.ekarjala.fi\/tpkkylayhdistys\/wp-json\/wp\/v2\/pages"}],"about":[{"href":"https:\/\/kylat.ekarjala.fi\/tpkkylayhdistys\/wp-json\/wp\/v2\/types\/page"}],"author":[{"embeddable":true,"href":"https:\/\/kylat.ekarjala.fi\/tpkkylayhdistys\/wp-json\/wp\/v2\/users\/100"}],"replies":[{"embeddable":true,"href":"https:\/\/kylat.ekarjala.fi\/tpkkylayhdistys\/wp-json\/wp\/v2\/comments?post=37"}],"version-history":[{"count":13,"href":"https:\/\/kylat.ekarjala.fi\/tpkkylayhdistys\/wp-json\/wp\/v2\/pages\/37\/revisions"}],"predecessor-version":[{"id":2293,"href":"https:\/\/kylat.ekarjala.fi\/tpkkylayhdistys\/wp-json\/wp\/v2\/pages\/37\/revisions\/2293"}],"up":[{"embeddable":true,"href":"https:\/\/kylat.ekarjala.fi\/tpkkylayhdistys\/wp-json\/wp\/v2\/pages\/6"}],"wp:attachment":[{"href":"https:\/\/kylat.ekarjala.fi\/tpkkylayhdistys\/wp-json\/wp\/v2\/media?parent=37"}],"curies":[{"name":"wp","href":"https:\/\/api.w.org\/{rel}","templated":true}]}}