{"id":40,"date":"2012-01-16T14:56:33","date_gmt":"2012-01-16T14:56:33","guid":{"rendered":"https:\/\/kylat.ekarjala.fi\/tpkkylayhdistys\/?page_id=40"},"modified":"2022-02-07T07:27:35","modified_gmt":"2022-02-07T07:27:35","slug":"kirjasto","status":"publish","type":"page","link":"https:\/\/kylat.ekarjala.fi\/tpkkylayhdistys\/etusivu\/kirjasto\/","title":{"rendered":"Kirjasto"},"content":{"rendered":"<p><a href=\"https:\/\/kylat.ekarjala.fi\/tpkkylayhdistys\/wp-content\/uploads\/sites\/40\/2022\/02\/kunnantupa.jpg\"><img loading=\"lazy\" decoding=\"async\" class=\"size-medium wp-image-2039\" src=\"https:\/\/kylat.ekarjala.fi\/tpkkylayhdistys\/wp-content\/uploads\/sites\/40\/2022\/02\/kunnantupa-300x200.jpg\" alt=\"\" width=\"300\" height=\"200\" srcset=\"https:\/\/kylat.ekarjala.fi\/tpkkylayhdistys\/wp-content\/uploads\/sites\/40\/2022\/02\/kunnantupa-300x200.jpg 300w, https:\/\/kylat.ekarjala.fi\/tpkkylayhdistys\/wp-content\/uploads\/sites\/40\/2022\/02\/kunnantupa.jpg 640w\" sizes=\"auto, (max-width: 300px) 100vw, 300px\" \/><\/a><\/p>\n<p>Kunnan p\u00e4\u00e4kirjasto toimi vanhassa kunnantalossa, mutta kirjastotoiminta lopetettiin vuoden 2010 alussa.<\/p>\n<p>Nykyinen p\u00e4\u00e4kirjasto on Saimaanharjulla.<\/p>\n\n\n<p><\/p>\n","protected":false},"excerpt":{"rendered":"<p>Kunnan p\u00e4\u00e4kirjasto toimi vanhassa kunnantalossa, mutta kirjastotoiminta lopetettiin vuoden 2010 alussa. Nykyinen p\u00e4\u00e4kirjasto on Saimaanharjulla.<\/p>\n","protected":false},"author":100,"featured_media":0,"parent":6,"menu_order":0,"comment_status":"closed","ping_status":"open","template":"","meta":{"footnotes":""},"class_list":["post-40","page","type-page","status-publish","hentry"],"_links":{"self":[{"href":"https:\/\/kylat.ekarjala.fi\/tpkkylayhdistys\/wp-json\/wp\/v2\/pages\/40","targetHints":{"allow":["GET"]}}],"collection":[{"href":"https:\/\/kylat.ekarjala.fi\/tpkkylayhdistys\/wp-json\/wp\/v2\/pages"}],"about":[{"href":"https:\/\/kylat.ekarjala.fi\/tpkkylayhdistys\/wp-json\/wp\/v2\/types\/page"}],"author":[{"embeddable":true,"href":"https:\/\/kylat.ekarjala.fi\/tpkkylayhdistys\/wp-json\/wp\/v2\/users\/100"}],"replies":[{"embeddable":true,"href":"https:\/\/kylat.ekarjala.fi\/tpkkylayhdistys\/wp-json\/wp\/v2\/comments?post=40"}],"version-history":[{"count":5,"href":"https:\/\/kylat.ekarjala.fi\/tpkkylayhdistys\/wp-json\/wp\/v2\/pages\/40\/revisions"}],"predecessor-version":[{"id":2043,"href":"https:\/\/kylat.ekarjala.fi\/tpkkylayhdistys\/wp-json\/wp\/v2\/pages\/40\/revisions\/2043"}],"up":[{"embeddable":true,"href":"https:\/\/kylat.ekarjala.fi\/tpkkylayhdistys\/wp-json\/wp\/v2\/pages\/6"}],"wp:attachment":[{"href":"https:\/\/kylat.ekarjala.fi\/tpkkylayhdistys\/wp-json\/wp\/v2\/media?parent=40"}],"curies":[{"name":"wp","href":"https:\/\/api.w.org\/{rel}","templated":true}]}}