{"id":6,"date":"2012-01-16T12:54:32","date_gmt":"2012-01-16T12:54:32","guid":{"rendered":"https:\/\/kylat.ekarjala.fi\/tpkkylayhdistys\/?page_id=6"},"modified":"2017-04-20T11:15:52","modified_gmt":"2017-04-20T11:15:52","slug":"etusivu","status":"publish","type":"page","link":"https:\/\/kylat.ekarjala.fi\/tpkkylayhdistys\/etusivu\/","title":{"rendered":"Esittely"},"content":{"rendered":"<p>&nbsp;<\/p>\n<p><a href=\"https:\/\/kylat.ekarjala.fi\/tpkkylayhdistys\/etusivu\/attachment\/076\/\" rel=\"attachment wp-att-1574\"><img loading=\"lazy\" decoding=\"async\" class=\"alignright wp-image-1574\" src=\"https:\/\/kylat.ekarjala.fi\/tpkkylayhdistys\/wp-content\/uploads\/sites\/40\/2012\/01\/076-300x225.jpg\" alt=\"\" width=\"427\" height=\"320\" srcset=\"https:\/\/kylat.ekarjala.fi\/tpkkylayhdistys\/wp-content\/uploads\/sites\/40\/2012\/01\/076-300x225.jpg 300w, https:\/\/kylat.ekarjala.fi\/tpkkylayhdistys\/wp-content\/uploads\/sites\/40\/2012\/01\/076-768x576.jpg 768w, https:\/\/kylat.ekarjala.fi\/tpkkylayhdistys\/wp-content\/uploads\/sites\/40\/2012\/01\/076-1024x768.jpg 1024w\" sizes=\"auto, (max-width: 427px) 100vw, 427px\" \/><\/a><\/p>\n<p>&nbsp;<\/p>\n<p>&nbsp;<\/p>\n<p>&nbsp;<\/p>\n<p>&nbsp;<\/p>\n<p>&nbsp;<\/p>\n<p>&nbsp;<\/p>\n<p>&nbsp;<\/p>\n<p>Kunnantupa, kirkko ja kunnantalo. Kuva Aure Niiva<\/p>\n<p>Taipalsaaren kirkonkyl\u00e4 sijaitsee noin 15 km p\u00e4\u00e4ss\u00e4 Lappeenrannasta pohjoiseen. Tie Lappeenrannasta Taipalsaareen on yksi Suomen kauneimmista upeine Saimaan\u00e4kymineen. Koko matkan Lappeenrannasta Taipalsaareen kulkee my\u00f6s py\u00f6r\u00e4tie. Kirkonkyl\u00e4ss\u00e4 asuu noin 800 henke\u00e4 Taipalsaaren noin 5000 asukkaasta. N\u00e4in ollen se on toiseksi suurin yksitt\u00e4inen asuinalue Taipalsaarella heti Saimaanharjun j\u00e4lkeen.<\/p>\n<p>Taipalsaaren kirkonkyl\u00e4\u00e4n on keskitetty kunnantoiminnoista hallintopalvelut eli kunnantalo, terveyskeskus, vuodeosasto ja vanhustenhoito. Kirkonkyl\u00e4ss\u00e4 sijaitsevat lis\u00e4ksi, alakoulu, esikoulu ja p\u00e4iv\u00e4koti. Palveluita kirkonkyl\u00e4st\u00e4 l\u00f6ytyy kaupan, jonka yhteydess\u00e4 on posti, kahden kampaamon, kolmen ravintolan ja huoltoaseman muodossa.<\/p>\n<p>Maisemallisesti kirkonkyl\u00e4\u00e4 kaunistavat 1754 rakennettu puukirkko ja sen vieress\u00e4 sijaitseva R\u00f6ytyn museotila k\u00e4sity\u00f6puoteineen, Saimaan n\u00e4kym\u00e4\u00e4 unohtamatta.<\/p>\n<p><a href=\"http:\/\/kuvapankki.ekarjala.fi\/main.php?g2_itemId=22202\">Kuvia Kirkonkyl\u00e4st\u00e4<\/a><\/p>\n","protected":false},"excerpt":{"rendered":"<p>&nbsp; &nbsp; &nbsp; &nbsp; &nbsp; &nbsp; &nbsp; &nbsp; Kunnantupa, kirkko ja kunnantalo. Kuva Aure Niiva Taipalsaaren kirkonkyl\u00e4 sijaitsee noin 15 km p\u00e4\u00e4ss\u00e4 Lappeenrannasta pohjoiseen. Tie Lappeenrannasta Taipalsaareen on yksi Suomen kauneimmista upeine Saimaan\u00e4kymineen. Koko matkan Lappeenrannasta Taipalsaareen kulkee my\u00f6s py\u00f6r\u00e4tie. &hellip; <a href=\"https:\/\/kylat.ekarjala.fi\/tpkkylayhdistys\/etusivu\/\">Lue loppuun <span class=\"meta-nav\">&rarr;<\/span><\/a><\/p>\n","protected":false},"author":100,"featured_media":0,"parent":0,"menu_order":0,"comment_status":"closed","ping_status":"open","template":"","meta":{"footnotes":""},"class_list":["post-6","page","type-page","status-publish","hentry"],"_links":{"self":[{"href":"https:\/\/kylat.ekarjala.fi\/tpkkylayhdistys\/wp-json\/wp\/v2\/pages\/6","targetHints":{"allow":["GET"]}}],"collection":[{"href":"https:\/\/kylat.ekarjala.fi\/tpkkylayhdistys\/wp-json\/wp\/v2\/pages"}],"about":[{"href":"https:\/\/kylat.ekarjala.fi\/tpkkylayhdistys\/wp-json\/wp\/v2\/types\/page"}],"author":[{"embeddable":true,"href":"https:\/\/kylat.ekarjala.fi\/tpkkylayhdistys\/wp-json\/wp\/v2\/users\/100"}],"replies":[{"embeddable":true,"href":"https:\/\/kylat.ekarjala.fi\/tpkkylayhdistys\/wp-json\/wp\/v2\/comments?post=6"}],"version-history":[{"count":6,"href":"https:\/\/kylat.ekarjala.fi\/tpkkylayhdistys\/wp-json\/wp\/v2\/pages\/6\/revisions"}],"predecessor-version":[{"id":1577,"href":"https:\/\/kylat.ekarjala.fi\/tpkkylayhdistys\/wp-json\/wp\/v2\/pages\/6\/revisions\/1577"}],"wp:attachment":[{"href":"https:\/\/kylat.ekarjala.fi\/tpkkylayhdistys\/wp-json\/wp\/v2\/media?parent=6"}],"curies":[{"name":"wp","href":"https:\/\/api.w.org\/{rel}","templated":true}]}}