{"id":777,"date":"2022-11-09T16:27:19","date_gmt":"2022-11-09T16:27:19","guid":{"rendered":"https:\/\/kylat.ekarjala.fi\/uimi\/?page_id=777"},"modified":"2022-12-16T19:06:25","modified_gmt":"2022-12-16T19:06:25","slug":"vesireitit","status":"publish","type":"page","link":"https:\/\/kylat.ekarjala.fi\/uimi\/vesireitit\/","title":{"rendered":"Vesireitit"},"content":{"rendered":"\t\t<div data-elementor-type=\"wp-page\" data-elementor-id=\"777\" class=\"elementor elementor-777\" data-elementor-post-type=\"page\">\n\t\t\t\t\t\t<section class=\"elementor-section elementor-top-section elementor-element elementor-element-10ed818 elementor-section-boxed elementor-section-height-default elementor-section-height-default\" data-id=\"10ed818\" data-element_type=\"section\" data-e-type=\"section\" data-settings=\"{&quot;background_background&quot;:&quot;classic&quot;}\">\n\t\t\t\t\t\t\t<div class=\"elementor-background-overlay\"><\/div>\n\t\t\t\t\t\t\t<div class=\"elementor-container elementor-column-gap-default\">\n\t\t\t\t\t<div class=\"elementor-column elementor-col-100 elementor-top-column elementor-element elementor-element-1634439\" data-id=\"1634439\" data-element_type=\"column\" data-e-type=\"column\">\n\t\t\t<div class=\"elementor-widget-wrap elementor-element-populated\">\n\t\t\t\t\t\t<div class=\"elementor-element elementor-element-e619e2c elementor-widget elementor-widget-heading\" data-id=\"e619e2c\" data-element_type=\"widget\" data-e-type=\"widget\" data-widget_type=\"heading.default\">\n\t\t\t\t<div class=\"elementor-widget-container\">\n\t\t\t\t\t<h1 class=\"elementor-heading-title elementor-size-default\">Vesireitit<\/h1>\t\t\t\t<\/div>\n\t\t\t\t<\/div>\n\t\t\t\t\t<\/div>\n\t\t<\/div>\n\t\t\t\t\t<\/div>\n\t\t<\/section>\n\t\t\t\t<section class=\"elementor-section elementor-top-section elementor-element elementor-element-9cafb3c elementor-section-boxed elementor-section-height-default elementor-section-height-default\" data-id=\"9cafb3c\" data-element_type=\"section\" data-e-type=\"section\">\n\t\t\t\t\t\t<div class=\"elementor-container elementor-column-gap-default\">\n\t\t\t\t\t<div class=\"elementor-column elementor-col-100 elementor-top-column elementor-element elementor-element-9232419\" data-id=\"9232419\" data-element_type=\"column\" data-e-type=\"column\">\n\t\t\t<div class=\"elementor-widget-wrap elementor-element-populated\">\n\t\t\t\t\t\t<div class=\"elementor-element elementor-element-24a9bc6 elementor-widget elementor-widget-spacer\" data-id=\"24a9bc6\" data-element_type=\"widget\" data-e-type=\"widget\" data-widget_type=\"spacer.default\">\n\t\t\t\t<div class=\"elementor-widget-container\">\n\t\t\t\t\t\t\t<div class=\"elementor-spacer\">\n\t\t\t<div class=\"elementor-spacer-inner\"><\/div>\n\t\t<\/div>\n\t\t\t\t\t\t<\/div>\n\t\t\t\t<\/div>\n\t\t\t\t\t<\/div>\n\t\t<\/div>\n\t\t\t\t\t<\/div>\n\t\t<\/section>\n\t\t\t\t<section class=\"elementor-section elementor-top-section elementor-element elementor-element-54ff3c9 elementor-section-boxed elementor-section-height-default elementor-section-height-default\" data-id=\"54ff3c9\" data-element_type=\"section\" data-e-type=\"section\">\n\t\t\t\t\t\t<div class=\"elementor-container elementor-column-gap-default\">\n\t\t\t\t\t<div class=\"elementor-column elementor-col-100 elementor-top-column elementor-element elementor-element-9f6d8be\" data-id=\"9f6d8be\" data-element_type=\"column\" data-e-type=\"column\">\n\t\t\t<div class=\"elementor-widget-wrap elementor-element-populated\">\n\t\t\t\t\t\t<section class=\"elementor-section elementor-inner-section elementor-element elementor-element-0dfb541 elementor-section-boxed elementor-section-height-default elementor-section-height-default\" data-id=\"0dfb541\" data-element_type=\"section\" data-e-type=\"section\">\n\t\t\t\t\t\t<div class=\"elementor-container elementor-column-gap-default\">\n\t\t\t\t\t<div class=\"elementor-column elementor-col-50 elementor-inner-column elementor-element elementor-element-f15732c\" data-id=\"f15732c\" data-element_type=\"column\" data-e-type=\"column\">\n\t\t\t<div class=\"elementor-widget-wrap elementor-element-populated\">\n\t\t\t\t\t\t<div class=\"elementor-element elementor-element-45a51d7 elementor-widget elementor-widget-heading\" data-id=\"45a51d7\" data-element_type=\"widget\" data-e-type=\"widget\" data-widget_type=\"heading.default\">\n\t\t\t\t<div class=\"elementor-widget-container\">\n\t\t\t\t\t<h2 class=\"elementor-heading-title elementor-size-default\">kaunis kivij\u00e4rvi<\/h2>\t\t\t\t<\/div>\n\t\t\t\t<\/div>\n\t\t\t\t<div class=\"elementor-element elementor-element-ee6a00b elementor-widget elementor-widget-text-editor\" data-id=\"ee6a00b\" data-element_type=\"widget\" data-e-type=\"widget\" data-widget_type=\"text-editor.default\">\n\t\t\t\t<div class=\"elementor-widget-container\">\n\t\t\t\t\t\t\t\t\t<p><span style=\"font-style: inherit;font-weight: inherit\">Uimin j\u00e4rvien sel\u00e4t, lahdet ja kapeikot tarjoavat pilkkij\u00f6ille mit\u00e4 parhaimmat kalavedet ja olosuhteet pilkkiharrastukselle. Pilkkiosaamista voi testata tarvittaessa osallistumalla talvisiin kisoihin.<\/span><\/p><p>Kes\u00e4iset venereitit ovat t\u00e4rkeit\u00e4 nykyaikanakin. Maanteiden my\u00f6t\u00e4 niiden merkitys on kuitenkin v\u00e4hentynyt siltojen korvattua niin Uimintien kuin Saarentienkin lossit. Uimin p\u00e4\u00e4tiet Uimintie (maantie 14750) Lemin kirkolta Savitaipaleen Monolaan ja Saarentie (Kotalahdentie) Aapelinasemalta Sairan kyl\u00e4st\u00e4 Luum\u00e4en Risulahteen ovat nykyisin hyv\u00e4kuntoisia p\u00e4\u00e4llystettyj\u00e4 teit\u00e4, jotka mutkineen my\u00f6t\u00e4ilev\u00e4t maisemia ja avaavat n\u00e4kym\u00e4t kyliin ja rannoille.<\/p>\t\t\t\t\t\t\t\t<\/div>\n\t\t\t\t<\/div>\n\t\t\t\t\t<\/div>\n\t\t<\/div>\n\t\t\t\t<div class=\"elementor-column elementor-col-50 elementor-inner-column elementor-element elementor-element-9f0dbe6\" data-id=\"9f0dbe6\" data-element_type=\"column\" data-e-type=\"column\">\n\t\t\t<div class=\"elementor-widget-wrap elementor-element-populated\">\n\t\t\t\t\t\t<div class=\"elementor-element elementor-element-283920b elementor-widget elementor-widget-heading\" data-id=\"283920b\" data-element_type=\"widget\" data-e-type=\"widget\" data-widget_type=\"heading.default\">\n\t\t\t\t<div class=\"elementor-widget-container\">\n\t\t\t\t\t<h2 class=\"elementor-heading-title elementor-size-default\">merkityt vesireitit<\/h2>\t\t\t\t<\/div>\n\t\t\t\t<\/div>\n\t\t\t\t<div class=\"elementor-element elementor-element-3774630 elementor-widget elementor-widget-text-editor\" data-id=\"3774630\" data-element_type=\"widget\" data-e-type=\"widget\" data-widget_type=\"text-editor.default\">\n\t\t\t\t<div class=\"elementor-widget-container\">\n\t\t\t\t\t\t\t\t\t<p>Uimin vedet ovat perinteisesti olleet my\u00f6s huviveneilij\u00f6iden ja melojien suosiossa. Nyt p\u00e4\u00e4reittej\u00e4 on my\u00f6s merkitty vesist\u00f6\u00f6n: Leminv\u00e4yl\u00e4 ohjaa Lemin kirkolta Lahnaj\u00e4rven ja Papinojan kautta Kuuksenensel\u00e4lle. Kuuksenen v\u00e4yl\u00e4lt\u00e4 voi jatkaa jompaakumpaa puolta Kuhasensaarta: joko Uiminkapian tai Ruominkapian v\u00e4yl\u00e4\u00e4 Svinhufvudin v\u00e4yl\u00e4lle, sielt\u00e4 edelleen Luum\u00e4en v\u00e4yl\u00e4lle ja Huopasenvirralle, mist\u00e4 laskuoja vie Ala-Kivij\u00e4rvelle, josta edelleen Kymijokeen.<br \/><span style=\"font-style: inherit;font-weight: inherit\"><br \/>Veneilij\u00f6iden tyypillisimm\u00e4t ajelut koostuvat luonnonkauniiden maisemien ihailusta ja pist\u00e4ytymisi\u00e4 Lemin tai Luum\u00e4en palveluiden luona sek\u00e4 pys\u00e4hdyksi\u00e4 rantalaavuilla sek\u00e4 hiekkarannoilla. J\u00e4rvimalmin etsint\u00e4\u00e4 voi kokeilla sek\u00e4 tietysti harrastekalastusta. Venekarttaa on saatavilla <a href=\"https:\/\/www.karttakauppa.fi\/tuote\/kivijarvi-veneilykartta-127-000\" target=\"_blank\" rel=\"noopener\">karttakaupassa<\/a><\/span><span style=\"font-style: inherit;font-weight: inherit\">.<\/span><\/p><p>\u00a0<\/p>\t\t\t\t\t\t\t\t<\/div>\n\t\t\t\t<\/div>\n\t\t\t\t\t<\/div>\n\t\t<\/div>\n\t\t\t\t\t<\/div>\n\t\t<\/section>\n\t\t\t\t\t<\/div>\n\t\t<\/div>\n\t\t\t\t\t<\/div>\n\t\t<\/section>\n\t\t\t\t<section class=\"elementor-section elementor-top-section elementor-element elementor-element-9c199a1 elementor-section-boxed elementor-section-height-default elementor-section-height-default\" data-id=\"9c199a1\" data-element_type=\"section\" data-e-type=\"section\">\n\t\t\t\t\t\t<div class=\"elementor-container elementor-column-gap-default\">\n\t\t\t\t\t<div class=\"elementor-column elementor-col-100 elementor-top-column elementor-element elementor-element-06460eb\" data-id=\"06460eb\" data-element_type=\"column\" data-e-type=\"column\">\n\t\t\t<div class=\"elementor-widget-wrap elementor-element-populated\">\n\t\t\t\t\t\t<section class=\"elementor-section elementor-inner-section elementor-element elementor-element-f08a56d elementor-section-boxed elementor-section-height-default elementor-section-height-default\" data-id=\"f08a56d\" data-element_type=\"section\" data-e-type=\"section\">\n\t\t\t\t\t\t<div class=\"elementor-container elementor-column-gap-default\">\n\t\t\t\t\t<div class=\"elementor-column elementor-col-50 elementor-inner-column elementor-element elementor-element-2e7201b\" data-id=\"2e7201b\" data-element_type=\"column\" data-e-type=\"column\">\n\t\t\t<div class=\"elementor-widget-wrap elementor-element-populated\">\n\t\t\t\t\t\t<div class=\"elementor-element elementor-element-adb9c44 elementor-widget elementor-widget-image\" data-id=\"adb9c44\" data-element_type=\"widget\" data-e-type=\"widget\" data-widget_type=\"image.default\">\n\t\t\t\t<div class=\"elementor-widget-container\">\n\t\t\t\t\t\t\t\t\t\t\t\t\t\t\t<img fetchpriority=\"high\" decoding=\"async\" width=\"604\" height=\"453\" src=\"https:\/\/kylat.ekarjala.fi\/uimi\/wp-content\/uploads\/sites\/46\/2022\/12\/facebook_1671217154630_7009592796537697804.jpg\" class=\"attachment-large size-large wp-image-1181\" alt=\"\" srcset=\"https:\/\/kylat.ekarjala.fi\/uimi\/wp-content\/uploads\/sites\/46\/2022\/12\/facebook_1671217154630_7009592796537697804.jpg 604w, https:\/\/kylat.ekarjala.fi\/uimi\/wp-content\/uploads\/sites\/46\/2022\/12\/facebook_1671217154630_7009592796537697804-300x225.jpg 300w\" sizes=\"(max-width: 604px) 100vw, 604px\" \/>\t\t\t\t\t\t\t\t\t\t\t\t\t\t\t<\/div>\n\t\t\t\t<\/div>\n\t\t\t\t\t<\/div>\n\t\t<\/div>\n\t\t\t\t<div class=\"elementor-column elementor-col-50 elementor-inner-column elementor-element elementor-element-15f74c2\" data-id=\"15f74c2\" data-element_type=\"column\" data-e-type=\"column\">\n\t\t\t<div class=\"elementor-widget-wrap elementor-element-populated\">\n\t\t\t\t\t\t<div class=\"elementor-element elementor-element-9b419d8 elementor-widget elementor-widget-text-editor\" data-id=\"9b419d8\" data-element_type=\"widget\" data-e-type=\"widget\" data-widget_type=\"text-editor.default\">\n\t\t\t\t<div class=\"elementor-widget-container\">\n\t\t\t\t\t\t\t\t\t<p>Mennein\u00e4 aikoina vett\u00e4 my\u00f6ten on menty my\u00f6s kirkkoon. Sit\u00e4 muistaen Uimin kyl\u00e4yhdistys on soutanut kirkkoveneell\u00e4 nelj\u00e4sti vuosina 2009-2012 Ojansuusta Uiminkapiaa pitkin Syv\u00e4salmen sillan ali Kuuksenelle ja sielt\u00e4 Papinojan kautta Lahnaj\u00e4rvelle ja edelleen uimalan rantaan Lemin kirkolle. Museoidulle kirkkoveneelle on rakennettu vaja Korkiasaaren rantaan.&nbsp;<\/p>\t\t\t\t\t\t\t\t<\/div>\n\t\t\t\t<\/div>\n\t\t\t\t\t<\/div>\n\t\t<\/div>\n\t\t\t\t\t<\/div>\n\t\t<\/section>\n\t\t\t\t\t<\/div>\n\t\t<\/div>\n\t\t\t\t\t<\/div>\n\t\t<\/section>\n\t\t\t\t<\/div>\n\t\t","protected":false},"excerpt":{"rendered":"<p>\/*! elementor &#8211; v3.9.1 &#8211; 14-12-2022 *\/ .elementor-heading-title{padding:0;margin:0;line-height:1}.elementor-widget-heading .elementor-heading-title[class*=elementor-size-]&gt;a{color:inherit;font-size:inherit;line-height:inherit}.elementor-widget-heading .elementor-heading-title.elementor-size-small{font-size:15px}.elementor-widget-heading .elementor-heading-title.elementor-size-medium{font-size:19px}.elementor-widget-heading .elementor-heading-title.elementor-size-large{font-size:29px}.elementor-widget-heading .elementor-heading-title.elementor-size-xl{font-size:39px}.elementor-widget-heading .elementor-heading-title.elementor-size-xxl{font-size:59px} Vesireitit \/*! elementor &#8211; v3.9.1 &#8211; 14-12-2022 *\/ .elementor-column .elementor-spacer-inner{height:var(&#8211;spacer-size)}.e-con{&#8211;container-widget-width:100%}.e-con-inner&gt;.elementor-widget-spacer,.e-con&gt;.elementor-widget-spacer{width:var(&#8211;container-widget-width,var(&#8211;spacer-size));&#8211;align-self:var(&#8211;container-widget-align-self,initial);&#8211;flex-shrink:0}.e-con-inner&gt;.elementor-widget-spacer&gt;.elementor-widget-container,.e-con-inner&gt;.elementor-widget-spacer&gt;.elementor-widget-container&gt;.elementor-spacer,.e-con&gt;.elementor-widget-spacer&gt;.elementor-widget-container,.e-con&gt;.elementor-widget-spacer&gt;.elementor-widget-container&gt;.elementor-spacer{height:100%}.e-con-inner&gt;.elementor-widget-spacer&gt;.elementor-widget-container&gt;.elementor-spacer&gt;.elementor-spacer-inner,.e-con&gt;.elementor-widget-spacer&gt;.elementor-widget-container&gt;.elementor-spacer&gt;.elementor-spacer-inner{height:var(&#8211;container-widget-height,var(&#8211;spacer-size))} kaunis kivij\u00e4rvi Uimin j\u00e4rvien sel\u00e4t, lahdet ja kapeikot tarjoavat pilkkij\u00f6ille mit\u00e4 parhaimmat kalavedet ja olosuhteet pilkkiharrastukselle. Pilkkiosaamista voi testata tarvittaessa osallistumalla talvisiin kisoihin. Kes\u00e4iset venereitit ovat t\u00e4rkeit\u00e4 nykyaikanakin. Maanteiden my\u00f6t\u00e4 niiden [&hellip;]<\/p>\n","protected":false},"author":143,"featured_media":0,"parent":0,"menu_order":0,"comment_status":"closed","ping_status":"closed","template":"","meta":{"site-sidebar-layout":"no-sidebar","site-content-layout":"page-builder","ast-site-content-layout":"default","site-content-style":"default","site-sidebar-style":"default","ast-global-header-display":"","ast-banner-title-visibility":"","ast-main-header-display":"","ast-hfb-above-header-display":"","ast-hfb-below-header-display":"","ast-hfb-mobile-header-display":"","site-post-title":"disabled","ast-breadcrumbs-content":"","ast-featured-img":"disabled","footer-sml-layout":"","ast-disable-related-posts":"","theme-transparent-header-meta":"","adv-header-id-meta":"","stick-header-meta":"","header-above-stick-meta":"","header-main-stick-meta":"","header-below-stick-meta":"","astra-migrate-meta-layouts":"default","ast-page-background-enabled":"default","ast-page-background-meta":{"desktop":{"background-color":"","background-image":"","background-repeat":"repeat","background-position":"center center","background-size":"auto","background-attachment":"scroll","background-type":"","background-media":"","overlay-type":"","overlay-color":"","overlay-opacity":"","overlay-gradient":""},"tablet":{"background-color":"","background-image":"","background-repeat":"repeat","background-position":"center center","background-size":"auto","background-attachment":"scroll","background-type":"","background-media":"","overlay-type":"","overlay-color":"","overlay-opacity":"","overlay-gradient":""},"mobile":{"background-color":"","background-image":"","background-repeat":"repeat","background-position":"center center","background-size":"auto","background-attachment":"scroll","background-type":"","background-media":"","overlay-type":"","overlay-color":"","overlay-opacity":"","overlay-gradient":""}},"ast-content-background-meta":{"desktop":{"background-color":"var(--ast-global-color-5)","background-image":"","background-repeat":"repeat","background-position":"center center","background-size":"auto","background-attachment":"scroll","background-type":"","background-media":"","overlay-type":"","overlay-color":"","overlay-opacity":"","overlay-gradient":""},"tablet":{"background-color":"var(--ast-global-color-5)","background-image":"","background-repeat":"repeat","background-position":"center center","background-size":"auto","background-attachment":"scroll","background-type":"","background-media":"","overlay-type":"","overlay-color":"","overlay-opacity":"","overlay-gradient":""},"mobile":{"background-color":"var(--ast-global-color-5)","background-image":"","background-repeat":"repeat","background-position":"center center","background-size":"auto","background-attachment":"scroll","background-type":"","background-media":"","overlay-type":"","overlay-color":"","overlay-opacity":"","overlay-gradient":""}},"footnotes":""},"class_list":["post-777","page","type-page","status-publish","hentry"],"_links":{"self":[{"href":"https:\/\/kylat.ekarjala.fi\/uimi\/wp-json\/wp\/v2\/pages\/777","targetHints":{"allow":["GET"]}}],"collection":[{"href":"https:\/\/kylat.ekarjala.fi\/uimi\/wp-json\/wp\/v2\/pages"}],"about":[{"href":"https:\/\/kylat.ekarjala.fi\/uimi\/wp-json\/wp\/v2\/types\/page"}],"author":[{"embeddable":true,"href":"https:\/\/kylat.ekarjala.fi\/uimi\/wp-json\/wp\/v2\/users\/143"}],"replies":[{"embeddable":true,"href":"https:\/\/kylat.ekarjala.fi\/uimi\/wp-json\/wp\/v2\/comments?post=777"}],"version-history":[{"count":20,"href":"https:\/\/kylat.ekarjala.fi\/uimi\/wp-json\/wp\/v2\/pages\/777\/revisions"}],"predecessor-version":[{"id":1187,"href":"https:\/\/kylat.ekarjala.fi\/uimi\/wp-json\/wp\/v2\/pages\/777\/revisions\/1187"}],"wp:attachment":[{"href":"https:\/\/kylat.ekarjala.fi\/uimi\/wp-json\/wp\/v2\/media?parent=777"}],"curies":[{"name":"wp","href":"https:\/\/api.w.org\/{rel}","templated":true}]}}