{"id":872,"date":"2022-11-09T18:27:59","date_gmt":"2022-11-09T18:27:59","guid":{"rendered":"https:\/\/kylat.ekarjala.fi\/uimi\/?page_id=872"},"modified":"2024-11-29T11:30:05","modified_gmt":"2024-11-29T11:30:05","slug":"tietoja-uimista","status":"publish","type":"page","link":"https:\/\/kylat.ekarjala.fi\/uimi\/tietoja-uimista\/","title":{"rendered":"Tietoja Uimista"},"content":{"rendered":"\t\t<div data-elementor-type=\"wp-page\" data-elementor-id=\"872\" class=\"elementor elementor-872\" data-elementor-post-type=\"page\">\n\t\t\t\t\t\t<section class=\"elementor-section elementor-top-section elementor-element elementor-element-470c993 elementor-section-boxed elementor-section-height-default elementor-section-height-default\" data-id=\"470c993\" data-element_type=\"section\" data-e-type=\"section\" data-settings=\"{&quot;background_background&quot;:&quot;classic&quot;}\">\n\t\t\t\t\t\t\t<div class=\"elementor-background-overlay\"><\/div>\n\t\t\t\t\t\t\t<div class=\"elementor-container elementor-column-gap-default\">\n\t\t\t\t\t<div class=\"elementor-column elementor-col-100 elementor-top-column elementor-element elementor-element-ee96544\" data-id=\"ee96544\" data-element_type=\"column\" data-e-type=\"column\">\n\t\t\t<div class=\"elementor-widget-wrap elementor-element-populated\">\n\t\t\t\t\t\t<div class=\"elementor-element elementor-element-d1cb1af elementor-widget elementor-widget-heading\" data-id=\"d1cb1af\" data-element_type=\"widget\" data-e-type=\"widget\" data-widget_type=\"heading.default\">\n\t\t\t\t<div class=\"elementor-widget-container\">\n\t\t\t\t\t<h1 class=\"elementor-heading-title elementor-size-default\">Tietoja Uimista<\/h1>\t\t\t\t<\/div>\n\t\t\t\t<\/div>\n\t\t\t\t\t<\/div>\n\t\t<\/div>\n\t\t\t\t\t<\/div>\n\t\t<\/section>\n\t\t\t\t<section class=\"elementor-section elementor-top-section elementor-element elementor-element-6a3ea67 elementor-section-boxed elementor-section-height-default elementor-section-height-default\" data-id=\"6a3ea67\" data-element_type=\"section\" data-e-type=\"section\">\n\t\t\t\t\t\t<div class=\"elementor-container elementor-column-gap-default\">\n\t\t\t\t\t<div class=\"elementor-column elementor-col-100 elementor-top-column elementor-element elementor-element-392c3ba\" data-id=\"392c3ba\" data-element_type=\"column\" data-e-type=\"column\">\n\t\t\t<div class=\"elementor-widget-wrap elementor-element-populated\">\n\t\t\t\t\t\t<div class=\"elementor-element elementor-element-2adf1f0 elementor-widget elementor-widget-text-editor\" data-id=\"2adf1f0\" data-element_type=\"widget\" data-e-type=\"widget\" data-widget_type=\"text-editor.default\">\n\t\t\t\t<div class=\"elementor-widget-container\">\n\t\t\t\t\t\t\t\t\t<p>Perim\u00e4tiedon mukaan Lemin vanhimmat talot sijaitsivat Uimilla Kivij\u00e4rven rannalla. Uiminniemelt\u00e4 ensimm\u00e4iset asukkaat olivat jo siirtyneet muualle, kun vuoden 1550 maakirjaan kirjattiin 29 lemil\u00e4iskyl\u00e4\u00e4. Niist\u00e4 Uiminniemi oli yksi. (Anu Talka: Pit\u00e4j\u00e4 ison kiven takana, ss.35-37)<\/p><div class=\"elementor-background-overlay\">\u00a0<\/div><div class=\"elementor-element elementor-element-edit-mode elementor-element-e44f513 elementor-element--toggle-edit-tools elementor-widget elementor-widget-text-editor ui-resizable\" data-id=\"e44f513\" data-element_type=\"widget\" data-model-cid=\"c57\" data-widget_type=\"text-editor.default\"><div class=\"elementor-element-overlay\">\u00a0<\/div><div class=\"elementor-widget-container\"><div class=\"elementor-text-editor elementor-clearfix elementor-inline-editing\" data-elementor-setting-key=\"editor\" data-elementor-inline-editing-toolbar=\"advanced\"><p>Vuosisatojen my\u00f6t\u00e4 Uiminniemi on hajautunut ja laajentunut useaksi kyl\u00e4ksi. Nyt Uimilla lasketaan, ett\u00e4 kyli\u00e4 on kuusi: Niemikyl\u00e4, Per\u00e4kyl\u00e4, Lahentaus, Saira, Kotalahti ja Tuuliainen. Lahentaus puolestaan pit\u00e4\u00e4 sis\u00e4ll\u00e4\u00e4n paikannimet Jukanen, Kinttu ja Pekari.<\/p><\/div><p>Uimin rajanaapureita ovat Luum\u00e4ki ja Savitaipale. Uimin koululla, ja my\u00f6hemmin Kotalahden koululla k\u00e4vi oppilaita my\u00f6s Luum\u00e4elt\u00e4. (Kuuksenen kuuluvilta 1, s- 29). Uiminniemi on my\u00f6s yksi Savitaipaleen maarekisterikyl\u00e4. Ennen Isojakoa kylill\u00e4 ja taloilla oli maita ristiin naapuripit\u00e4j\u00e4n puolella. (V\u00e4lijoen seudun historiaa, ss. 46-47). Niinp\u00e4 satunnaiselle kulkijalle tai karttoihin tutustujan pit\u00e4isi hieman varata aikaa Uiminniemen hahmottamiseksi.<\/p><\/div><\/div>\t\t\t\t\t\t\t\t<\/div>\n\t\t\t\t<\/div>\n\t\t\t\t\t<\/div>\n\t\t<\/div>\n\t\t\t\t\t<\/div>\n\t\t<\/section>\n\t\t\t\t<section class=\"elementor-section elementor-top-section elementor-element elementor-element-be7a284 elementor-section-boxed elementor-section-height-default elementor-section-height-default\" data-id=\"be7a284\" data-element_type=\"section\" data-e-type=\"section\">\n\t\t\t\t\t\t<div class=\"elementor-container elementor-column-gap-default\">\n\t\t\t\t\t<div class=\"elementor-column elementor-col-100 elementor-top-column elementor-element elementor-element-5e057ea\" data-id=\"5e057ea\" data-element_type=\"column\" data-e-type=\"column\">\n\t\t\t<div class=\"elementor-widget-wrap\">\n\t\t\t\t\t\t\t<\/div>\n\t\t<\/div>\n\t\t\t\t\t<\/div>\n\t\t<\/section>\n\t\t\t\t<\/div>\n\t\t","protected":false},"excerpt":{"rendered":"<p>Tietoja Uimista Perim\u00e4tiedon mukaan Lemin vanhimmat talot sijaitsivat Uimilla Kivij\u00e4rven rannalla. Uiminniemelt\u00e4 ensimm\u00e4iset asukkaat olivat jo siirtyneet muualle, kun vuoden 1550 maakirjaan kirjattiin 29 lemil\u00e4iskyl\u00e4\u00e4. Niist\u00e4 Uiminniemi oli yksi. (Anu Talka: Pit\u00e4j\u00e4 ison kiven takana, ss.35-37) \u00a0\u00a0 Vuosisatojen my\u00f6t\u00e4 Uiminniemi on hajautunut ja laajentunut useaksi kyl\u00e4ksi. Nyt Uimilla lasketaan, ett\u00e4 kyli\u00e4 on kuusi: Niemikyl\u00e4, Per\u00e4kyl\u00e4, [&hellip;]<\/p>\n","protected":false},"author":143,"featured_media":0,"parent":0,"menu_order":0,"comment_status":"closed","ping_status":"closed","template":"","meta":{"site-sidebar-layout":"no-sidebar","site-content-layout":"page-builder","ast-site-content-layout":"default","site-content-style":"default","site-sidebar-style":"default","ast-global-header-display":"","ast-banner-title-visibility":"","ast-main-header-display":"","ast-hfb-above-header-display":"","ast-hfb-below-header-display":"","ast-hfb-mobile-header-display":"","site-post-title":"disabled","ast-breadcrumbs-content":"","ast-featured-img":"disabled","footer-sml-layout":"","ast-disable-related-posts":"","theme-transparent-header-meta":"","adv-header-id-meta":"","stick-header-meta":"","header-above-stick-meta":"","header-main-stick-meta":"","header-below-stick-meta":"","astra-migrate-meta-layouts":"default","ast-page-background-enabled":"default","ast-page-background-meta":{"desktop":{"background-color":"","background-image":"","background-repeat":"repeat","background-position":"center center","background-size":"auto","background-attachment":"scroll","background-type":"","background-media":"","overlay-type":"","overlay-color":"","overlay-opacity":"","overlay-gradient":""},"tablet":{"background-color":"","background-image":"","background-repeat":"repeat","background-position":"center center","background-size":"auto","background-attachment":"scroll","background-type":"","background-media":"","overlay-type":"","overlay-color":"","overlay-opacity":"","overlay-gradient":""},"mobile":{"background-color":"","background-image":"","background-repeat":"repeat","background-position":"center center","background-size":"auto","background-attachment":"scroll","background-type":"","background-media":"","overlay-type":"","overlay-color":"","overlay-opacity":"","overlay-gradient":""}},"ast-content-background-meta":{"desktop":{"background-color":"var(--ast-global-color-5)","background-image":"","background-repeat":"repeat","background-position":"center center","background-size":"auto","background-attachment":"scroll","background-type":"","background-media":"","overlay-type":"","overlay-color":"","overlay-opacity":"","overlay-gradient":""},"tablet":{"background-color":"var(--ast-global-color-5)","background-image":"","background-repeat":"repeat","background-position":"center center","background-size":"auto","background-attachment":"scroll","background-type":"","background-media":"","overlay-type":"","overlay-color":"","overlay-opacity":"","overlay-gradient":""},"mobile":{"background-color":"var(--ast-global-color-5)","background-image":"","background-repeat":"repeat","background-position":"center center","background-size":"auto","background-attachment":"scroll","background-type":"","background-media":"","overlay-type":"","overlay-color":"","overlay-opacity":"","overlay-gradient":""}},"footnotes":""},"class_list":["post-872","page","type-page","status-publish","hentry"],"_links":{"self":[{"href":"https:\/\/kylat.ekarjala.fi\/uimi\/wp-json\/wp\/v2\/pages\/872","targetHints":{"allow":["GET"]}}],"collection":[{"href":"https:\/\/kylat.ekarjala.fi\/uimi\/wp-json\/wp\/v2\/pages"}],"about":[{"href":"https:\/\/kylat.ekarjala.fi\/uimi\/wp-json\/wp\/v2\/types\/page"}],"author":[{"embeddable":true,"href":"https:\/\/kylat.ekarjala.fi\/uimi\/wp-json\/wp\/v2\/users\/143"}],"replies":[{"embeddable":true,"href":"https:\/\/kylat.ekarjala.fi\/uimi\/wp-json\/wp\/v2\/comments?post=872"}],"version-history":[{"count":13,"href":"https:\/\/kylat.ekarjala.fi\/uimi\/wp-json\/wp\/v2\/pages\/872\/revisions"}],"predecessor-version":[{"id":1424,"href":"https:\/\/kylat.ekarjala.fi\/uimi\/wp-json\/wp\/v2\/pages\/872\/revisions\/1424"}],"wp:attachment":[{"href":"https:\/\/kylat.ekarjala.fi\/uimi\/wp-json\/wp\/v2\/media?parent=872"}],"curies":[{"name":"wp","href":"https:\/\/api.w.org\/{rel}","templated":true}]}}