{"id":101,"date":"2012-01-18T11:17:19","date_gmt":"2012-01-18T11:47:19","guid":{"rendered":"https:\/\/kylat.ekarjala.fi\/vainikkala\/?page_id=101"},"modified":"2012-01-18T11:17:19","modified_gmt":"2012-01-18T11:47:19","slug":"nimikilpailu-2008","status":"publish","type":"page","link":"https:\/\/kylat.ekarjala.fi\/vainikkala\/harrastukset\/teatteri\/nimikilpailu-2008\/","title":{"rendered":"Nimikilpailu 2008"},"content":{"rendered":"<p style=\"text-align: center\">Muistathan nimet Hippo Hiihtomaa, Sale Puisto ja Nurminen Areena? Nimet ovat kunnianosoituksia Vainikkalan kehitt\u00e4mishankkeen sponsoreille: Etel\u00e4-Karjalan Osuuspankille, Etel\u00e4-Karjalan Osuuskaupalle ja Nurminen Logistics Oyj:lle. Yritykset tukivat taloudellisesti My\u00f6t\u00e4virtaan ry:t\u00e4 kes\u00e4ll\u00e4 p\u00e4\u00e4ttynytt\u00e4 kyl\u00e4hanketta, varsinkin hankkeen k\u00e4ynnistyess\u00e4 kev\u00e4\u00e4ll\u00e4 2005. Ilman saatua tukea hanketta ei olisi voitu toteuttaa sill\u00e4 laajuudella kuin nyt on toteutunut.<\/p>\n<p style=\"text-align: center\">Halusimme nimikilpailulla kokeilla l\u00f6ytyisik\u00f6 Vainikkalan kes\u00e4teatterille, viralliselta nimelt\u00e4\u00e4n Nurminen Areena, hyv\u00e4 ja sen toimintaa kuvaava lempinimi.<\/p>\n<p style=\"text-align: center\">Kilpailun voittonimi Rinnelava voidaan nyt ottaa yleiseen k\u00e4ytt\u00f6\u00f6n teatterin virallisen nimen Nurminen Areena rinnalle. Nime\u00e4 voidaan k\u00e4ytt\u00e4\u00e4 ilmoittelussa, opasteissa, kylteiss\u00e4, kartoissa ja muussa informaatiossa.<\/p>\n<p style=\"text-align: left\"><em>Sauli Vainikka, My\u00f6t\u00e4virtaan ry<\/em><\/p>\n","protected":false},"excerpt":{"rendered":"<p>Muistathan nimet Hippo Hiihtomaa, Sale Puisto ja Nurminen Areena? Nimet ovat kunnianosoituksia Vainikkalan kehitt\u00e4mishankkeen sponsoreille: Etel\u00e4-Karjalan Osuuspankille, Etel\u00e4-Karjalan Osuuskaupalle ja Nurminen Logistics Oyj:lle. Yritykset tukivat taloudellisesti My\u00f6t\u00e4virtaan ry:t\u00e4 kes\u00e4ll\u00e4 p\u00e4\u00e4ttynytt\u00e4 kyl\u00e4hanketta, varsinkin hankkeen k\u00e4ynnistyess\u00e4 kev\u00e4\u00e4ll\u00e4 2005. Ilman saatua tukea hanketta &hellip; <a href=\"https:\/\/kylat.ekarjala.fi\/vainikkala\/harrastukset\/teatteri\/nimikilpailu-2008\/\">Lue loppuun <span class=\"meta-nav\">&rarr;<\/span><\/a><\/p>\n","protected":false},"author":96,"featured_media":0,"parent":55,"menu_order":0,"comment_status":"open","ping_status":"open","template":"","meta":{"footnotes":""},"class_list":["post-101","page","type-page","status-publish","hentry"],"_links":{"self":[{"href":"https:\/\/kylat.ekarjala.fi\/vainikkala\/wp-json\/wp\/v2\/pages\/101","targetHints":{"allow":["GET"]}}],"collection":[{"href":"https:\/\/kylat.ekarjala.fi\/vainikkala\/wp-json\/wp\/v2\/pages"}],"about":[{"href":"https:\/\/kylat.ekarjala.fi\/vainikkala\/wp-json\/wp\/v2\/types\/page"}],"author":[{"embeddable":true,"href":"https:\/\/kylat.ekarjala.fi\/vainikkala\/wp-json\/wp\/v2\/users\/96"}],"replies":[{"embeddable":true,"href":"https:\/\/kylat.ekarjala.fi\/vainikkala\/wp-json\/wp\/v2\/comments?post=101"}],"version-history":[{"count":1,"href":"https:\/\/kylat.ekarjala.fi\/vainikkala\/wp-json\/wp\/v2\/pages\/101\/revisions"}],"predecessor-version":[{"id":102,"href":"https:\/\/kylat.ekarjala.fi\/vainikkala\/wp-json\/wp\/v2\/pages\/101\/revisions\/102"}],"up":[{"embeddable":true,"href":"https:\/\/kylat.ekarjala.fi\/vainikkala\/wp-json\/wp\/v2\/pages\/55"}],"wp:attachment":[{"href":"https:\/\/kylat.ekarjala.fi\/vainikkala\/wp-json\/wp\/v2\/media?parent=101"}],"curies":[{"name":"wp","href":"https:\/\/api.w.org\/{rel}","templated":true}]}}