{"id":103,"date":"2012-01-18T11:19:52","date_gmt":"2012-01-18T11:49:52","guid":{"rendered":"https:\/\/kylat.ekarjala.fi\/vainikkala\/?page_id=103"},"modified":"2014-05-11T10:27:01","modified_gmt":"2014-05-11T10:57:01","slug":"naisten-sisaliikunta","status":"publish","type":"page","link":"https:\/\/kylat.ekarjala.fi\/vainikkala\/harrastukset\/liikunta\/naisten-sisaliikunta\/","title":{"rendered":"Jumpat"},"content":{"rendered":"<p>Sek\u00e4 jumppaajat, ett\u00e4 jumppauttajat kiitt\u00e4v\u00e4t kuluneesta kev\u00e4tkaudesta!<\/p>\n","protected":false},"excerpt":{"rendered":"<p>Sek\u00e4 jumppaajat, ett\u00e4 jumppauttajat kiitt\u00e4v\u00e4t kuluneesta kev\u00e4tkaudesta!<\/p>\n","protected":false},"author":96,"featured_media":0,"parent":50,"menu_order":0,"comment_status":"open","ping_status":"open","template":"","meta":{"footnotes":""},"class_list":["post-103","page","type-page","status-publish","hentry"],"_links":{"self":[{"href":"https:\/\/kylat.ekarjala.fi\/vainikkala\/wp-json\/wp\/v2\/pages\/103","targetHints":{"allow":["GET"]}}],"collection":[{"href":"https:\/\/kylat.ekarjala.fi\/vainikkala\/wp-json\/wp\/v2\/pages"}],"about":[{"href":"https:\/\/kylat.ekarjala.fi\/vainikkala\/wp-json\/wp\/v2\/types\/page"}],"author":[{"embeddable":true,"href":"https:\/\/kylat.ekarjala.fi\/vainikkala\/wp-json\/wp\/v2\/users\/96"}],"replies":[{"embeddable":true,"href":"https:\/\/kylat.ekarjala.fi\/vainikkala\/wp-json\/wp\/v2\/comments?post=103"}],"version-history":[{"count":19,"href":"https:\/\/kylat.ekarjala.fi\/vainikkala\/wp-json\/wp\/v2\/pages\/103\/revisions"}],"predecessor-version":[{"id":1234,"href":"https:\/\/kylat.ekarjala.fi\/vainikkala\/wp-json\/wp\/v2\/pages\/103\/revisions\/1234"}],"up":[{"embeddable":true,"href":"https:\/\/kylat.ekarjala.fi\/vainikkala\/wp-json\/wp\/v2\/pages\/50"}],"wp:attachment":[{"href":"https:\/\/kylat.ekarjala.fi\/vainikkala\/wp-json\/wp\/v2\/media?parent=103"}],"curies":[{"name":"wp","href":"https:\/\/api.w.org\/{rel}","templated":true}]}}