{"id":1048,"date":"2013-12-28T08:26:33","date_gmt":"2013-12-28T08:56:33","guid":{"rendered":"https:\/\/kylat.ekarjala.fi\/vainikkala\/?page_id=1048"},"modified":"2014-10-12T19:01:06","modified_gmt":"2014-10-12T19:31:06","slug":"palvelut","status":"publish","type":"page","link":"https:\/\/kylat.ekarjala.fi\/vainikkala\/palvelut\/","title":{"rendered":"Palvelut"},"content":{"rendered":"<p>Kyl\u00e4mme palveluista voit lukea alla olevia linkkej\u00e4 klikkaamalla. Olemme koonneet sivustolle my\u00f6s l\u00e4hikyl\u00e4n palvelut, joita kyl\u00e4l\u00e4isten kannattaa hy\u00f6dynt\u00e4\u00e4.<\/p>\n<p><a title=\"Ravintola Ukko-Pekka\" href=\"https:\/\/kylat.ekarjala.fi\/vainikkala\/palvelut\/ravintola-ukko-pekka\/\">Elintarvike- ja p\u00e4ivitt\u00e4istavaramyynti<\/a><\/p>\n<p><a title=\"Kierr\u00e4tyspiste\" href=\"https:\/\/kylat.ekarjala.fi\/vainikkala\/palvelut\/kierratyspiste\/\">Kierr\u00e4tyspiste<\/a><\/p>\n<p><a title=\"Kirjastoauto\" href=\"https:\/\/kylat.ekarjala.fi\/vainikkala\/palvelut\/kirjastoauto\/\">Kirjastoauto<\/a><\/p>\n<p><a title=\"Uutis-Vainikkala\" href=\"https:\/\/kylat.ekarjala.fi\/vainikkala\/uutis-vainikkala\/\">Kyl\u00e4lehti<\/a><\/p>\n<p><a title=\"Lasten ryhm\u00e4perhep\u00e4iv\u00e4hoito\" href=\"https:\/\/kylat.ekarjala.fi\/vainikkala\/palvelut\/lasten-ryhmaperhepaivahoito\/\">Lasten ryhm\u00e4perhep\u00e4iv\u00e4hoito<\/a><\/p>\n<p><a title=\"Lasten leikkipuisto Muksula\" href=\"https:\/\/kylat.ekarjala.fi\/vainikkala\/palvelut\/lasten-leikkipuisto-muksula\/\">Lasten leikkipuisto Muksula<\/a><\/p>\n<p><a title=\"Joukkoliikenne\" href=\"https:\/\/kylat.ekarjala.fi\/vainikkala\/joukkoliikenne\/\">Linja-autot ja linjataksit<\/a><\/p>\n<p><a title=\"Linnunp\u00f6ntt\u00f6j\u00e4\" href=\"https:\/\/kylat.ekarjala.fi\/vainikkala\/palvelut\/linnunponttoja\/\">Linnunp\u00f6ntt\u00f6j\u00e4<\/a><\/p>\n<p><a title=\"Polttopuita\" href=\"https:\/\/kylat.ekarjala.fi\/vainikkala\/palvelut\/polttopuita\/\">Polttopuita<\/a><\/p>\n<p><a title=\"Postin kirjelaatikko\" href=\"https:\/\/kylat.ekarjala.fi\/vainikkala\/palvelut\/postin-kirjelaatikko\/\">Postin kirjelaatikko<\/a><\/p>\n<p><a title=\"Rapuja\" href=\"https:\/\/kylat.ekarjala.fi\/vainikkala\/palvelut\/rapuja\/\">Rapuja<\/a><\/p>\n<p><a title=\"Ravintola Ukko-Pekka\" href=\"https:\/\/kylat.ekarjala.fi\/vainikkala\/palvelut\/ravintola-ukko-pekka\/\">Ravintola<\/a><\/p>\n<p><a title=\"Taksi\" href=\"https:\/\/kylat.ekarjala.fi\/vainikkala\/palvelut\/taksi\/\">Taksi<\/a><\/p>\n<p><a title=\"Terveyspalvelut\" href=\"https:\/\/kylat.ekarjala.fi\/vainikkala\/palvelut\/terveyspalvelut\/\">Terveyspalvelut<\/a><\/p>\n","protected":false},"excerpt":{"rendered":"<p>Kyl\u00e4mme palveluista voit lukea alla olevia linkkej\u00e4 klikkaamalla. Olemme koonneet sivustolle my\u00f6s l\u00e4hikyl\u00e4n palvelut, joita kyl\u00e4l\u00e4isten kannattaa hy\u00f6dynt\u00e4\u00e4. Elintarvike- ja p\u00e4ivitt\u00e4istavaramyynti Kierr\u00e4tyspiste Kirjastoauto Kyl\u00e4lehti Lasten ryhm\u00e4perhep\u00e4iv\u00e4hoito Lasten leikkipuisto Muksula Linja-autot ja linjataksit Linnunp\u00f6ntt\u00f6j\u00e4 Polttopuita Postin kirjelaatikko Rapuja Ravintola Taksi Terveyspalvelut<\/p>\n","protected":false},"author":80,"featured_media":0,"parent":0,"menu_order":3,"comment_status":"open","ping_status":"closed","template":"","meta":{"footnotes":""},"class_list":["post-1048","page","type-page","status-publish","hentry"],"_links":{"self":[{"href":"https:\/\/kylat.ekarjala.fi\/vainikkala\/wp-json\/wp\/v2\/pages\/1048","targetHints":{"allow":["GET"]}}],"collection":[{"href":"https:\/\/kylat.ekarjala.fi\/vainikkala\/wp-json\/wp\/v2\/pages"}],"about":[{"href":"https:\/\/kylat.ekarjala.fi\/vainikkala\/wp-json\/wp\/v2\/types\/page"}],"author":[{"embeddable":true,"href":"https:\/\/kylat.ekarjala.fi\/vainikkala\/wp-json\/wp\/v2\/users\/80"}],"replies":[{"embeddable":true,"href":"https:\/\/kylat.ekarjala.fi\/vainikkala\/wp-json\/wp\/v2\/comments?post=1048"}],"version-history":[{"count":6,"href":"https:\/\/kylat.ekarjala.fi\/vainikkala\/wp-json\/wp\/v2\/pages\/1048\/revisions"}],"predecessor-version":[{"id":1315,"href":"https:\/\/kylat.ekarjala.fi\/vainikkala\/wp-json\/wp\/v2\/pages\/1048\/revisions\/1315"}],"wp:attachment":[{"href":"https:\/\/kylat.ekarjala.fi\/vainikkala\/wp-json\/wp\/v2\/media?parent=1048"}],"curies":[{"name":"wp","href":"https:\/\/api.w.org\/{rel}","templated":true}]}}