{"id":1050,"date":"2013-12-28T08:30:37","date_gmt":"2013-12-28T09:00:37","guid":{"rendered":"https:\/\/kylat.ekarjala.fi\/vainikkala\/?page_id=1050"},"modified":"2013-12-28T08:30:37","modified_gmt":"2013-12-28T09:00:37","slug":"kierratyspiste","status":"publish","type":"page","link":"https:\/\/kylat.ekarjala.fi\/vainikkala\/palvelut\/kierratyspiste\/","title":{"rendered":"Kierr\u00e4tyspiste"},"content":{"rendered":"<p>T\u00f6ll\u00f6suon kierr\u00e4tyspisteeseen\u00a0 voit tuoda:<\/p>\n<p>&#8211; kotiker\u00e4yspaperia<br \/>\n&#8211; lasia<\/p>\n<p>K\u00e4ytettyjen paristojen ker\u00e4yspiste on lakkautettu. Paristojen myyntipaikat ottavat nykyisin vastaan k\u00e4ytetyt paristot.<\/p>\n<p>T\u00e4ll\u00f6suolle EI SAA tuoda metalliromua, rakennusj\u00e4tett\u00e4 ja ongelmaj\u00e4tteit\u00e4.<\/p>\n<p><a href=\"http:\/\/www.ekjh.fi\/palveluverkosto_ja_jateasemat_La.html\" target=\"_blank\">Linkki Etel\u00e4-Karjalan J\u00e4tehuolto Oy<\/a><\/p>\n","protected":false},"excerpt":{"rendered":"<p>T\u00f6ll\u00f6suon kierr\u00e4tyspisteeseen\u00a0 voit tuoda: &#8211; kotiker\u00e4yspaperia &#8211; lasia K\u00e4ytettyjen paristojen ker\u00e4yspiste on lakkautettu. Paristojen myyntipaikat ottavat nykyisin vastaan k\u00e4ytetyt paristot. T\u00e4ll\u00f6suolle EI SAA tuoda metalliromua, rakennusj\u00e4tett\u00e4 ja ongelmaj\u00e4tteit\u00e4. Linkki Etel\u00e4-Karjalan J\u00e4tehuolto Oy<\/p>\n","protected":false},"author":80,"featured_media":0,"parent":1048,"menu_order":0,"comment_status":"open","ping_status":"closed","template":"","meta":{"footnotes":""},"class_list":["post-1050","page","type-page","status-publish","hentry"],"_links":{"self":[{"href":"https:\/\/kylat.ekarjala.fi\/vainikkala\/wp-json\/wp\/v2\/pages\/1050","targetHints":{"allow":["GET"]}}],"collection":[{"href":"https:\/\/kylat.ekarjala.fi\/vainikkala\/wp-json\/wp\/v2\/pages"}],"about":[{"href":"https:\/\/kylat.ekarjala.fi\/vainikkala\/wp-json\/wp\/v2\/types\/page"}],"author":[{"embeddable":true,"href":"https:\/\/kylat.ekarjala.fi\/vainikkala\/wp-json\/wp\/v2\/users\/80"}],"replies":[{"embeddable":true,"href":"https:\/\/kylat.ekarjala.fi\/vainikkala\/wp-json\/wp\/v2\/comments?post=1050"}],"version-history":[{"count":1,"href":"https:\/\/kylat.ekarjala.fi\/vainikkala\/wp-json\/wp\/v2\/pages\/1050\/revisions"}],"predecessor-version":[{"id":1051,"href":"https:\/\/kylat.ekarjala.fi\/vainikkala\/wp-json\/wp\/v2\/pages\/1050\/revisions\/1051"}],"up":[{"embeddable":true,"href":"https:\/\/kylat.ekarjala.fi\/vainikkala\/wp-json\/wp\/v2\/pages\/1048"}],"wp:attachment":[{"href":"https:\/\/kylat.ekarjala.fi\/vainikkala\/wp-json\/wp\/v2\/media?parent=1050"}],"curies":[{"name":"wp","href":"https:\/\/api.w.org\/{rel}","templated":true}]}}