{"id":1055,"date":"2013-12-28T08:36:38","date_gmt":"2013-12-28T09:06:38","guid":{"rendered":"https:\/\/kylat.ekarjala.fi\/vainikkala\/?page_id=1055"},"modified":"2014-02-27T08:09:15","modified_gmt":"2014-02-27T08:39:15","slug":"lasten-leikkipuisto-muksula","status":"publish","type":"page","link":"https:\/\/kylat.ekarjala.fi\/vainikkala\/palvelut\/lasten-leikkipuisto-muksula\/","title":{"rendered":"Lasten leikkipuisto Muksula"},"content":{"rendered":"<div id=\"attachment_1190\" style=\"width: 310px\" class=\"wp-caption alignnone\"><a href=\"https:\/\/kylat.ekarjala.fi\/vainikkala\/wp-content\/uploads\/sites\/36\/2013\/12\/IMG_4071.jpg\"><img loading=\"lazy\" decoding=\"async\" aria-describedby=\"caption-attachment-1190\" class=\"size-medium wp-image-1190\" alt=\"Muksulan leikkim\u00f6kki\" src=\"https:\/\/kylat.ekarjala.fi\/vainikkala\/wp-content\/uploads\/sites\/36\/2013\/12\/IMG_4071-300x225.jpg\" width=\"300\" height=\"225\" srcset=\"https:\/\/kylat.ekarjala.fi\/vainikkala\/wp-content\/uploads\/sites\/36\/2013\/12\/IMG_4071-300x225.jpg 300w, https:\/\/kylat.ekarjala.fi\/vainikkala\/wp-content\/uploads\/sites\/36\/2013\/12\/IMG_4071-1024x768.jpg 1024w, https:\/\/kylat.ekarjala.fi\/vainikkala\/wp-content\/uploads\/sites\/36\/2013\/12\/IMG_4071.jpg 1600w\" sizes=\"auto, (max-width: 300px) 100vw, 300px\" \/><\/a><p id=\"caption-attachment-1190\" class=\"wp-caption-text\">Muksulan leikkim\u00f6kki<\/p><\/div>\n<p>Lasten leikkipuisto Muksula sijaitsee ryhm\u00e4perhep\u00e4iv\u00e4hoitopaikan vastap\u00e4\u00e4t\u00e4, Rikkil\u00e4ntie 38:n toisella puolella. Puiston leikkiv\u00e4lineet ovat Lappeenrannan kaupungin omistamia ja yll\u00e4pit\u00e4mi\u00e4. Lasten vanhemmat ja kyl\u00e4toimikunta osallistuvat my\u00f6s puiston yll\u00e4pitoteht\u00e4vin.<\/p>\n","protected":false},"excerpt":{"rendered":"<p>Lasten leikkipuisto Muksula sijaitsee ryhm\u00e4perhep\u00e4iv\u00e4hoitopaikan vastap\u00e4\u00e4t\u00e4, Rikkil\u00e4ntie 38:n toisella puolella. Puiston leikkiv\u00e4lineet ovat Lappeenrannan kaupungin omistamia ja yll\u00e4pit\u00e4mi\u00e4. Lasten vanhemmat ja kyl\u00e4toimikunta osallistuvat my\u00f6s puiston yll\u00e4pitoteht\u00e4vin.<\/p>\n","protected":false},"author":80,"featured_media":0,"parent":1048,"menu_order":0,"comment_status":"open","ping_status":"closed","template":"","meta":{"footnotes":""},"class_list":["post-1055","page","type-page","status-publish","hentry"],"_links":{"self":[{"href":"https:\/\/kylat.ekarjala.fi\/vainikkala\/wp-json\/wp\/v2\/pages\/1055","targetHints":{"allow":["GET"]}}],"collection":[{"href":"https:\/\/kylat.ekarjala.fi\/vainikkala\/wp-json\/wp\/v2\/pages"}],"about":[{"href":"https:\/\/kylat.ekarjala.fi\/vainikkala\/wp-json\/wp\/v2\/types\/page"}],"author":[{"embeddable":true,"href":"https:\/\/kylat.ekarjala.fi\/vainikkala\/wp-json\/wp\/v2\/users\/80"}],"replies":[{"embeddable":true,"href":"https:\/\/kylat.ekarjala.fi\/vainikkala\/wp-json\/wp\/v2\/comments?post=1055"}],"version-history":[{"count":3,"href":"https:\/\/kylat.ekarjala.fi\/vainikkala\/wp-json\/wp\/v2\/pages\/1055\/revisions"}],"predecessor-version":[{"id":1191,"href":"https:\/\/kylat.ekarjala.fi\/vainikkala\/wp-json\/wp\/v2\/pages\/1055\/revisions\/1191"}],"up":[{"embeddable":true,"href":"https:\/\/kylat.ekarjala.fi\/vainikkala\/wp-json\/wp\/v2\/pages\/1048"}],"wp:attachment":[{"href":"https:\/\/kylat.ekarjala.fi\/vainikkala\/wp-json\/wp\/v2\/media?parent=1055"}],"curies":[{"name":"wp","href":"https:\/\/api.w.org\/{rel}","templated":true}]}}