{"id":1060,"date":"2013-12-28T08:41:51","date_gmt":"2013-12-28T09:11:51","guid":{"rendered":"https:\/\/kylat.ekarjala.fi\/vainikkala\/?page_id=1060"},"modified":"2013-12-28T08:41:51","modified_gmt":"2013-12-28T09:11:51","slug":"polttopuita","status":"publish","type":"page","link":"https:\/\/kylat.ekarjala.fi\/vainikkala\/palvelut\/polttopuita\/","title":{"rendered":"Polttopuita"},"content":{"rendered":"<p>T\u00e4ll\u00e4 sivulla voivat polttopuun myyj\u00e4t ja v\u00e4litt\u00e4j\u00e4t ilmoittaa palveluistaan.<\/p>\n<p><strong>Koivuklapia kotiin toimitettuna<\/strong><\/p>\n<p>Myyd\u00e4\u00e4n hyv\u00e4laatuista koivuklapia kotiin toimitettuna<\/p>\n<p>Jarkko Tikka<br \/>\np. 0400 917637<\/p>\n<p><strong>Polttopuuta<\/strong><\/p>\n<p>Polttopuuta sahauksen sivutuotteena sek\u00e4 my\u00f6s muuta polttopuuta.<\/p>\n<p>Tmi Mikko Vainikka<br \/>\nRikkil\u00e4ntie 100, 54270 Vainikkala<br \/>\nPuh. 050 5713167<\/p>\n","protected":false},"excerpt":{"rendered":"<p>T\u00e4ll\u00e4 sivulla voivat polttopuun myyj\u00e4t ja v\u00e4litt\u00e4j\u00e4t ilmoittaa palveluistaan. Koivuklapia kotiin toimitettuna Myyd\u00e4\u00e4n hyv\u00e4laatuista koivuklapia kotiin toimitettuna Jarkko Tikka p. 0400 917637 Polttopuuta Polttopuuta sahauksen sivutuotteena sek\u00e4 my\u00f6s muuta polttopuuta. Tmi Mikko Vainikka Rikkil\u00e4ntie 100, 54270 Vainikkala Puh. 050 5713167<\/p>\n","protected":false},"author":80,"featured_media":0,"parent":1048,"menu_order":0,"comment_status":"open","ping_status":"closed","template":"","meta":{"footnotes":""},"class_list":["post-1060","page","type-page","status-publish","hentry"],"_links":{"self":[{"href":"https:\/\/kylat.ekarjala.fi\/vainikkala\/wp-json\/wp\/v2\/pages\/1060","targetHints":{"allow":["GET"]}}],"collection":[{"href":"https:\/\/kylat.ekarjala.fi\/vainikkala\/wp-json\/wp\/v2\/pages"}],"about":[{"href":"https:\/\/kylat.ekarjala.fi\/vainikkala\/wp-json\/wp\/v2\/types\/page"}],"author":[{"embeddable":true,"href":"https:\/\/kylat.ekarjala.fi\/vainikkala\/wp-json\/wp\/v2\/users\/80"}],"replies":[{"embeddable":true,"href":"https:\/\/kylat.ekarjala.fi\/vainikkala\/wp-json\/wp\/v2\/comments?post=1060"}],"version-history":[{"count":1,"href":"https:\/\/kylat.ekarjala.fi\/vainikkala\/wp-json\/wp\/v2\/pages\/1060\/revisions"}],"predecessor-version":[{"id":1061,"href":"https:\/\/kylat.ekarjala.fi\/vainikkala\/wp-json\/wp\/v2\/pages\/1060\/revisions\/1061"}],"up":[{"embeddable":true,"href":"https:\/\/kylat.ekarjala.fi\/vainikkala\/wp-json\/wp\/v2\/pages\/1048"}],"wp:attachment":[{"href":"https:\/\/kylat.ekarjala.fi\/vainikkala\/wp-json\/wp\/v2\/media?parent=1060"}],"curies":[{"name":"wp","href":"https:\/\/api.w.org\/{rel}","templated":true}]}}