{"id":1065,"date":"2013-12-28T08:46:24","date_gmt":"2013-12-28T09:16:24","guid":{"rendered":"https:\/\/kylat.ekarjala.fi\/vainikkala\/?page_id=1065"},"modified":"2013-12-28T08:46:24","modified_gmt":"2013-12-28T09:16:24","slug":"ravintola-ukko-pekka","status":"publish","type":"page","link":"https:\/\/kylat.ekarjala.fi\/vainikkala\/palvelut\/ravintola-ukko-pekka\/","title":{"rendered":"Ravintola Ukko-Pekka"},"content":{"rendered":"<p>Ravintola Ukko-Pekka on Vainikkalan rautatieasemalla (osoite Rajamiehentie 46) toimiva osakeyhti\u00f6muotoinen lounas- ja viihderavintola a-oikeuksin.\u00a0Ukko-Pekka\u00a0perustettiin vuonna 1997 Avecra Oy:lt\u00e4 vapautuneisiin tiloihin.<\/p>\n<p><b>Palvelut<\/b><\/p>\n<ul>\n<li>A-oikeudet<\/li>\n<li>Joka p\u00e4iv\u00e4 lounasta, pizzaa ja salaatteja<\/li>\n<li>Kahvihetkelle pullaa ja pient\u00e4 purtavaa<\/li>\n<li>Virvokkeita ja makeisia<\/li>\n<li>T\u00e4yte- ja voileip\u00e4kakut tilauksesta<\/li>\n<li>juhla- ja yksityistilaisuudet tilauksesta<\/li>\n<li>Ukkis Shop (elintarvike, p\u00e4ivtt\u00e4istavaraa, olut- ja siideri v\u00e4hitt\u00e4ismyynti)<\/li>\n<\/ul>\n<p>Kerran kuukaudessa j\u00e4rjest\u00e4mme viihdeohjelmaa<br \/>\n( mm. tanssit, karaoke tai DJ iltoja ) Monipuolinen ja viihtyis\u00e4 paikka, jossa on yst\u00e4v\u00e4llinen henkil\u00f6kunta. Asiakaspaikkoja on noin 40 ja kes\u00e4isin terassille mahtuu saman verran asiakkaitta.<\/p>\n<p>Siirry linkist\u00e4 <a href=\"http:\/\/ravintolaukkopekka.fi\/index.php?pinc=1\" target=\"_blank\">Ukkiksen omille sivuille.<\/a> Saat sielt\u00e4 ajankohtaista tietoa.<\/p>\n","protected":false},"excerpt":{"rendered":"<p>Ravintola Ukko-Pekka on Vainikkalan rautatieasemalla (osoite Rajamiehentie 46) toimiva osakeyhti\u00f6muotoinen lounas- ja viihderavintola a-oikeuksin.\u00a0Ukko-Pekka\u00a0perustettiin vuonna 1997 Avecra Oy:lt\u00e4 vapautuneisiin tiloihin. Palvelut A-oikeudet Joka p\u00e4iv\u00e4 lounasta, pizzaa ja salaatteja Kahvihetkelle pullaa ja pient\u00e4 purtavaa Virvokkeita ja makeisia T\u00e4yte- ja voileip\u00e4kakut tilauksesta &hellip; <a href=\"https:\/\/kylat.ekarjala.fi\/vainikkala\/palvelut\/ravintola-ukko-pekka\/\">Lue loppuun <span class=\"meta-nav\">&rarr;<\/span><\/a><\/p>\n","protected":false},"author":80,"featured_media":0,"parent":1048,"menu_order":0,"comment_status":"open","ping_status":"closed","template":"","meta":{"footnotes":""},"class_list":["post-1065","page","type-page","status-publish","hentry"],"_links":{"self":[{"href":"https:\/\/kylat.ekarjala.fi\/vainikkala\/wp-json\/wp\/v2\/pages\/1065","targetHints":{"allow":["GET"]}}],"collection":[{"href":"https:\/\/kylat.ekarjala.fi\/vainikkala\/wp-json\/wp\/v2\/pages"}],"about":[{"href":"https:\/\/kylat.ekarjala.fi\/vainikkala\/wp-json\/wp\/v2\/types\/page"}],"author":[{"embeddable":true,"href":"https:\/\/kylat.ekarjala.fi\/vainikkala\/wp-json\/wp\/v2\/users\/80"}],"replies":[{"embeddable":true,"href":"https:\/\/kylat.ekarjala.fi\/vainikkala\/wp-json\/wp\/v2\/comments?post=1065"}],"version-history":[{"count":1,"href":"https:\/\/kylat.ekarjala.fi\/vainikkala\/wp-json\/wp\/v2\/pages\/1065\/revisions"}],"predecessor-version":[{"id":1066,"href":"https:\/\/kylat.ekarjala.fi\/vainikkala\/wp-json\/wp\/v2\/pages\/1065\/revisions\/1066"}],"up":[{"embeddable":true,"href":"https:\/\/kylat.ekarjala.fi\/vainikkala\/wp-json\/wp\/v2\/pages\/1048"}],"wp:attachment":[{"href":"https:\/\/kylat.ekarjala.fi\/vainikkala\/wp-json\/wp\/v2\/media?parent=1065"}],"curies":[{"name":"wp","href":"https:\/\/api.w.org\/{rel}","templated":true}]}}