{"id":1067,"date":"2013-12-28T08:51:46","date_gmt":"2013-12-28T09:21:46","guid":{"rendered":"https:\/\/kylat.ekarjala.fi\/vainikkala\/?page_id=1067"},"modified":"2013-12-28T08:51:46","modified_gmt":"2013-12-28T09:21:46","slug":"keikkahistoria","status":"publish","type":"page","link":"https:\/\/kylat.ekarjala.fi\/vainikkala\/yritykset\/ravintola-ukko-pekka\/keikkahistoria\/","title":{"rendered":"Keikkahistoria"},"content":{"rendered":"<p><strong>Ukkiksen keikkahistoriaa<\/strong><\/p>\n<div id=\"attachment_1068\" style=\"width: 310px\" class=\"wp-caption alignnone\"><a href=\"https:\/\/kylat.ekarjala.fi\/vainikkala\/wp-content\/uploads\/sites\/36\/2013\/12\/marstio.jpg\"><img loading=\"lazy\" decoding=\"async\" aria-describedby=\"caption-attachment-1068\" class=\"size-medium wp-image-1068\" alt=\"Harri Marstio Ukkiksessa 23.3.2013\" src=\"https:\/\/kylat.ekarjala.fi\/vainikkala\/wp-content\/uploads\/sites\/36\/2013\/12\/marstio-300x224.jpg\" width=\"300\" height=\"224\" srcset=\"https:\/\/kylat.ekarjala.fi\/vainikkala\/wp-content\/uploads\/sites\/36\/2013\/12\/marstio-300x224.jpg 300w, https:\/\/kylat.ekarjala.fi\/vainikkala\/wp-content\/uploads\/sites\/36\/2013\/12\/marstio.jpg 448w\" sizes=\"auto, (max-width: 300px) 100vw, 300px\" \/><\/a><p id=\"caption-attachment-1068\" class=\"wp-caption-text\">Harri Marstio Ukkiksessa 23.3.2013<\/p><\/div>\n<p><b>Vuosi 2013<\/b><br \/>\n<strong>14.12.2013\u00a0 <a href=\"http:\/\/haapajarvenvpk.aapala.fi\/\">Haapaj\u00e4rven VPK<\/a> (pikkujoulu)<br \/>\n<\/strong>16.11.2013\u00a0\u00a0 Duo Salokannel<br \/>\n19.10.2013\u00a0\u00a0 <a href=\"http:\/\/terassiipi.nettisivu.org\/\">Tanssiorkesteri Ter\u00e4ssiipi<br \/>\n<\/a>21.09.2013\u00a0\u00a0 Karaoke<br \/>\n20.04.2013\u00a0\u00a0 Burn Out<br \/>\n23.03.2013\u00a0\u00a0 Harri Marstio<br \/>\n16.02.2013\u00a0\u00a0 Haapaj\u00e4rven VPK<br \/>\n19.01.2013\u00a0\u00a0 <a href=\"http:\/\/straightline-music.com\/\">Straight Line<\/a> (15 v syntt\u00e4rikemut)<\/p>\n<p><b>Vuosi 2012<\/b><\/p>\n<div id=\"attachment_1069\" style=\"width: 210px\" class=\"wp-caption alignnone\"><a href=\"https:\/\/kylat.ekarjala.fi\/vainikkala\/wp-content\/uploads\/sites\/36\/2013\/12\/anub.jpg\"><img loading=\"lazy\" decoding=\"async\" aria-describedby=\"caption-attachment-1069\" class=\"size-full wp-image-1069\" alt=\"Vuoden 2012 pikkujouluissa esiintyi Anub\" src=\"https:\/\/kylat.ekarjala.fi\/vainikkala\/wp-content\/uploads\/sites\/36\/2013\/12\/anub.jpg\" width=\"200\" height=\"257\" \/><\/a><p id=\"caption-attachment-1069\" class=\"wp-caption-text\">Vuoden 2012 pikkujouluissa esiintyi Anub<\/p><\/div>\n<p>15.12.2012\u00a0 Anub (Pikkujoulu)<br \/>\n01.12.2012\u00a0 Mikko Alatalo<br \/>\n13.10.2012\u00a0 Haapaj\u00e4rven VPK (70- ja 80-luvulla syntyneiden iltamat + jatkot)<br \/>\n15.09.2012\u00a0 Jannen Karaoke<br \/>\n26.05.2012\u00a0 Haapaj\u00e4rven VPK (JATKOR\u00c4MIN\u00c4T)<br \/>\n14.04.2012\u00a0 Jannen Karaoke<br \/>\n17.03.2012\u00a0 DIY Group<br \/>\n18.02.2012\u00a0 One man band T. SIIMES<br \/>\n14.01.2012\u00a0 Dj JANNE<\/p>\n<p><b>Vuosi 2011<\/b> 17.12.2011\u00a0\u00a0<a href=\"http:\/\/haapajarvenvpk.aapala.fi\/\">Haapaj\u00e4rven VPK<\/a> (Pikkujoulu)<br \/>\n19.11.2011\u00a0 Tanssiorkesteri Ter\u00e4ssiipi<br \/>\n15.10.2011\u00a0 Jannen Karaoke<br \/>\n17.09.2011\u00a0 Sepi Kumpulainen<br \/>\n16.04.2011\u00a0 Burn Out<br \/>\n18.03.2011\u00a0 Hannelen Karaoke<br \/>\n19.02.2011\u00a0 Haapaj\u00e4rven VPK<br \/>\n15.01.2011\u00a0 <a href=\"http:\/\/straightline-music.com\/\">Straight line<\/a><\/p>\n<p><b>Vuosi 2010<\/b> 18.12.2010\u00a0 Burn Out (pikkujoulu)<br \/>\n19.11.2010\u00a0 <a href=\"http:\/\/www.hannelenkaraoke.fi\/\">Hannelen KARAOKE<br \/>\n<\/a>16.10.2010\u00a0 <a href=\"http:\/\/haapajarvenvpk.aapala.fi\/\">Haapaj\u00e4rven VPK<\/a><br \/>\n18.09.2010\u00a0 <a href=\"http:\/\/www.saunalahti.fi\/kimse\/index.htm\">ANUB<\/a><br \/>\n17.04.2010\u00a0 BAT GUANO<br \/>\n20.03.2010\u00a0 Burn Out<br \/>\n20.02.2010\u00a0 Hannelen KARAOKE<br \/>\n16.01.2010\u00a0 Dj TEPPO<\/p>\n<p><b>Vuosi 2009<\/b> 19.12.2009\u00a0 Haapaj\u00e4rven VPK (pikkujoulu)<br \/>\n14.11.2009\u00a0 Wires<br \/>\n17.10.2009\u00a0 A Coust Dos Amigos<br \/>\n19.09.2009\u00a0 Hannelen Karaoke<br \/>\n18.04.2009\u00a0 Railroaders<br \/>\n14.03.2009\u00a0 Hannelen Karaoke<br \/>\n14.02.2009\u00a0 One Man Band Ikonen<br \/>\n17.01.2009\u00a0 Haapaj\u00e4rven VPK<\/p>\n<p><b>Vuosi 2008<\/b> 20.12.2008\u00a0 Straight line (pikkujoulu)<br \/>\n15.11.2008\u00a0 Dj Teppo<br \/>\n17.05.2008\u00a0 Rautalankaorkesteri &amp; Pety<br \/>\n15.03.2008\u00a0 Dj Teppo<br \/>\n16.02.2008\u00a0 Tanssiorkesteri Neliveto<br \/>\n19.01.2008\u00a0 Straight line (Ukkis 10 v)<br \/>\n18.01.2008\u00a0 Haapaj\u00e4rven VPK (Ukkis 10 v)<\/p>\n<p><b>Vuosi 2007<\/b><\/p>\n<p>15.12.2007\u00a0 Anub (pikkujoulu)<br \/>\n15.09.2007\u00a0 Haapaj\u00e4rven VPK<br \/>\n14.07.2007\u00a0 Anub<br \/>\n14.07.2007\u00a0 Noddyblues<br \/>\n19.05.2007\u00a0 Straight line<br \/>\n14.04.2007\u00a0 Wiikeri Band<br \/>\n17.03.2007\u00a0 Veljekset Goodman<br \/>\n17.02.2007\u00a0 Jouni K\u00e4tteinen &amp; Siemenperunat<br \/>\n20.01.2007\u00a0 Dj Marco<\/p>\n<p><b>Vuosi 2006<\/b> 16.12.2006\u00a0 Kover (pikkujoulu)<br \/>\n18.11.2006\u00a0 Sumun T\u00e4hteet<br \/>\n14.10.2006\u00a0 Jouni K\u00e4tteinen &amp; Siemenperunat<br \/>\n16.09.2006\u00a0 Karaoke<br \/>\n17.06.2006\u00a0 Kover<br \/>\n20.05.2006\u00a0 Sumun T\u00e4hteet<br \/>\n14.04.2006\u00a0 Acoustics<br \/>\n18.02.2006\u00a0 Railroaders<br \/>\n14.01.2006\u00a0 Veljekset Goodman<\/p>\n<p><b>Vuosi 2005<\/b><\/p>\n<p>17.12.2005\u00a0 Kover (pikkujoulu)<br \/>\n19.11.2005\u00a0 Karaoke<br \/>\n15.10.2005\u00a0 Milktrain<br \/>\n15.10.2005\u00a0 Dirty Harry &amp; Slobby Joe<br \/>\n16.09.2005\u00a0 Railroaders<br \/>\n20.08.2005\u00a0 Pekka Melanen<br \/>\n16.07.2005\u00a0 Pena ja pojat<br \/>\n11.06.2005\u00a0 Kover<br \/>\n14.05.2005\u00a0 Keorken lauluilta<br \/>\n16.04.2005\u00a0 Kover<br \/>\n18.03.2005\u00a0 Veljekset Goodman<br \/>\n19.02.2005\u00a0 Kiiveri kvartetti<br \/>\n15.01.2005\u00a0 Jokisen ev\u00e4\u00e4t<\/p>\n<p><b>Vuosi 2004<\/b><\/p>\n<p>17.12.2004\u00a0 Pectorock (Beatles-ilta)<br \/>\n19.11.2004\u00a0 Dj Marco<br \/>\n15.10.2004\u00a0 Pectorock<br \/>\n18.09.2004\u00a0 Tapani Jalkanen Duo<br \/>\n16.07.2004\u00a0 Keorken lauluilta<br \/>\n05.06.2004\u00a0 Imitaattori Veli Kuningas<br \/>\n05.06.2004\u00a0 Humppahitsaamo &amp; Teppo Suhonen<br \/>\n05.06.2004\u00a0 Cover Pover<br \/>\n05.06.2004\u00a0 Burn Out<br \/>\n14.05.2004\u00a0 Kultakurkku-Karaoke<br \/>\n16.04.2004\u00a0 Kiiveri-kvartetti<br \/>\n19.03.2004\u00a0 Olutkarnevaalit<br \/>\n13.02.2004\u00a0 Veljekset Goodman<br \/>\n16.01.2004\u00a0 Jokeri-Karaoke<\/p>\n<p><b>Vuosi 2003<\/b><\/p>\n<p>13.12.2003\u00a0 Coverpower (pikkujoulu)<br \/>\n15.11.2003\u00a0 Karaoke<br \/>\n18.10.2003\u00a0 Kiiveri-kvartetti<br \/>\n20.09.2003 70&#8217;s 80&#8217;s Night<br \/>\n16.08.2003\u00a0 Jeejee.com<br \/>\n14.06.2003\u00a0 Pectorock<br \/>\n19.04.2003\u00a0 Tanssiorkesteri Cirius<br \/>\n14.03.2003\u00a0 Mr Halonen Show<br \/>\n17.01.2003\u00a0 Veljekset Goodman<\/p>\n<p><b>Vuosi 2002<\/b> 13.12.2002\u00a0 Pop-panimo<br \/>\n16.11.2002\u00a0 Burn Out<br \/>\n19.10.2002\u00a0 Pekka Melanen Duo<br \/>\n14.09.2002\u00a0 Wires<br \/>\n19.07.2002\u00a0 Komppisorvaamo<br \/>\n15.06.2002\u00a0 Pekka Melanen<br \/>\n18.05.2002\u00a0 Mikko Alatalo<br \/>\n19.04.2002\u00a0 Burn Out<br \/>\n16.03.2002\u00a0 One Man Band Pekka Parsola<br \/>\n16.02.2002\u00a0 Erkki Junkkarinen<\/p>\n<p><b>Vuosi 2001<\/b><\/p>\n<p>15.12.2001\u00a0 Keorken jouluinen lauluilta<br \/>\n15.12.2001\u00a0 Keorken jouluinen lauluilta lapsille<br \/>\n01.12.2001\u00a0 Edvin K\u00e4ki B.B.B. (Pikkujoulu)<br \/>\n20.10.2001\u00a0 Patala Band<br \/>\n15.09.2001\u00a0 Hannu Blomqvist<br \/>\n17.08.2001\u00a0 Burn Out (levynjulkaisemisilta)<br \/>\n14.07.2001\u00a0 Vescun Karaoke<br \/>\n15.06.2001\u00a0 Wires<br \/>\n26.05.2001\u00a0 Erkki Junkkarinen<br \/>\n19.05.2001\u00a0 Battery-bileet<br \/>\n13.04.2001\u00a0 Pectorock<br \/>\n17.03.2001\u00a0 Tarja Kautto<br \/>\n17.02.2001\u00a0 One Man Band Pekka Koskinen<br \/>\n12.01.2001\u00a0 3-vuotissyntt\u00e4rit<\/p>\n<p><b>Vuosi 2000<\/b><\/p>\n<p>16.12.2000\u00a0 Erkki Junkkarinen, s\u00e4est. Johanna K\u00e4lvi\u00e4inen &amp; rytmiboys<br \/>\n18.11.2000\u00a0 Burn Out<br \/>\n30.09.2000\u00a0 Kimmo Petrell<br \/>\n19.08.2000\u00a0 Erkki Junkkarinen (Humppa-Vainikkala -festarit)<br \/>\n18.08.2000\u00a0 Erkki Junkkarinen (Humppa-Vainikkala -festarit)<br \/>\n17.06.2000\u00a0 Black Devils<br \/>\n31.05.2000\u00a0 J\u00f6sse J\u00e4rvenp\u00e4\u00e4<br \/>\n06.05.2000\u00a0 Erkki Junkkarinen (Nostalgiailta 25 v musaa Vainikkalassa)<br \/>\n06.05.2000\u00a0\u00a0Savannah Group\u00a0(Nostalgiailta 25 v musaa Vainikkalassa)<br \/>\n06.05.2000\u00a0\u00a0Soundikirroosi (Nostalgiailta 25 v musaa Vainikkalassa)<br \/>\n30.04.2000\u00a0 Kimmo Petrell (Vappubileet)<br \/>\n19.02.2000\u00a0 Kimmo Petrell<br \/>\n15.01.2000\u00a0 Wires (2-vuotissyntt\u00e4ribileet)<\/p>\n<p><b>Vuosi 1999<\/b><\/p>\n<p>31.12.1999\u00a0 Millenium-kemut<br \/>\n18.12.1999\u00a0 Prelude (pikkujoulu)<br \/>\n19.11.1999\u00a0 Kimmo Petrell<br \/>\n05.11.1999\u00a0 Burn Out<br \/>\n16.10.1999\u00a0 Tarja Kautto<br \/>\n17.09.1999\u00a0 Mr Halonen Show<br \/>\n30.07.1999\u00a0 Kimmo Petrell<br \/>\n16.07.1999\u00a0 Duo Pectus<br \/>\n14.05.1999\u00a0 Kimmo Petrell<br \/>\n16.04.1999\u00a0 Kimmo Petrell<br \/>\n03.04.1999\u00a0 Tarja Kautto<br \/>\n19.03.1999\u00a0 Burn Out<br \/>\n13.03.1999\u00a0 Wires<br \/>\n27.02.1999\u00a0 J. Ranta Trio<br \/>\n20.02.1999\u00a0 Mr Halonen Show<br \/>\n13.02.1999\u00a0 Keorken lauluilta<br \/>\n29.01.1999\u00a0 Kimmo Petrell<br \/>\n15.01.1999\u00a0 Edwin K\u00e4ki &amp;\u00a0B.B.B.<\/p>\n<p><b>Vuosi 1998<\/b><\/p>\n<p>31.12.1998\u00a0 Veli-Matti Kiiveri Kvartetti<br \/>\n18.12.1998\u00a0 Laulava joulupukki (pikkujoulu)<br \/>\n28.11.1998\u00a0 J\u00f6sse J\u00e4rvenp\u00e4\u00e4<br \/>\n14.11.1998\u00a0 Tarja Kautto<br \/>\n30.10.1998\u00a0 Duo Pectus<br \/>\n17.10.1998\u00a0 Tarja Kautto<br \/>\n18.09.1998\u00a0 Prelude<br \/>\n05.09.1998\u00a0 Dj Janne<br \/>\n22.08.1998\u00a0 Old Grand (Festarit)<br \/>\n22.08.1998\u00a0 Burn Out (Festarit)<br \/>\n14.08.1998\u00a0 Keorken lauluilta lapsille<br \/>\n14.08.1998\u00a0 Keorken lauluilta aikuisille<br \/>\n11.07.1998\u00a0 Mr Halonen Show (Hirtto-show)<br \/>\n06.06.1998\u00a0 Karaoke<br \/>\n21.05.1998\u00a0 Mr Halonen Show (Tuli- ja kahleshow)<br \/>\n16.05.1998\u00a0 Old Grand<br \/>\n04.04.1998\u00a0 Veli-Matti Kiiveri Kvartetti<br \/>\n07.03.1998\u00a0 Burn Out<br \/>\nxx.02.1998\u00a0 ????<br \/>\n17.01.1998\u00a0 Burn Out<br \/>\n16.01.1998\u00a0 Ukko-Pekan avajaiset<\/p>\n","protected":false},"excerpt":{"rendered":"<p>Ukkiksen keikkahistoriaa Vuosi 2013 14.12.2013\u00a0 Haapaj\u00e4rven VPK (pikkujoulu) 16.11.2013\u00a0\u00a0 Duo Salokannel 19.10.2013\u00a0\u00a0 Tanssiorkesteri Ter\u00e4ssiipi 21.09.2013\u00a0\u00a0 Karaoke 20.04.2013\u00a0\u00a0 Burn Out 23.03.2013\u00a0\u00a0 Harri Marstio 16.02.2013\u00a0\u00a0 Haapaj\u00e4rven VPK 19.01.2013\u00a0\u00a0 Straight Line (15 v syntt\u00e4rikemut) Vuosi 2012 15.12.2012\u00a0 Anub (Pikkujoulu) 01.12.2012\u00a0 Mikko Alatalo 13.10.2012\u00a0 &hellip; <a href=\"https:\/\/kylat.ekarjala.fi\/vainikkala\/yritykset\/ravintola-ukko-pekka\/keikkahistoria\/\">Lue loppuun <span class=\"meta-nav\">&rarr;<\/span><\/a><\/p>\n","protected":false},"author":80,"featured_media":0,"parent":538,"menu_order":0,"comment_status":"open","ping_status":"closed","template":"","meta":{"footnotes":""},"class_list":["post-1067","page","type-page","status-publish","hentry"],"_links":{"self":[{"href":"https:\/\/kylat.ekarjala.fi\/vainikkala\/wp-json\/wp\/v2\/pages\/1067","targetHints":{"allow":["GET"]}}],"collection":[{"href":"https:\/\/kylat.ekarjala.fi\/vainikkala\/wp-json\/wp\/v2\/pages"}],"about":[{"href":"https:\/\/kylat.ekarjala.fi\/vainikkala\/wp-json\/wp\/v2\/types\/page"}],"author":[{"embeddable":true,"href":"https:\/\/kylat.ekarjala.fi\/vainikkala\/wp-json\/wp\/v2\/users\/80"}],"replies":[{"embeddable":true,"href":"https:\/\/kylat.ekarjala.fi\/vainikkala\/wp-json\/wp\/v2\/comments?post=1067"}],"version-history":[{"count":1,"href":"https:\/\/kylat.ekarjala.fi\/vainikkala\/wp-json\/wp\/v2\/pages\/1067\/revisions"}],"predecessor-version":[{"id":1070,"href":"https:\/\/kylat.ekarjala.fi\/vainikkala\/wp-json\/wp\/v2\/pages\/1067\/revisions\/1070"}],"up":[{"embeddable":true,"href":"https:\/\/kylat.ekarjala.fi\/vainikkala\/wp-json\/wp\/v2\/pages\/538"}],"wp:attachment":[{"href":"https:\/\/kylat.ekarjala.fi\/vainikkala\/wp-json\/wp\/v2\/media?parent=1067"}],"curies":[{"name":"wp","href":"https:\/\/api.w.org\/{rel}","templated":true}]}}