{"id":1086,"date":"2013-12-30T15:27:22","date_gmt":"2013-12-30T15:57:22","guid":{"rendered":"https:\/\/kylat.ekarjala.fi\/vainikkala\/?page_id=1086"},"modified":"2014-06-13T05:55:12","modified_gmt":"2014-06-13T06:25:12","slug":"retkeilyreitti","status":"publish","type":"page","link":"https:\/\/kylat.ekarjala.fi\/vainikkala\/yhdistykset\/myotavirtaan-ry\/retkeilyreitti\/","title":{"rendered":"Retkeilyreitti"},"content":{"rendered":"<p>&nbsp;<\/p>\n<div id=\"attachment_1266\" style=\"width: 310px\" class=\"wp-caption alignnone\"><a href=\"https:\/\/kylat.ekarjala.fi\/vainikkala\/wp-content\/uploads\/sites\/36\/2013\/12\/My\u00f6t\u00e4virtaan-reitti-018.jpg\"><img loading=\"lazy\" decoding=\"async\" aria-describedby=\"caption-attachment-1266\" class=\"size-medium wp-image-1266\" alt=\"Patikkapolkua Alajoen varressa Tuhkakankaan laavun luona\" src=\"https:\/\/kylat.ekarjala.fi\/vainikkala\/wp-content\/uploads\/sites\/36\/2013\/12\/My\u00f6t\u00e4virtaan-reitti-018-300x200.jpg\" width=\"300\" height=\"200\" srcset=\"https:\/\/kylat.ekarjala.fi\/vainikkala\/wp-content\/uploads\/sites\/36\/2013\/12\/My\u00f6t\u00e4virtaan-reitti-018-300x200.jpg 300w, https:\/\/kylat.ekarjala.fi\/vainikkala\/wp-content\/uploads\/sites\/36\/2013\/12\/My\u00f6t\u00e4virtaan-reitti-018.jpg 1024w\" sizes=\"auto, (max-width: 300px) 100vw, 300px\" \/><\/a><p id=\"caption-attachment-1266\" class=\"wp-caption-text\">Patikkapolkua Alajoen varressa Tuhkakankaan laavun luona\u00a0<\/p><\/div>\n<div id=\"attachment_1274\" style=\"width: 310px\" class=\"wp-caption alignnone\"><a href=\"https:\/\/kylat.ekarjala.fi\/vainikkala\/wp-content\/uploads\/sites\/36\/2013\/12\/Kiekka_joki_panoraama.jpg\"><img loading=\"lazy\" decoding=\"async\" aria-describedby=\"caption-attachment-1274\" class=\"size-medium wp-image-1274\" alt=\"Kiekan taukopaikka Rikkil\u00e4ss\u00e4\" src=\"https:\/\/kylat.ekarjala.fi\/vainikkala\/wp-content\/uploads\/sites\/36\/2013\/12\/Kiekka_joki_panoraama-300x65.jpg\" width=\"300\" height=\"65\" srcset=\"https:\/\/kylat.ekarjala.fi\/vainikkala\/wp-content\/uploads\/sites\/36\/2013\/12\/Kiekka_joki_panoraama-300x65.jpg 300w, https:\/\/kylat.ekarjala.fi\/vainikkala\/wp-content\/uploads\/sites\/36\/2013\/12\/Kiekka_joki_panoraama-1024x225.jpg 1024w\" sizes=\"auto, (max-width: 300px) 100vw, 300px\" \/><\/a><p id=\"caption-attachment-1274\" class=\"wp-caption-text\">Kiekan taukopaikka Rikkil\u00e4ss\u00e4<\/p><\/div>\n<p><span style=\"font-size: 16px\">My\u00f6t\u00e4virtaan ry on rakentanut merkityn patikkareitin Vainikkalan Korpelantielt\u00e4 Rikkil\u00e4n Kiekkaan. Polku on merkitty sinisill\u00e4 tolpilla ja maalauksilla puissa, matkan varrella on my\u00f6s viitoitukset vaihtoehtoisille reiteille. Merkityn polun pituus on 3 kilometri\u00e4 yhteen suuntaan. Matkan varrella voi nauttia vaikka nokipannukahveista tai nuotiomakkarasta Tuhkakankaan laavulla tai perill\u00e4 Kiekan taukopaikalla, jossa retkeilij\u00f6it\u00e4 palvelee kes\u00e4ll\u00e4 2013 valmistunut p\u00f6yt\u00e4-penkkiyhdistelm\u00e4.<\/span><\/p>\n<p>Rikkil\u00e4n ja Simolan v\u00e4lill\u00e4 ei ole merkitty\u00e4 polkua, joten maastossa kuljetaan jokamiehenoikeuksin. Koko retkeilyreitin varrella Vainikkalasta Melkkolaan on yhteens\u00e4 kolme laavua, yksi taukopaikka ja yksi lintutorni Simolassa Kotij\u00e4rven rannalla. Reitti mukailee Alajokea, joka on loistava paikka kev\u00e4t- ja syysmelonnalle, kun vesi on korkeimmillaan.<\/p>\n<p><strong>Melonta<\/strong><\/p>\n<p>Retkeilyreitin joet Sarvijoki (Melkkolasta Kotij\u00e4rvelle) ja Alajoki (Kotij\u00e4rvest\u00e4\u00a0Vainikkalaan) tarjoavat loistavat mahdollisuudet jokimelontaan Kaakkois-Suomen raja-alueella.\u00a0Melontareitin pituus on Melkkolan Suuri-Pyh\u00e4kala\u2013j\u00e4rvelt\u00e4 Vainikkalan Telkj\u00e4rvelle noin 19 km. Koko\u00a0reitill\u00e4 on korkeuseroa 21,3 m, koskia matkan\u00a0varrella on 5. Joen varrella olevia koskia ei suositella\u00a0laskettavaksi kanooteilla, vaan ne on turvallisinta\u00a0kantaa kosken ohi.<\/p>\n<p>Melontaolosuhteet ovat parhaimmillaan kev\u00e4\u00e4ll\u00e4 ja\u00a0syksyll\u00e4 runsaan veden aikaan. Melojien lev\u00e4hdyspaikkoina\u00a0toimivat Tuhkakankaan laavun ja Kiekan\u00a0taukopaikan lis\u00e4ksi Alakosken laavu Simolassa ja\u00a0Melkkolan laavu. Kaikissa paikoissa on nuotiopaikat\u00a0ja kompostik\u00e4ym\u00e4l\u00e4t.<\/p>\n<p>Liittym\u00e4ll\u00e4 My\u00f6t\u00e4virtaan ry:n j\u00e4seneksi voi k\u00e4ytt\u00e4\u00e4\u00a0yhdistyksen kanootteja reitill\u00e4 j\u00e4senmaksun hinnalla.\u00a0Yhdistyksell\u00e4 on kanootteja Simolassa (2 kpl),\u00a0Rikkil\u00e4ss\u00e4 (1 kpl) ja Vainikkalassa (3 kpl) kartassa\u00a0merkityiss\u00e4 paikoissa.<\/p>\n<div id=\"attachment_1272\" style=\"width: 310px\" class=\"wp-caption alignnone\"><a href=\"https:\/\/kylat.ekarjala.fi\/vainikkala\/wp-content\/uploads\/sites\/36\/2013\/12\/alajoenkartta_netti.jpg\"><img loading=\"lazy\" decoding=\"async\" aria-describedby=\"caption-attachment-1272\" class=\"size-medium wp-image-1272\" alt=\"Retkeilyreitin kartta. Numeroidut kohdat l\u00f6ytyv\u00e4t alla olevasta pdf-esitteest\u00e4.\" src=\"https:\/\/kylat.ekarjala.fi\/vainikkala\/wp-content\/uploads\/sites\/36\/2013\/12\/alajoenkartta_netti-300x256.jpg\" width=\"300\" height=\"256\" srcset=\"https:\/\/kylat.ekarjala.fi\/vainikkala\/wp-content\/uploads\/sites\/36\/2013\/12\/alajoenkartta_netti-300x256.jpg 300w, https:\/\/kylat.ekarjala.fi\/vainikkala\/wp-content\/uploads\/sites\/36\/2013\/12\/alajoenkartta_netti-1024x875.jpg 1024w, https:\/\/kylat.ekarjala.fi\/vainikkala\/wp-content\/uploads\/sites\/36\/2013\/12\/alajoenkartta_netti.jpg 1066w\" sizes=\"auto, (max-width: 300px) 100vw, 300px\" \/><\/a><p id=\"caption-attachment-1272\" class=\"wp-caption-text\">Retkeilyreitin kartta. Numeroidut kohdat l\u00f6ytyv\u00e4t alla olevasta pdf-esitteest\u00e4.<\/p><\/div>\n<p>Lataa retkeilyreitin esite t\u00e4\u00e4lt\u00e4 pdf-muodossa\u00a0<a href=\"https:\/\/kylat.ekarjala.fi\/vainikkala\/wp-content\/uploads\/sites\/36\/2013\/12\/Alajoki_retkeilyreitti_esite.pdf\" target=\"_blank\">suomeksi<\/a>\u00a0tai\u00a0<a href=\"https:\/\/kylat.ekarjala.fi\/vainikkala\/wp-content\/uploads\/sites\/36\/2013\/12\/Alajokiesite_eng.pdf\" target=\"_blank\">englanniksi<\/a>.<\/p>\n<p><b>Tavoitteena sadan p\u00f6nt\u00f6n &#8221;asuinalue&#8221; pikkulinnuille<\/b><\/p>\n<p>My\u00f6t\u00e4virtaan ry:n Vainikkalan laavun it\u00e4- ja l\u00e4nsipuolelle, arviolta kahden kilometrin mittaiselle osuudelle on sijoitettu 60 <span style=\"font-family: Verdana\">\u00a0<\/span>&#8211; 70 kpl helposti huollettavaa pikkulinnun p\u00f6ntt\u00f6\u00e4. Tavoitteena oli saada Korpelantien sillan ja Kiekan laavun v\u00e4liselle pol<\/p>\n<div id=\"attachment_1087\" style=\"width: 100px\" class=\"wp-caption alignleft\"><a href=\"https:\/\/kylat.ekarjala.fi\/vainikkala\/wp-content\/uploads\/sites\/36\/2013\/12\/pontto.jpg\"><img loading=\"lazy\" decoding=\"async\" aria-describedby=\"caption-attachment-1087\" class=\"size-full wp-image-1087 \" alt=\"Korpelantien sillan ja Kiekan laavun v\u00e4lisell\u00e4 osuudella on t\u00e4ll\u00e4 hetkell\u00e4 l\u00e4hes 70 pikkulinnun p\u00f6ntt\u00f6\u00e4.\" src=\"https:\/\/kylat.ekarjala.fi\/vainikkala\/wp-content\/uploads\/sites\/36\/2013\/12\/pontto.jpg\" width=\"90\" height=\"120\" \/><\/a><p id=\"caption-attachment-1087\" class=\"wp-caption-text\">Korpelantien sillan ja Kiekan laavun v\u00e4lisell\u00e4 osuudella on t\u00e4ll\u00e4 hetkell\u00e4 l\u00e4hes 70 pikkulinnun p\u00f6ntt\u00f6\u00e4.<\/p><\/div>\n<p>kuosuudelle noin sadan p\u00f6nt\u00f6n pysyv\u00e4 pikkulintujen asuntoalue vuoteen 2008 menness\u00e4. Jotta tavoitteessa pysyt\u00e4\u00e4n, vuotuinen p\u00f6ntt\u00f6jen vioittuminen aiheuttaa p\u00f6nt\u00f6ntekotarvetta jokaiselle vuodelle.<\/p>\n<p>P\u00f6nt\u00f6t puhdistetaan vuosittain kev\u00e4ttalvella ja samalla arvioidaan pesint\u00e4prosenttia niiss\u00e4. Paras pesint\u00e4 on t\u00e4h\u00e4n menness\u00e4 havaittu olleen kes\u00e4ll\u00e4 2003. Huhtikuussa 2004 puhdistuksessa arvioitu pesint\u00e4prosentti oli n. 85. Vuosien 2005 ja 2006 puhdistuksessa arvioitiin prosentiksi 70-80.<\/p>\n<p>Parhaaksi p\u00f6nt\u00f6n sijoituspaikaksi on todettu l\u00e4hell\u00e4 jokea olevat puut. Synk\u00e4ss\u00e4 kuusikossa olevat p\u00f6nt\u00f6t kelpaavat linnuille huonoiten, niille onkin jouduttu etsim\u00e4\u00e4n parempia sijoituspaikkoja.<\/p>\n<p>Kev\u00e4\u00e4ll\u00e4 2006 joen rantaan vietiin noin 15 kpl uutta p\u00f6ntt\u00f6\u00e4.<\/p>\n<div id=\"attachment_1089\" style=\"width: 100px\" class=\"wp-caption alignleft\"><a href=\"https:\/\/kylat.ekarjala.fi\/vainikkala\/wp-content\/uploads\/sites\/36\/2013\/12\/pontto2.jpg\"><img loading=\"lazy\" decoding=\"async\" aria-describedby=\"caption-attachment-1089\" class=\"size-full wp-image-1089 \" alt=\"P\u00f6nt\u00f6n alareunasta avautuva etukansi mahdollistaa helpon huollettavuuden\" src=\"https:\/\/kylat.ekarjala.fi\/vainikkala\/wp-content\/uploads\/sites\/36\/2013\/12\/pontto2.jpg\" width=\"90\" height=\"120\" \/><\/a><p id=\"caption-attachment-1089\" class=\"wp-caption-text\">P\u00f6nt\u00f6n alareunasta avautuva etukansi mahdollistaa helpon huollettavuuden<\/p><\/div>\n<p>Retkeilyreitin varrelle kiinnitetyt p\u00f6nt\u00f6t puhdistetaan kev\u00e4ttalvella edellisen vuoden pesinn\u00e4n j\u00e4\u00e4nteist\u00e4. P\u00f6nt\u00f6n yksinkertainen rakenne mahdollistaa helpon huollon. Koko 60 &#8211; 70 p\u00f6nt\u00f6n puhdistusurakka on tehty muutamassa tunnissa.<\/p>\n","protected":false},"excerpt":{"rendered":"<p>&nbsp; My\u00f6t\u00e4virtaan ry on rakentanut merkityn patikkareitin Vainikkalan Korpelantielt\u00e4 Rikkil\u00e4n Kiekkaan. Polku on merkitty sinisill\u00e4 tolpilla ja maalauksilla puissa, matkan varrella on my\u00f6s viitoitukset vaihtoehtoisille reiteille. Merkityn polun pituus on 3 kilometri\u00e4 yhteen suuntaan. Matkan varrella voi nauttia vaikka nokipannukahveista &hellip; <a href=\"https:\/\/kylat.ekarjala.fi\/vainikkala\/yhdistykset\/myotavirtaan-ry\/retkeilyreitti\/\">Lue loppuun <span class=\"meta-nav\">&rarr;<\/span><\/a><\/p>\n","protected":false},"author":80,"featured_media":0,"parent":166,"menu_order":0,"comment_status":"open","ping_status":"closed","template":"","meta":{"footnotes":""},"class_list":["post-1086","page","type-page","status-publish","hentry"],"_links":{"self":[{"href":"https:\/\/kylat.ekarjala.fi\/vainikkala\/wp-json\/wp\/v2\/pages\/1086","targetHints":{"allow":["GET"]}}],"collection":[{"href":"https:\/\/kylat.ekarjala.fi\/vainikkala\/wp-json\/wp\/v2\/pages"}],"about":[{"href":"https:\/\/kylat.ekarjala.fi\/vainikkala\/wp-json\/wp\/v2\/types\/page"}],"author":[{"embeddable":true,"href":"https:\/\/kylat.ekarjala.fi\/vainikkala\/wp-json\/wp\/v2\/users\/80"}],"replies":[{"embeddable":true,"href":"https:\/\/kylat.ekarjala.fi\/vainikkala\/wp-json\/wp\/v2\/comments?post=1086"}],"version-history":[{"count":8,"href":"https:\/\/kylat.ekarjala.fi\/vainikkala\/wp-json\/wp\/v2\/pages\/1086\/revisions"}],"predecessor-version":[{"id":1275,"href":"https:\/\/kylat.ekarjala.fi\/vainikkala\/wp-json\/wp\/v2\/pages\/1086\/revisions\/1275"}],"up":[{"embeddable":true,"href":"https:\/\/kylat.ekarjala.fi\/vainikkala\/wp-json\/wp\/v2\/pages\/166"}],"wp:attachment":[{"href":"https:\/\/kylat.ekarjala.fi\/vainikkala\/wp-json\/wp\/v2\/media?parent=1086"}],"curies":[{"name":"wp","href":"https:\/\/api.w.org\/{rel}","templated":true}]}}