{"id":1092,"date":"2013-12-30T15:36:38","date_gmt":"2013-12-30T16:06:38","guid":{"rendered":"https:\/\/kylat.ekarjala.fi\/vainikkala\/?page_id=1092"},"modified":"2013-12-30T15:36:38","modified_gmt":"2013-12-30T16:06:38","slug":"telkjarven-vedenkorkeuden-seuranta","status":"publish","type":"page","link":"https:\/\/kylat.ekarjala.fi\/vainikkala\/yhdistykset\/myotavirtaan-ry\/telkjarven-vedenkorkeuden-seuranta\/","title":{"rendered":"Telkj\u00e4rven vedenkorkeuden seuranta"},"content":{"rendered":"<p><a href=\"https:\/\/kylat.ekarjala.fi\/vainikkala\/wp-content\/uploads\/sites\/36\/2013\/12\/telk1.jpg\"><img loading=\"lazy\" decoding=\"async\" class=\"alignnone size-medium wp-image-1093\" alt=\"\" src=\"https:\/\/kylat.ekarjala.fi\/vainikkala\/wp-content\/uploads\/sites\/36\/2013\/12\/telk1-300x224.jpg\" width=\"300\" height=\"224\" srcset=\"https:\/\/kylat.ekarjala.fi\/vainikkala\/wp-content\/uploads\/sites\/36\/2013\/12\/telk1-300x224.jpg 300w, https:\/\/kylat.ekarjala.fi\/vainikkala\/wp-content\/uploads\/sites\/36\/2013\/12\/telk1.jpg 448w\" sizes=\"auto, (max-width: 300px) 100vw, 300px\" \/><\/a><\/p>\n<p>Kev\u00e4isin Vainikkalassa j\u00e4nn\u00e4t\u00e4\u00e4n mahdollisen tulvan tuloa. Nouseeko Telkj\u00e4rven, Hounijoen ja Alajoen vesi niin korkealle ett\u00e4 tulva aiheuttaa ongelmia kyl\u00e4n asukkaille. My\u00f6s Saarensuun asukkaille tulvista on ollut suurta haittaa.<\/p>\n<p><strong>TULEEKO TULVA?<\/strong><\/p>\n<p>Telkj\u00e4rven veden korkeudesta on kirjattua historiatietoa vuosilta 1969-1982. Kaakkois-Suomen ymp\u00e4rist\u00f6keskus l\u00e4hetti My\u00f6t\u00e4virtaan ry:lle taulukkomuotoisen tilaston joka sis\u00e4lt\u00e4\u00e4 vedenkorkeuden mittaustuloksia helmikuusta 1969 maaliskuun loppuun 1982.<\/p>\n<p>Veden korkeutta on mitattu ja tulokset kirjattu l\u00e4hes keskeytyksett\u00e4 ajalla 18.2.1969 \u2013 31.3.1982. Vuosilta 1972 ja 1974 l\u00f6ytyy kirjaus vuoden jokaiselle p\u00e4iv\u00e4lle! Joinakin vuosina mittaus on keskeytynyt talvella pitk\u00e4ksi ajaksi. Esimerkkin\u00e4 ovat vuodet 1978, 1979 ja 1980. Vuonna 1978 ja 1980 kirjaukset puuttuvat helmi- maaliskuulta, vuonna 1979 tammi- maaliskuulta. Yksitt\u00e4isi\u00e4 kirjauksen keskeytyksi\u00e4 l\u00f6ytyy joinakin vuosina my\u00f6s kes\u00e4kuussa. Tilastoon on kirjattu 3956 p\u00e4iv\u00e4n veden korkeus. Kyseess\u00e4 on siis eritt\u00e4in hyv\u00e4\u00e4 pohjatietoa veden korkeuden vertaamiseen nykytilanteeseen.<\/p>\n<p>Korkeusarvojen kirjaus p\u00e4\u00e4ttyy maaliskuun viimeiseen p\u00e4iv\u00e4\u00e4n vuonna 1982. Se onkin kyseisen vuoden ainoa kirjaus. Edellinen merkint\u00e4 on tehty 9. joulukuuta 1981.<\/p>\n<p>Korkeusarvojen yksikk\u00f6n\u00e4 on k\u00e4ytetty korkeutta meren pintaan verrattuna. Peruskarttaan on Telkj\u00e4rven korkeudeksi merkitty 33,5 m.<\/p>\n<p><strong>\u00a0Vedenkorkeuden seuranta 1969 &#8211; 1982<\/strong><\/p>\n<p><strong>\u00a0Vedenkorkeuden p\u00e4iv\u00e4arvojen seuranta taulukkoina<\/strong><\/p>\n<p><a href=\"https:\/\/kylat.ekarjala.fi\/vainikkala\/wp-content\/uploads\/sites\/36\/2013\/12\/1969_ver2.pdf\">1969_ver2<br \/>\n<\/a> <a href=\"https:\/\/kylat.ekarjala.fi\/vainikkala\/wp-content\/uploads\/sites\/36\/2013\/12\/1970_ver2.pdf\">1970_ver2<\/a><br \/>\n<a href=\"https:\/\/kylat.ekarjala.fi\/vainikkala\/wp-content\/uploads\/sites\/36\/2013\/12\/1971_ver2.pdf\">1971_ver2<\/a><br \/>\n<a href=\"https:\/\/kylat.ekarjala.fi\/vainikkala\/wp-content\/uploads\/sites\/36\/2013\/12\/1972_ver2.pdf\">1972_ver2<\/a><br \/>\n<a href=\"https:\/\/kylat.ekarjala.fi\/vainikkala\/wp-content\/uploads\/sites\/36\/2013\/12\/1973_ver2.pdf\">1973_ver2<\/a><br \/>\n<a href=\"https:\/\/kylat.ekarjala.fi\/vainikkala\/wp-content\/uploads\/sites\/36\/2013\/12\/1974_ver2.pdf\">1974_ver2<\/a><br \/>\n<a href=\"https:\/\/kylat.ekarjala.fi\/vainikkala\/wp-content\/uploads\/sites\/36\/2013\/12\/1975_ver2.pdf\">1975_ver2<\/a><br \/>\n<a href=\"https:\/\/kylat.ekarjala.fi\/vainikkala\/wp-content\/uploads\/sites\/36\/2013\/12\/1976_ver2.pdf\">1976_ver2<\/a><br \/>\n<a href=\"https:\/\/kylat.ekarjala.fi\/vainikkala\/wp-content\/uploads\/sites\/36\/2013\/12\/1977_ver2.pdf\">1977_ver2<\/a><br \/>\n<a href=\"https:\/\/kylat.ekarjala.fi\/vainikkala\/wp-content\/uploads\/sites\/36\/2013\/12\/1978_ver2.pdf\">1978_ver2<\/a><br \/>\n<a href=\"https:\/\/kylat.ekarjala.fi\/vainikkala\/wp-content\/uploads\/sites\/36\/2013\/12\/1979_ver2.pdf\">1979_ver2<\/a><br \/>\n<a href=\"https:\/\/kylat.ekarjala.fi\/vainikkala\/wp-content\/uploads\/sites\/36\/2013\/12\/1980_ver2.pdf\">1980_ver2<\/a><br \/>\n<a href=\"https:\/\/kylat.ekarjala.fi\/vainikkala\/wp-content\/uploads\/sites\/36\/2013\/12\/1981_ver2.pdf\">1981_ver2<\/a><\/p>\n<div id=\"attachment_1107\" style=\"width: 310px\" class=\"wp-caption alignnone\"><a href=\"https:\/\/kylat.ekarjala.fi\/vainikkala\/wp-content\/uploads\/sites\/36\/2013\/12\/alajoki.jpg\"><img loading=\"lazy\" decoding=\"async\" aria-describedby=\"caption-attachment-1107\" class=\"size-medium wp-image-1107\" alt=\"Tulva Alajoella kev\u00e4\u00e4ll\u00e4 2008. Tuhkakankaan laavulle piti menn\u00e4 meloen\" src=\"https:\/\/kylat.ekarjala.fi\/vainikkala\/wp-content\/uploads\/sites\/36\/2013\/12\/alajoki-300x224.jpg\" width=\"300\" height=\"224\" srcset=\"https:\/\/kylat.ekarjala.fi\/vainikkala\/wp-content\/uploads\/sites\/36\/2013\/12\/alajoki-300x224.jpg 300w, https:\/\/kylat.ekarjala.fi\/vainikkala\/wp-content\/uploads\/sites\/36\/2013\/12\/alajoki.jpg 448w\" sizes=\"auto, (max-width: 300px) 100vw, 300px\" \/><\/a><p id=\"caption-attachment-1107\" class=\"wp-caption-text\">Tulva Alajoella kev\u00e4\u00e4ll\u00e4 2008. Tuhkakankaan laavulle piti menn\u00e4 meloen<\/p><\/div>\n<p><b>Vedenkorkeuden vaihtelun seuranta gafiikkana (pdf)<\/b><\/p>\n<p><a href=\"https:\/\/kylat.ekarjala.fi\/vainikkala\/wp-content\/uploads\/sites\/36\/2013\/12\/grafiikat-1971_1972.pdf\">grafiikat 1971_1972<\/a><br \/>\n<a href=\"https:\/\/kylat.ekarjala.fi\/vainikkala\/wp-content\/uploads\/sites\/36\/2013\/12\/grafiikat-1973_1974.pdf\">grafiikat 1973_1974<\/a><br \/>\n<a href=\"https:\/\/kylat.ekarjala.fi\/vainikkala\/wp-content\/uploads\/sites\/36\/2013\/12\/grafiikat-1975_1976.pdf\">grafiikat 1975_1976<\/a><br \/>\n<a href=\"https:\/\/kylat.ekarjala.fi\/vainikkala\/wp-content\/uploads\/sites\/36\/2013\/12\/grafiikat-1977_1978.pdf\">grafiikat 1977_1978<\/a><br \/>\n<a href=\"https:\/\/kylat.ekarjala.fi\/vainikkala\/wp-content\/uploads\/sites\/36\/2013\/12\/grafiikat-1979_1980.pdf\">grafiikat 1979_1980<\/a><br \/>\n<a href=\"https:\/\/kylat.ekarjala.fi\/vainikkala\/wp-content\/uploads\/sites\/36\/2013\/12\/grafiikat-1981.pdf\">grafiikat 1981<\/a><\/p>\n","protected":false},"excerpt":{"rendered":"<p>Kev\u00e4isin Vainikkalassa j\u00e4nn\u00e4t\u00e4\u00e4n mahdollisen tulvan tuloa. Nouseeko Telkj\u00e4rven, Hounijoen ja Alajoen vesi niin korkealle ett\u00e4 tulva aiheuttaa ongelmia kyl\u00e4n asukkaille. My\u00f6s Saarensuun asukkaille tulvista on ollut suurta haittaa. TULEEKO TULVA? Telkj\u00e4rven veden korkeudesta on kirjattua historiatietoa vuosilta 1969-1982. Kaakkois-Suomen ymp\u00e4rist\u00f6keskus &hellip; <a href=\"https:\/\/kylat.ekarjala.fi\/vainikkala\/yhdistykset\/myotavirtaan-ry\/telkjarven-vedenkorkeuden-seuranta\/\">Lue loppuun <span class=\"meta-nav\">&rarr;<\/span><\/a><\/p>\n","protected":false},"author":80,"featured_media":0,"parent":166,"menu_order":0,"comment_status":"open","ping_status":"closed","template":"","meta":{"footnotes":""},"class_list":["post-1092","page","type-page","status-publish","hentry"],"_links":{"self":[{"href":"https:\/\/kylat.ekarjala.fi\/vainikkala\/wp-json\/wp\/v2\/pages\/1092","targetHints":{"allow":["GET"]}}],"collection":[{"href":"https:\/\/kylat.ekarjala.fi\/vainikkala\/wp-json\/wp\/v2\/pages"}],"about":[{"href":"https:\/\/kylat.ekarjala.fi\/vainikkala\/wp-json\/wp\/v2\/types\/page"}],"author":[{"embeddable":true,"href":"https:\/\/kylat.ekarjala.fi\/vainikkala\/wp-json\/wp\/v2\/users\/80"}],"replies":[{"embeddable":true,"href":"https:\/\/kylat.ekarjala.fi\/vainikkala\/wp-json\/wp\/v2\/comments?post=1092"}],"version-history":[{"count":1,"href":"https:\/\/kylat.ekarjala.fi\/vainikkala\/wp-json\/wp\/v2\/pages\/1092\/revisions"}],"predecessor-version":[{"id":1114,"href":"https:\/\/kylat.ekarjala.fi\/vainikkala\/wp-json\/wp\/v2\/pages\/1092\/revisions\/1114"}],"up":[{"embeddable":true,"href":"https:\/\/kylat.ekarjala.fi\/vainikkala\/wp-json\/wp\/v2\/pages\/166"}],"wp:attachment":[{"href":"https:\/\/kylat.ekarjala.fi\/vainikkala\/wp-json\/wp\/v2\/media?parent=1092"}],"curies":[{"name":"wp","href":"https:\/\/api.w.org\/{rel}","templated":true}]}}