{"id":1118,"date":"2013-12-30T16:02:35","date_gmt":"2013-12-30T16:32:35","guid":{"rendered":"https:\/\/kylat.ekarjala.fi\/vainikkala\/?page_id=1118"},"modified":"2013-12-30T16:02:35","modified_gmt":"2013-12-30T16:32:35","slug":"kylalle-asumaan","status":"publish","type":"page","link":"https:\/\/kylat.ekarjala.fi\/vainikkala\/kylainfo\/kylalle-asumaan\/","title":{"rendered":"Kyl\u00e4lle asumaan"},"content":{"rendered":"<p><strong>Ostamassa kiinteist\u00f6\u00e4 tai tonttia?<\/strong><\/p>\n<p>Vainikkalasta on\u00a0mahdollista l\u00f6yt\u00e4\u00e4\u00a0rakennuspaikkoja omakotitalon rakentajille joko kaupungin tai yksityisten omistamista tonteista. T\u00e4ss\u00e4 tapauksessa kannattaa olla yhteydess\u00e4 Vainikkalan kyl\u00e4toimikuntaan. Kyl\u00e4ss\u00e4 on my\u00f6s vaihteleva m\u00e4\u00e4r\u00e4 myyt\u00e4vi\u00e4 valmiita kiinteist\u00f6j\u00e4, joista l\u00f6yt\u00e4\u00e4 parhaiten tietoja yleisist\u00e4 asuntosivustoilta, kuten esimerkiksi <a href=\"http:\/\/www.oikotie.fi\/asunnot\" target=\"_blank\">www.oikotie.fi\/asunnot<\/a>.<\/p>\n<p><strong>Etsim\u00e4ss\u00e4 vuokra-asuntoa<\/strong>?<\/p>\n<p>Vainikkalasta l\u00f6ytyy\u00a0my\u00f6s vuokra-asuntoja.<\/p>\n<p><b>Lpr:n Asuntopalvelut Oy:n asunnot<\/b><\/p>\n<p>Lappeenrannan Asuntopalvelut Oy:ll\u00e4 on Vainikkalassa kaksi vuokrataloa osoitteessa Vainikkalantie 1529.<\/p>\n<p>Talojen vapaat asunnot l\u00f6yd\u00e4t alla olevasta linkist\u00e4.<\/p>\n<p><a href=\"http:\/\/www.aspakoti.fi\/Default.asp?NakymaID=4\" target=\"_blank\">LPR:n asuntopalvelu Oy Aspa<\/a><\/p>\n<p><b>Muuttajan kansio<\/b><\/p>\n<p>Kyl\u00e4\u00e4n muuttavia varten rakennettiin vuonna 2005\u00a0esittelykansioita josta uusi kyl\u00e4l\u00e4inen sai paljon hy\u00f6dyllist\u00e4 tietoa. Yksi kansioista on yh\u00e4 olemassa ja siihen voi tutustua Ravintola Ukko-Pekassa.<\/p>\n<p><strong>Runo muuttajille<\/strong><\/p>\n<h1>Sinulle fiksu ihminen<\/h1>\n<p>Onnea &#8211; ootte tehneet loistavan p\u00e4\u00e4t\u00f6ksen<br \/>\nja aiotte rakentaa itsellenne talosen.<br \/>\nL\u00f6ytyi kenties rinnetontti loiva<br \/>\nja tietysti paikkana kyl\u00e4mme oiva.<\/p>\n<p>T\u00e4\u00e4lt\u00e4 l\u00f6yd\u00e4t monenmoiset palvelut<br \/>\nSale-kaupassa kuulet tuoreimmat jutut.<br \/>\nRavintolassa tapaat vieraat ja tutut<br \/>\nkyl\u00e4n ompelijalta saat kauniit nutut.<br \/>\nRetkeilyreitill\u00e4 viet\u00e4t hauskan illan<br \/>\nsinne p\u00e4\u00e4st\u00e4ksesi ylit\u00e4t Korpelan sillan.<\/p>\n<p>Tekemist\u00e4 riitt\u00e4\u00e4 moneen makuun<br \/>\nsiit\u00e4 annamme pysyv\u00e4n takuun.<br \/>\nToivottavasti viihdytte kyl\u00e4ll\u00e4mme<br \/>\nja j\u00e4\u00e4tte pysyviksi asukkaiksi t\u00e4nne!<\/p>\n<p><strong>L\u00c4MPIM\u00c4STI TERVETULOA!<\/strong><br \/>\nTOIVOTTAA<br \/>\nVAINIKKALAN KYL\u00c4TOIMIKUNTA<\/p>\n","protected":false},"excerpt":{"rendered":"<p>Ostamassa kiinteist\u00f6\u00e4 tai tonttia? Vainikkalasta on\u00a0mahdollista l\u00f6yt\u00e4\u00e4\u00a0rakennuspaikkoja omakotitalon rakentajille joko kaupungin tai yksityisten omistamista tonteista. T\u00e4ss\u00e4 tapauksessa kannattaa olla yhteydess\u00e4 Vainikkalan kyl\u00e4toimikuntaan. Kyl\u00e4ss\u00e4 on my\u00f6s vaihteleva m\u00e4\u00e4r\u00e4 myyt\u00e4vi\u00e4 valmiita kiinteist\u00f6j\u00e4, joista l\u00f6yt\u00e4\u00e4 parhaiten tietoja yleisist\u00e4 asuntosivustoilta, kuten esimerkiksi www.oikotie.fi\/asunnot. Etsim\u00e4ss\u00e4 &hellip; <a href=\"https:\/\/kylat.ekarjala.fi\/vainikkala\/kylainfo\/kylalle-asumaan\/\">Lue loppuun <span class=\"meta-nav\">&rarr;<\/span><\/a><\/p>\n","protected":false},"author":80,"featured_media":0,"parent":596,"menu_order":1,"comment_status":"open","ping_status":"closed","template":"","meta":{"footnotes":""},"class_list":["post-1118","page","type-page","status-publish","hentry"],"_links":{"self":[{"href":"https:\/\/kylat.ekarjala.fi\/vainikkala\/wp-json\/wp\/v2\/pages\/1118","targetHints":{"allow":["GET"]}}],"collection":[{"href":"https:\/\/kylat.ekarjala.fi\/vainikkala\/wp-json\/wp\/v2\/pages"}],"about":[{"href":"https:\/\/kylat.ekarjala.fi\/vainikkala\/wp-json\/wp\/v2\/types\/page"}],"author":[{"embeddable":true,"href":"https:\/\/kylat.ekarjala.fi\/vainikkala\/wp-json\/wp\/v2\/users\/80"}],"replies":[{"embeddable":true,"href":"https:\/\/kylat.ekarjala.fi\/vainikkala\/wp-json\/wp\/v2\/comments?post=1118"}],"version-history":[{"count":1,"href":"https:\/\/kylat.ekarjala.fi\/vainikkala\/wp-json\/wp\/v2\/pages\/1118\/revisions"}],"predecessor-version":[{"id":1119,"href":"https:\/\/kylat.ekarjala.fi\/vainikkala\/wp-json\/wp\/v2\/pages\/1118\/revisions\/1119"}],"up":[{"embeddable":true,"href":"https:\/\/kylat.ekarjala.fi\/vainikkala\/wp-json\/wp\/v2\/pages\/596"}],"wp:attachment":[{"href":"https:\/\/kylat.ekarjala.fi\/vainikkala\/wp-json\/wp\/v2\/media?parent=1118"}],"curies":[{"name":"wp","href":"https:\/\/api.w.org\/{rel}","templated":true}]}}