{"id":112,"date":"2012-01-18T11:25:33","date_gmt":"2012-01-18T11:55:33","guid":{"rendered":"https:\/\/kylat.ekarjala.fi\/vainikkala\/?page_id=112"},"modified":"2013-12-09T11:31:37","modified_gmt":"2013-12-09T12:01:37","slug":"lapsille","status":"publish","type":"page","link":"https:\/\/kylat.ekarjala.fi\/vainikkala\/harrastukset\/lapsille\/","title":{"rendered":"Lapsille"},"content":{"rendered":"<p style=\"text-align: center\">Vainikkalassa j\u00e4rjestet\u00e4\u00e4n monenlaista toimintaa lapsille. Katso mit\u00e4\u00a0Vainikkala tarjoaa niille jotka tulevaisuudessa rakentavat t\u00e4t\u00e4 kyl\u00e4\u00e4, Etel\u00e4-Karjalaa, Suomea, Eurooppaa &#8230;<\/p>\n","protected":false},"excerpt":{"rendered":"<p>Vainikkalassa j\u00e4rjestet\u00e4\u00e4n monenlaista toimintaa lapsille. Katso mit\u00e4\u00a0Vainikkala tarjoaa niille jotka tulevaisuudessa rakentavat t\u00e4t\u00e4 kyl\u00e4\u00e4, Etel\u00e4-Karjalaa, Suomea, Eurooppaa &#8230;<\/p>\n","protected":false},"author":96,"featured_media":0,"parent":41,"menu_order":0,"comment_status":"open","ping_status":"open","template":"","meta":{"footnotes":""},"class_list":["post-112","page","type-page","status-publish","hentry"],"_links":{"self":[{"href":"https:\/\/kylat.ekarjala.fi\/vainikkala\/wp-json\/wp\/v2\/pages\/112","targetHints":{"allow":["GET"]}}],"collection":[{"href":"https:\/\/kylat.ekarjala.fi\/vainikkala\/wp-json\/wp\/v2\/pages"}],"about":[{"href":"https:\/\/kylat.ekarjala.fi\/vainikkala\/wp-json\/wp\/v2\/types\/page"}],"author":[{"embeddable":true,"href":"https:\/\/kylat.ekarjala.fi\/vainikkala\/wp-json\/wp\/v2\/users\/96"}],"replies":[{"embeddable":true,"href":"https:\/\/kylat.ekarjala.fi\/vainikkala\/wp-json\/wp\/v2\/comments?post=112"}],"version-history":[{"count":2,"href":"https:\/\/kylat.ekarjala.fi\/vainikkala\/wp-json\/wp\/v2\/pages\/112\/revisions"}],"predecessor-version":[{"id":116,"href":"https:\/\/kylat.ekarjala.fi\/vainikkala\/wp-json\/wp\/v2\/pages\/112\/revisions\/116"}],"up":[{"embeddable":true,"href":"https:\/\/kylat.ekarjala.fi\/vainikkala\/wp-json\/wp\/v2\/pages\/41"}],"wp:attachment":[{"href":"https:\/\/kylat.ekarjala.fi\/vainikkala\/wp-json\/wp\/v2\/media?parent=112"}],"curies":[{"name":"wp","href":"https:\/\/api.w.org\/{rel}","templated":true}]}}