{"id":117,"date":"2012-01-18T11:30:35","date_gmt":"2012-01-18T12:00:35","guid":{"rendered":"https:\/\/kylat.ekarjala.fi\/vainikkala\/?page_id=117"},"modified":"2013-12-09T11:36:12","modified_gmt":"2013-12-09T12:06:12","slug":"srkn-toiminta","status":"publish","type":"page","link":"https:\/\/kylat.ekarjala.fi\/vainikkala\/harrastukset\/lapsille\/srkn-toiminta\/","title":{"rendered":"Srk:n toiminta"},"content":{"rendered":"<p style=\"text-align: center\">Lappeen seurakunta j\u00e4rjest\u00e4\u00e4 lapsille toimintaa my\u00f6s Vainikkalassa.<br \/>\nVainikkalan seurakuntatalon osoite on Rikkil\u00e4ntie 38 ja puh. 040-3126882<\/p>\n<p style=\"text-align: center\"><strong>Avoin perhekerho<\/strong><br \/>\nVainikkalan srk-talolla maanantaisin klo 9.00 &#8211; 11.30<br \/>\nLappeen seurakunta<\/p>\n<p>&nbsp;<\/p>\n","protected":false},"excerpt":{"rendered":"<p>Lappeen seurakunta j\u00e4rjest\u00e4\u00e4 lapsille toimintaa my\u00f6s Vainikkalassa. Vainikkalan seurakuntatalon osoite on Rikkil\u00e4ntie 38 ja puh. 040-3126882 Avoin perhekerho Vainikkalan srk-talolla maanantaisin klo 9.00 &#8211; 11.30 Lappeen seurakunta &nbsp;<\/p>\n","protected":false},"author":96,"featured_media":0,"parent":112,"menu_order":0,"comment_status":"open","ping_status":"open","template":"","meta":{"footnotes":""},"class_list":["post-117","page","type-page","status-publish","hentry"],"_links":{"self":[{"href":"https:\/\/kylat.ekarjala.fi\/vainikkala\/wp-json\/wp\/v2\/pages\/117","targetHints":{"allow":["GET"]}}],"collection":[{"href":"https:\/\/kylat.ekarjala.fi\/vainikkala\/wp-json\/wp\/v2\/pages"}],"about":[{"href":"https:\/\/kylat.ekarjala.fi\/vainikkala\/wp-json\/wp\/v2\/types\/page"}],"author":[{"embeddable":true,"href":"https:\/\/kylat.ekarjala.fi\/vainikkala\/wp-json\/wp\/v2\/users\/96"}],"replies":[{"embeddable":true,"href":"https:\/\/kylat.ekarjala.fi\/vainikkala\/wp-json\/wp\/v2\/comments?post=117"}],"version-history":[{"count":7,"href":"https:\/\/kylat.ekarjala.fi\/vainikkala\/wp-json\/wp\/v2\/pages\/117\/revisions"}],"predecessor-version":[{"id":591,"href":"https:\/\/kylat.ekarjala.fi\/vainikkala\/wp-json\/wp\/v2\/pages\/117\/revisions\/591"}],"up":[{"embeddable":true,"href":"https:\/\/kylat.ekarjala.fi\/vainikkala\/wp-json\/wp\/v2\/pages\/112"}],"wp:attachment":[{"href":"https:\/\/kylat.ekarjala.fi\/vainikkala\/wp-json\/wp\/v2\/media?parent=117"}],"curies":[{"name":"wp","href":"https:\/\/api.w.org\/{rel}","templated":true}]}}