{"id":1217,"date":"2014-03-03T10:01:19","date_gmt":"2014-03-03T10:31:19","guid":{"rendered":"https:\/\/kylat.ekarjala.fi\/vainikkala\/?page_id=1217"},"modified":"2014-03-03T10:01:19","modified_gmt":"2014-03-03T10:31:19","slug":"postin-kirjelaatikko","status":"publish","type":"page","link":"https:\/\/kylat.ekarjala.fi\/vainikkala\/palvelut\/postin-kirjelaatikko\/","title":{"rendered":"Postin kirjelaatikko"},"content":{"rendered":"<p>Kyl\u00e4n ainut kirjelaatikko sijaitsee rautatieasemalla, Ravintola Ukko-Pekan pihalla osoitteessa Rajamiehentie 46. Laatikko tyhjennet\u00e4\u00e4n ma-pe kello 15:00. Laatikkoon voi laittaa sek\u00e4 1. ett\u00e4 2. luokan postia.<\/p>\n<p>&nbsp;<\/p>\n","protected":false},"excerpt":{"rendered":"<p>Kyl\u00e4n ainut kirjelaatikko sijaitsee rautatieasemalla, Ravintola Ukko-Pekan pihalla osoitteessa Rajamiehentie 46. Laatikko tyhjennet\u00e4\u00e4n ma-pe kello 15:00. Laatikkoon voi laittaa sek\u00e4 1. ett\u00e4 2. luokan postia. &nbsp;<\/p>\n","protected":false},"author":80,"featured_media":0,"parent":1048,"menu_order":0,"comment_status":"open","ping_status":"closed","template":"","meta":{"footnotes":""},"class_list":["post-1217","page","type-page","status-publish","hentry"],"_links":{"self":[{"href":"https:\/\/kylat.ekarjala.fi\/vainikkala\/wp-json\/wp\/v2\/pages\/1217","targetHints":{"allow":["GET"]}}],"collection":[{"href":"https:\/\/kylat.ekarjala.fi\/vainikkala\/wp-json\/wp\/v2\/pages"}],"about":[{"href":"https:\/\/kylat.ekarjala.fi\/vainikkala\/wp-json\/wp\/v2\/types\/page"}],"author":[{"embeddable":true,"href":"https:\/\/kylat.ekarjala.fi\/vainikkala\/wp-json\/wp\/v2\/users\/80"}],"replies":[{"embeddable":true,"href":"https:\/\/kylat.ekarjala.fi\/vainikkala\/wp-json\/wp\/v2\/comments?post=1217"}],"version-history":[{"count":1,"href":"https:\/\/kylat.ekarjala.fi\/vainikkala\/wp-json\/wp\/v2\/pages\/1217\/revisions"}],"predecessor-version":[{"id":1218,"href":"https:\/\/kylat.ekarjala.fi\/vainikkala\/wp-json\/wp\/v2\/pages\/1217\/revisions\/1218"}],"up":[{"embeddable":true,"href":"https:\/\/kylat.ekarjala.fi\/vainikkala\/wp-json\/wp\/v2\/pages\/1048"}],"wp:attachment":[{"href":"https:\/\/kylat.ekarjala.fi\/vainikkala\/wp-json\/wp\/v2\/media?parent=1217"}],"curies":[{"name":"wp","href":"https:\/\/api.w.org\/{rel}","templated":true}]}}