{"id":133,"date":"2012-01-18T11:45:35","date_gmt":"2012-01-18T12:15:35","guid":{"rendered":"https:\/\/kylat.ekarjala.fi\/vainikkala\/?page_id=133"},"modified":"2012-01-18T11:45:35","modified_gmt":"2012-01-18T12:15:35","slug":"hirvijahti-2010","status":"publish","type":"page","link":"https:\/\/kylat.ekarjala.fi\/vainikkala\/harrastukset\/metsastys\/hirvijahti-2010\/","title":{"rendered":"Hirvijahti 2010"},"content":{"rendered":"<p>ALLA VUODEN 2010 HIRVIJAHDIN TIETOJA:<br \/>\n<span style=\"text-decoration: underline\">Kaatotilanne:<br \/>\n<\/span>16.10.2010\u00a0 0 + 0<br \/>\n17.10.2010\u00a0 0 + 0<br \/>\n23.10.2010\u00a0 0 + 0<br \/>\n24.10.2010\u00a0 0 + 0<br \/>\n30.10.2010\u00a0 0 + 2<br \/>\n31.10.2010\u00a0 0 + 2<br \/>\n13.11.2010\u00a0 0 + 2<br \/>\n20.11.2010\u00a0 1 + 2<br \/>\n21.11.2010\u00a0 1 + 2<br \/>\n27.11.2010\u00a0 1 + 2<br \/>\n04.12.2010\u00a0 1 + 2<br \/>\n11.12.2010\u00a0 1 + 2<br \/>\n18.12.2010\u00a0 1 + 2<br \/>\n31.12.2010\u00a0 2 + 2 (jahdin p\u00e4\u00e4ttyess\u00e4 kaikki luvat k\u00e4ytetty)<br \/>\nViimeinen kaato 31.12.2010<\/p>\n","protected":false},"excerpt":{"rendered":"<p>ALLA VUODEN 2010 HIRVIJAHDIN TIETOJA: Kaatotilanne: 16.10.2010\u00a0 0 + 0 17.10.2010\u00a0 0 + 0 23.10.2010\u00a0 0 + 0 24.10.2010\u00a0 0 + 0 30.10.2010\u00a0 0 + 2 31.10.2010\u00a0 0 + 2 13.11.2010\u00a0 0 + 2 20.11.2010\u00a0 1 + 2 21.11.2010\u00a0 1 &hellip; <a href=\"https:\/\/kylat.ekarjala.fi\/vainikkala\/harrastukset\/metsastys\/hirvijahti-2010\/\">Lue loppuun <span class=\"meta-nav\">&rarr;<\/span><\/a><\/p>\n","protected":false},"author":96,"featured_media":0,"parent":52,"menu_order":0,"comment_status":"open","ping_status":"open","template":"","meta":{"footnotes":""},"class_list":["post-133","page","type-page","status-publish","hentry"],"_links":{"self":[{"href":"https:\/\/kylat.ekarjala.fi\/vainikkala\/wp-json\/wp\/v2\/pages\/133","targetHints":{"allow":["GET"]}}],"collection":[{"href":"https:\/\/kylat.ekarjala.fi\/vainikkala\/wp-json\/wp\/v2\/pages"}],"about":[{"href":"https:\/\/kylat.ekarjala.fi\/vainikkala\/wp-json\/wp\/v2\/types\/page"}],"author":[{"embeddable":true,"href":"https:\/\/kylat.ekarjala.fi\/vainikkala\/wp-json\/wp\/v2\/users\/96"}],"replies":[{"embeddable":true,"href":"https:\/\/kylat.ekarjala.fi\/vainikkala\/wp-json\/wp\/v2\/comments?post=133"}],"version-history":[{"count":1,"href":"https:\/\/kylat.ekarjala.fi\/vainikkala\/wp-json\/wp\/v2\/pages\/133\/revisions"}],"predecessor-version":[{"id":134,"href":"https:\/\/kylat.ekarjala.fi\/vainikkala\/wp-json\/wp\/v2\/pages\/133\/revisions\/134"}],"up":[{"embeddable":true,"href":"https:\/\/kylat.ekarjala.fi\/vainikkala\/wp-json\/wp\/v2\/pages\/52"}],"wp:attachment":[{"href":"https:\/\/kylat.ekarjala.fi\/vainikkala\/wp-json\/wp\/v2\/media?parent=133"}],"curies":[{"name":"wp","href":"https:\/\/api.w.org\/{rel}","templated":true}]}}