{"id":136,"date":"2012-01-18T11:55:53","date_gmt":"2012-01-18T12:25:53","guid":{"rendered":"https:\/\/kylat.ekarjala.fi\/vainikkala\/?page_id=136"},"modified":"2014-05-11T10:46:02","modified_gmt":"2014-05-11T11:16:02","slug":"joukkoliikenne","status":"publish","type":"page","link":"https:\/\/kylat.ekarjala.fi\/vainikkala\/joukkoliikenne\/","title":{"rendered":"Joukkoliikenne"},"content":{"rendered":"<p>&nbsp;<\/p>\n<div id=\"attachment_594\" style=\"width: 310px\" class=\"wp-caption aligncenter\"><a href=\"https:\/\/kylat.ekarjala.fi\/vainikkala\/wp-content\/uploads\/sites\/36\/2012\/01\/bussi.jpg\"><img loading=\"lazy\" decoding=\"async\" aria-describedby=\"caption-attachment-594\" class=\"wp-image-594 \" alt=\"Kes\u00e4ll\u00e4 2013 valmistunut uusi bussipys\u00e4kki rautatieasemalla\" src=\"https:\/\/kylat.ekarjala.fi\/vainikkala\/wp-content\/uploads\/sites\/36\/2012\/01\/bussi-300x200.jpg\" width=\"300\" height=\"200\" srcset=\"https:\/\/kylat.ekarjala.fi\/vainikkala\/wp-content\/uploads\/sites\/36\/2012\/01\/bussi-300x200.jpg 300w, https:\/\/kylat.ekarjala.fi\/vainikkala\/wp-content\/uploads\/sites\/36\/2012\/01\/bussi.jpg 800w\" sizes=\"auto, (max-width: 300px) 100vw, 300px\" \/><\/a><p id=\"caption-attachment-594\" class=\"wp-caption-text\">Kes\u00e4ll\u00e4 2013 valmistunut uusi bussipys\u00e4kki rautatieasemalla<\/p><\/div>\n<p style=\"text-align: center\">Vainikkalan ja Lappeenrannan keskustan v\u00e4lill\u00e4 on hyv\u00e4t bussi- ja linjataksiyhteydet. Yhteydet on hyv\u00e4t my\u00f6s viikonloppuisin ja koulujen loma-aikoina.<\/p>\n<p style=\"text-align: center\"><a href=\"http:\/\/www.lappeenranta.fi\/loader.aspx?id=615ecefb-3ca4-4554-92f5-1f58e4c00277\" target=\"_blank\">Aikataulu<\/a><br \/>\n<a href=\"http:\/\/www.lappeenranta.fi\/loader.aspx?id=e0482258-97a2-45ad-b42b-08bf22cf3e83\" target=\"_blank\">English<br \/>\n<\/a><a href=\"http:\/\/www.lappeenranta.fi\/loader.aspx?id=04d3aa30-e526-496a-a97e-f5493aa25f39\">po russki<\/a><\/p>\n<p style=\"text-align: center\">Ajantasaisimman tiedon l\u00f6yt\u00e4\u00e4 <a href=\"http:\/\/www.lappeenranta.fi\/Suomeksi\/Palvelut\/Joukkoliikenne\/Aikataulut.iw3\" target=\"_blank\">t\u00e4\u00e4lt\u00e4.<\/a><\/p>\n","protected":false},"excerpt":{"rendered":"<p>&nbsp; Vainikkalan ja Lappeenrannan keskustan v\u00e4lill\u00e4 on hyv\u00e4t bussi- ja linjataksiyhteydet. Yhteydet on hyv\u00e4t my\u00f6s viikonloppuisin ja koulujen loma-aikoina. Aikataulu English po russki Ajantasaisimman tiedon l\u00f6yt\u00e4\u00e4 t\u00e4\u00e4lt\u00e4.<\/p>\n","protected":false},"author":96,"featured_media":0,"parent":0,"menu_order":0,"comment_status":"open","ping_status":"open","template":"","meta":{"footnotes":""},"class_list":["post-136","page","type-page","status-publish","hentry"],"_links":{"self":[{"href":"https:\/\/kylat.ekarjala.fi\/vainikkala\/wp-json\/wp\/v2\/pages\/136","targetHints":{"allow":["GET"]}}],"collection":[{"href":"https:\/\/kylat.ekarjala.fi\/vainikkala\/wp-json\/wp\/v2\/pages"}],"about":[{"href":"https:\/\/kylat.ekarjala.fi\/vainikkala\/wp-json\/wp\/v2\/types\/page"}],"author":[{"embeddable":true,"href":"https:\/\/kylat.ekarjala.fi\/vainikkala\/wp-json\/wp\/v2\/users\/96"}],"replies":[{"embeddable":true,"href":"https:\/\/kylat.ekarjala.fi\/vainikkala\/wp-json\/wp\/v2\/comments?post=136"}],"version-history":[{"count":8,"href":"https:\/\/kylat.ekarjala.fi\/vainikkala\/wp-json\/wp\/v2\/pages\/136\/revisions"}],"predecessor-version":[{"id":1240,"href":"https:\/\/kylat.ekarjala.fi\/vainikkala\/wp-json\/wp\/v2\/pages\/136\/revisions\/1240"}],"wp:attachment":[{"href":"https:\/\/kylat.ekarjala.fi\/vainikkala\/wp-json\/wp\/v2\/media?parent=136"}],"curies":[{"name":"wp","href":"https:\/\/api.w.org\/{rel}","templated":true}]}}