{"id":141,"date":"2012-01-18T11:57:53","date_gmt":"2012-01-18T12:27:53","guid":{"rendered":"https:\/\/kylat.ekarjala.fi\/vainikkala\/?page_id=141"},"modified":"2013-12-17T12:33:16","modified_gmt":"2013-12-17T13:03:16","slug":"junalla-venajalle","status":"publish","type":"page","link":"https:\/\/kylat.ekarjala.fi\/vainikkala\/joukkoliikenne\/junalla-venajalle\/","title":{"rendered":"Junalla Ven\u00e4j\u00e4lle"},"content":{"rendered":"<div id=\"attachment_143\" style=\"width: 537px\" class=\"wp-caption aligncenter\"><a href=\"https:\/\/kylat.ekarjala.fi\/vainikkala\/wp-content\/uploads\/sites\/36\/2012\/01\/juna.jpg\"><img loading=\"lazy\" decoding=\"async\" aria-describedby=\"caption-attachment-143\" class=\"size-full wp-image-143\" alt=\"\" src=\"https:\/\/kylat.ekarjala.fi\/vainikkala\/wp-content\/uploads\/sites\/36\/2012\/01\/juna.jpg\" width=\"527\" height=\"354\" \/><\/a><p id=\"caption-attachment-143\" class=\"wp-caption-text\"><span class=\"Kuvateksti\">Allegro aloitti s\u00e4\u00e4nn\u00f6llisen liikenn\u00f6innin sunnuntaina 12. joulukuuta 2010. Kuvassa Juhla-Allegro saapumassa Vainikkalan asemalle. Matkalla mukana my\u00f6s tasavallan presidentti Tarja Halonen ja puolisonsa valiokuntaneuvos Pentti Araj\u00e4rvi. Kuva sv\/12.12.2010<\/span><\/p><\/div>\n<p>Helsingin ja Pietarin\u00a0v\u00e4li\u00e4 liikenn\u00f6iv\u00e4t\u00a0Sibelius- ja Repin-junat korvattiin vuoden 2010 lopussa nopealla Allegro-junalla. Edestakaisia Allegro-vuoroja on p\u00e4ivitt\u00e4in nelj\u00e4. Moskovan liikenteess\u00e4 jatkaa tuttu Tolstoi yhdell\u00e4 vuorolla p\u00e4iv\u00e4ss\u00e4.<br \/>\nKaikki Ven\u00e4j\u00e4n-junat pys\u00e4htyv\u00e4t Pasilassa, Tikkurilassa, Lahdessa, Kouvolassa ja Vainikkalassa.<\/p>\n<p><strong>Ven\u00e4j\u00e4n liikenteen aikataulut<\/strong><\/p>\n<p>Ven\u00e4j\u00e4lle liikenn\u00f6ivien junien (Allegro ja Tolstoi) aikataulut l\u00f6ytyv\u00e4t vaivattomasti VR Matkahausta.<\/p>\n<p><a href=\"http:\/\/www.vr.fi\/fi\/index\/aikataulut\/aikataulutvenajalle\/aikataulutpietariin.html\" target=\"_blank\">Allegro<\/a><\/p>\n<p><a href=\"http:\/\/www.vr.fi\/fi\/index\/aikataulut\/aikataulutvenajalle\/aikataulut_moskovaan.html\" target=\"_blank\">Tolstoi<\/a><\/p>\n","protected":false},"excerpt":{"rendered":"<p>Helsingin ja Pietarin\u00a0v\u00e4li\u00e4 liikenn\u00f6iv\u00e4t\u00a0Sibelius- ja Repin-junat korvattiin vuoden 2010 lopussa nopealla Allegro-junalla. Edestakaisia Allegro-vuoroja on p\u00e4ivitt\u00e4in nelj\u00e4. Moskovan liikenteess\u00e4 jatkaa tuttu Tolstoi yhdell\u00e4 vuorolla p\u00e4iv\u00e4ss\u00e4. Kaikki Ven\u00e4j\u00e4n-junat pys\u00e4htyv\u00e4t Pasilassa, Tikkurilassa, Lahdessa, Kouvolassa ja Vainikkalassa. Ven\u00e4j\u00e4n liikenteen aikataulut Ven\u00e4j\u00e4lle liikenn\u00f6ivien junien &hellip; <a href=\"https:\/\/kylat.ekarjala.fi\/vainikkala\/joukkoliikenne\/junalla-venajalle\/\">Lue loppuun <span class=\"meta-nav\">&rarr;<\/span><\/a><\/p>\n","protected":false},"author":96,"featured_media":0,"parent":136,"menu_order":0,"comment_status":"open","ping_status":"open","template":"","meta":{"footnotes":""},"class_list":["post-141","page","type-page","status-publish","hentry"],"_links":{"self":[{"href":"https:\/\/kylat.ekarjala.fi\/vainikkala\/wp-json\/wp\/v2\/pages\/141","targetHints":{"allow":["GET"]}}],"collection":[{"href":"https:\/\/kylat.ekarjala.fi\/vainikkala\/wp-json\/wp\/v2\/pages"}],"about":[{"href":"https:\/\/kylat.ekarjala.fi\/vainikkala\/wp-json\/wp\/v2\/types\/page"}],"author":[{"embeddable":true,"href":"https:\/\/kylat.ekarjala.fi\/vainikkala\/wp-json\/wp\/v2\/users\/96"}],"replies":[{"embeddable":true,"href":"https:\/\/kylat.ekarjala.fi\/vainikkala\/wp-json\/wp\/v2\/comments?post=141"}],"version-history":[{"count":6,"href":"https:\/\/kylat.ekarjala.fi\/vainikkala\/wp-json\/wp\/v2\/pages\/141\/revisions"}],"predecessor-version":[{"id":634,"href":"https:\/\/kylat.ekarjala.fi\/vainikkala\/wp-json\/wp\/v2\/pages\/141\/revisions\/634"}],"up":[{"embeddable":true,"href":"https:\/\/kylat.ekarjala.fi\/vainikkala\/wp-json\/wp\/v2\/pages\/136"}],"wp:attachment":[{"href":"https:\/\/kylat.ekarjala.fi\/vainikkala\/wp-json\/wp\/v2\/media?parent=141"}],"curies":[{"name":"wp","href":"https:\/\/api.w.org\/{rel}","templated":true}]}}