{"id":150,"date":"2012-01-18T12:04:30","date_gmt":"2012-01-18T12:34:30","guid":{"rendered":"https:\/\/kylat.ekarjala.fi\/vainikkala\/?page_id=150"},"modified":"2012-01-18T12:10:55","modified_gmt":"2012-01-18T12:40:55","slug":"kylatoimikunta","status":"publish","type":"page","link":"https:\/\/kylat.ekarjala.fi\/vainikkala\/yhdistykset\/kylatoimikunta\/","title":{"rendered":"Kyl\u00e4toimikunta"},"content":{"rendered":"<p><strong>KYL\u00c4KOKOUS<\/strong><br \/>\nKyl\u00e4kokous pidet\u00e4\u00e4n kerran vuodessa, marraskuussa. Kyl\u00e4toimikunta voi kutsua ylim\u00e4\u00e4r\u00e4isen kokouksen koolle tarvittaessa. Kokouksesta ilmoitetaan ilmoitustaululla v\u00e4hint\u00e4\u00e4n seitsem\u00e4n(7) p\u00e4iv\u00e4\u00e4 ennen kokousta.<br \/>\nKyl\u00e4kokouksessa valitaan kyl\u00e4toimikunnan rahastonhoitaja sek\u00e4 kyl\u00e4toimikunnalle kaksi(2) tilintarkastajaa ja kaksi(2) tilintarkastajan varahenkil\u00f6\u00e4, joiden kaikkien toimikausi on kaksi(2) vuotta. Kyl\u00e4kokouksessa valitaan kyl\u00e4kokouksen puheenjohtaja, sihteeri ja kaksi(2) p\u00f6yt\u00e4kirjan tarkastajaa, jotka toimivat tarvittaessa \u00e4\u00e4ntenlaskijoina. Kyl\u00e4kokouksen avaa sen aikainen puheenjohtaja.<\/p>\n<p><strong>KYL\u00c4TOIMIKUNTA<\/strong><br \/>\nKyl\u00e4toimikuntaan valitaan kyl\u00e4kokouksessa nelj\u00e4toista(14) talouskyl\u00e4ss\u00e4 tai naapurikyliss\u00e4 vakituisesti asuvaa 18 vuotta t\u00e4ytt\u00e4nytt\u00e4 henkil\u00f6\u00e4, joista vuosittain puolet on erovuorossa. Varaj\u00e4seni\u00e4 ei ole.<br \/>\n&#8211; vuoden ensimm\u00e4isess\u00e4 kokouksessa kyl\u00e4toimikunta valitsee keskuudestaan puheenjohtajan, varapuheenjohtajan ja sihteerin<br \/>\n&#8211; kyl\u00e4toimikunta on velvoitettu maksamaan kyl\u00e4toimikuntaan kuuluvalle j\u00e4senelle kyl\u00e4toimikuntaan liittyvist\u00e4 matka- ja kulukorvauksista<br \/>\n&#8211; kyl\u00e4toimikunta on puolueettomasti sitoutumaton<br \/>\n&#8211; kyl\u00e4toimikunnan kutsuu koolle sihteeri puheenjohtajan kutsusta, viimeist\u00e4\u00e4n kaksi(2) vuorokautta ennen kokousta<br \/>\n&#8211; mik\u00e4li kyl\u00e4toimikuntaan valittu henkil\u00f6 ei syyst\u00e4 tai toisesta ole k\u00e4ynyt kertaakaan vuoden aikana kokouksissa, katsotaan h\u00e4nen velvollisuutensa loppuneen ja h\u00e4net erotetaan kyl\u00e4toimikunnasta<br \/>\n&#8211; kyl\u00e4toimikunta on p\u00e4\u00e4t\u00f6svaltainen kun kuusi(6) j\u00e4sent\u00e4 on l\u00e4sn\u00e4<br \/>\n&#8211; ellei puheenjohtaja tai varapuheenjohtaja ole saapuvilla kokouksessa, valitaan siksi kerraksi joku kyl\u00e4toimikunnan j\u00e4senist\u00e4 kokousta johtamaan<br \/>\n&#8211; kyl\u00e4toimikunta ei peri j\u00e4senmaksua<br \/>\n&#8211; kaikki kyl\u00e4toimikunnalle saapunut posti sek\u00e4 aloitelaatikkoon saapuneet aloitteet k\u00e4sitell\u00e4\u00e4n kokouksissa<br \/>\n&#8211; kyl\u00e4toimikunnan tilin k\u00e4ytt\u00f6oikeus p\u00e4\u00e4tet\u00e4\u00e4n vuoden ensimm\u00e4isess\u00e4 kyl\u00e4kokouksessa<br \/>\n&#8211; kokouksen p\u00f6yt\u00e4kirjan allekirjoittavat kokouksen puheenjohtaja ja sihteeri<br \/>\n&#8211; kokouksien p\u00f6yt\u00e4kirjat n\u00e4ht\u00e4viss\u00e4 Vainikkalan kirjastossa<br \/>\n&#8211; kyl\u00e4toimikunta voi asettaa asioiden valmistelua varten ty\u00f6ryhmi\u00e4 tai kutsua asiantuntijoita niit\u00e4 hoitamaan<\/p>\n","protected":false},"excerpt":{"rendered":"<p>KYL\u00c4KOKOUS Kyl\u00e4kokous pidet\u00e4\u00e4n kerran vuodessa, marraskuussa. Kyl\u00e4toimikunta voi kutsua ylim\u00e4\u00e4r\u00e4isen kokouksen koolle tarvittaessa. Kokouksesta ilmoitetaan ilmoitustaululla v\u00e4hint\u00e4\u00e4n seitsem\u00e4n(7) p\u00e4iv\u00e4\u00e4 ennen kokousta. Kyl\u00e4kokouksessa valitaan kyl\u00e4toimikunnan rahastonhoitaja sek\u00e4 kyl\u00e4toimikunnalle kaksi(2) tilintarkastajaa ja kaksi(2) tilintarkastajan varahenkil\u00f6\u00e4, joiden kaikkien toimikausi on kaksi(2) vuotta. Kyl\u00e4kokouksessa &hellip; <a href=\"https:\/\/kylat.ekarjala.fi\/vainikkala\/yhdistykset\/kylatoimikunta\/\">Lue loppuun <span class=\"meta-nav\">&rarr;<\/span><\/a><\/p>\n","protected":false},"author":96,"featured_media":0,"parent":146,"menu_order":0,"comment_status":"open","ping_status":"open","template":"","meta":{"footnotes":""},"class_list":["post-150","page","type-page","status-publish","hentry"],"_links":{"self":[{"href":"https:\/\/kylat.ekarjala.fi\/vainikkala\/wp-json\/wp\/v2\/pages\/150","targetHints":{"allow":["GET"]}}],"collection":[{"href":"https:\/\/kylat.ekarjala.fi\/vainikkala\/wp-json\/wp\/v2\/pages"}],"about":[{"href":"https:\/\/kylat.ekarjala.fi\/vainikkala\/wp-json\/wp\/v2\/types\/page"}],"author":[{"embeddable":true,"href":"https:\/\/kylat.ekarjala.fi\/vainikkala\/wp-json\/wp\/v2\/users\/96"}],"replies":[{"embeddable":true,"href":"https:\/\/kylat.ekarjala.fi\/vainikkala\/wp-json\/wp\/v2\/comments?post=150"}],"version-history":[{"count":5,"href":"https:\/\/kylat.ekarjala.fi\/vainikkala\/wp-json\/wp\/v2\/pages\/150\/revisions"}],"predecessor-version":[{"id":162,"href":"https:\/\/kylat.ekarjala.fi\/vainikkala\/wp-json\/wp\/v2\/pages\/150\/revisions\/162"}],"up":[{"embeddable":true,"href":"https:\/\/kylat.ekarjala.fi\/vainikkala\/wp-json\/wp\/v2\/pages\/146"}],"wp:attachment":[{"href":"https:\/\/kylat.ekarjala.fi\/vainikkala\/wp-json\/wp\/v2\/media?parent=150"}],"curies":[{"name":"wp","href":"https:\/\/api.w.org\/{rel}","templated":true}]}}