{"id":157,"date":"2012-01-18T12:08:06","date_gmt":"2012-01-18T12:38:06","guid":{"rendered":"https:\/\/kylat.ekarjala.fi\/vainikkala\/?page_id=157"},"modified":"2013-12-17T12:39:46","modified_gmt":"2013-12-17T13:09:46","slug":"lappeenriento","status":"publish","type":"page","link":"https:\/\/kylat.ekarjala.fi\/vainikkala\/yhdistykset\/lappeenriento\/","title":{"rendered":"Lappeen Riento"},"content":{"rendered":"<p><span style=\"font-size: medium\"><span style=\"font-family: Times New Roman\">Lappeen Riennon Vainikkalan kyl\u00e4osasto on aktiivinen vainikkalalaisten ja l\u00e4hiasukkaiden liikuttaja. Se j\u00e4rjest\u00e4\u00e4 monipuolista ulko- ja sis\u00e4liikuntatoimintaa eri ik\u00e4isille liikuntakerhojen, kilpailujen ja harjoittelun muodossa, sek\u00e4 yll\u00e4pit\u00e4\u00e4 kyl\u00e4n latuverkostoa. T\u00e4ss\u00e4 on lyhyesti esitelty joitakin kyl\u00e4osaston j\u00e4rjest\u00e4mist\u00e4 tapahtumista ja kisoista.<\/span><\/span><\/p>\n<p><span style=\"font-size: medium\"><span style=\"font-family: Times New Roman\">Ehk\u00e4 kuuluisimpia kyl\u00e4osaston j\u00e4rjest\u00e4mi\u00e4 tapahtumia ovat vuosittaiset Kyl\u00e4hullun k\u00e4velyt -tapahtuma sek\u00e4 R\u00e4min\u00e4\u00e4 ja Pauketta -vestivaali kes\u00e4teatterilla.<br \/>\n<\/span><\/span><\/p>\n<p><span style=\"font-size: medium\"><span style=\"font-family: Times New Roman\">Riento yll\u00e4pit\u00e4\u00e4 Vainikkalassa suuren suosion saavuttanutta hiihtomaata, joka l\u00e4hist\u00f6n grillikatoksineen, laavuineen, pukukoppeineen, kaukaloineen ja valaistune hiihtolatuineen tarjoavat upeat puitteet vaikka hienon koko perheen tai jopa oppilaitoksen kev\u00e4ttalven riehan j\u00e4rjest\u00e4miseen.<\/span><\/span><\/p>\n<p><span style=\"font-size: medium\"><span style=\"font-family: Times New Roman\">Muita vuoden vakiotapahtumia ovat muun muassa omat lasten hiihdot, talvirieha potkukelkkaralleineen, lasten kolmiottelut ja hassunhauska, useamman \u201dty\u00f6nt\u00f6tyylin\u201d kuulakisa.<\/span><\/span><\/p>\n<p><span style=\"font-size: medium\"><span style=\"font-family: Times New Roman\">Lapsille suunnattua viikoittaista toimintaa on t\u00e4ll\u00e4 hetkell\u00e4 jumppa, joka jatkuu naisten ja miesten jumpalla heti per\u00e4\u00e4n. Hieman varttuneemmalle v\u00e4elle on tarjolla muun muassa lentopalloa ymp\u00e4ri vuoden.<\/span><\/span><\/p>\n<p><span style=\"font-size: medium\"><span style=\"font-family: Times New Roman\">Ahkeraan johtokuntaan kuuluu 12 j\u00e4sent\u00e4, jonka lis\u00e4ksi kyl\u00e4l\u00e4isist\u00e4 koostuva tuttu ja turvallinen talkooyhteis\u00f6 mahdollistaa urheilu- ja talkootapahtumien moitteettoman j\u00e4rjestelyporukan.<\/span><\/span><\/p>\n<p><span style=\"font-size: medium\"><span style=\"font-family: Times New Roman\">Ai niin, mainittakoon loppuun ett\u00e4 Vainikkalan kyl\u00e4osastolla on ollut jo monena vuonna yksi tai jopa kaksikin punanuttuista valkopartaa taivaltamassa kyl\u00e4n jouluaattoillan h\u00e4m\u00e4r\u00e4ss\u00e4, jakamassa jouluiloa moneen perheeseen.<\/span><\/span><\/p>\n","protected":false},"excerpt":{"rendered":"<p>Lappeen Riennon Vainikkalan kyl\u00e4osasto on aktiivinen vainikkalalaisten ja l\u00e4hiasukkaiden liikuttaja. Se j\u00e4rjest\u00e4\u00e4 monipuolista ulko- ja sis\u00e4liikuntatoimintaa eri ik\u00e4isille liikuntakerhojen, kilpailujen ja harjoittelun muodossa, sek\u00e4 yll\u00e4pit\u00e4\u00e4 kyl\u00e4n latuverkostoa. T\u00e4ss\u00e4 on lyhyesti esitelty joitakin kyl\u00e4osaston j\u00e4rjest\u00e4mist\u00e4 tapahtumista ja kisoista. Ehk\u00e4 kuuluisimpia kyl\u00e4osaston &hellip; <a href=\"https:\/\/kylat.ekarjala.fi\/vainikkala\/yhdistykset\/lappeenriento\/\">Lue loppuun <span class=\"meta-nav\">&rarr;<\/span><\/a><\/p>\n","protected":false},"author":96,"featured_media":0,"parent":146,"menu_order":0,"comment_status":"open","ping_status":"open","template":"","meta":{"footnotes":""},"class_list":["post-157","page","type-page","status-publish","hentry"],"_links":{"self":[{"href":"https:\/\/kylat.ekarjala.fi\/vainikkala\/wp-json\/wp\/v2\/pages\/157","targetHints":{"allow":["GET"]}}],"collection":[{"href":"https:\/\/kylat.ekarjala.fi\/vainikkala\/wp-json\/wp\/v2\/pages"}],"about":[{"href":"https:\/\/kylat.ekarjala.fi\/vainikkala\/wp-json\/wp\/v2\/types\/page"}],"author":[{"embeddable":true,"href":"https:\/\/kylat.ekarjala.fi\/vainikkala\/wp-json\/wp\/v2\/users\/96"}],"replies":[{"embeddable":true,"href":"https:\/\/kylat.ekarjala.fi\/vainikkala\/wp-json\/wp\/v2\/comments?post=157"}],"version-history":[{"count":34,"href":"https:\/\/kylat.ekarjala.fi\/vainikkala\/wp-json\/wp\/v2\/pages\/157\/revisions"}],"predecessor-version":[{"id":635,"href":"https:\/\/kylat.ekarjala.fi\/vainikkala\/wp-json\/wp\/v2\/pages\/157\/revisions\/635"}],"up":[{"embeddable":true,"href":"https:\/\/kylat.ekarjala.fi\/vainikkala\/wp-json\/wp\/v2\/pages\/146"}],"wp:attachment":[{"href":"https:\/\/kylat.ekarjala.fi\/vainikkala\/wp-json\/wp\/v2\/media?parent=157"}],"curies":[{"name":"wp","href":"https:\/\/api.w.org\/{rel}","templated":true}]}}