{"id":159,"date":"2012-01-18T12:13:11","date_gmt":"2012-01-18T12:43:11","guid":{"rendered":"https:\/\/kylat.ekarjala.fi\/vainikkala\/?page_id=159"},"modified":"2012-01-18T12:13:11","modified_gmt":"2012-01-18T12:43:11","slug":"martat","status":"publish","type":"page","link":"https:\/\/kylat.ekarjala.fi\/vainikkala\/yhdistykset\/martat\/","title":{"rendered":"Martat"},"content":{"rendered":"<p>Vainikkalan marttakerho on yksi monista Lappeen yhdistyksen alaisista kerhoista. Kerhomme on avoin j\u00e4rjest\u00f6, jonne jokainen on tervetullut joukkoomme. Yhdess\u00e4 teemme ja talkoilla toimimme. Vainikkalan seurakuntatalo on kokoontumispaikkamme. Meill\u00e4 on tarjota kahvinkeitin ja 50 henk. astiasto kodinjuhliin pient\u00e4 korvausta vastaan\u00a0 (j\u00e4senet saavat k\u00e4ytt\u00f6\u00f6ns\u00e4 ilmaiseksi). P\u00e4\u00e4set retkille ja erilaisiin tapahtumiin edulliseen j\u00e4senhintaan. Osa retkist\u00e4 on ilmaisia. Voit ostaa edullisia tuotteita piiriliitosta. Marttana saat my\u00f6s asiantuntevaa koulutusta mit\u00e4 ihmeellisimpiin asioihin ja luonnollisestikin voit itse vaikuttaa mit\u00e4 milloinkin teemme yhdess\u00e4.<\/p>\n<p>Yhteystiedot: puh.joht. Irma Hiiri puh. 05-4548060 tai siht. Ulla Ahola puh. 05-4548053.<\/p>\n","protected":false},"excerpt":{"rendered":"<p>Vainikkalan marttakerho on yksi monista Lappeen yhdistyksen alaisista kerhoista. Kerhomme on avoin j\u00e4rjest\u00f6, jonne jokainen on tervetullut joukkoomme. Yhdess\u00e4 teemme ja talkoilla toimimme. Vainikkalan seurakuntatalo on kokoontumispaikkamme. Meill\u00e4 on tarjota kahvinkeitin ja 50 henk. astiasto kodinjuhliin pient\u00e4 korvausta vastaan\u00a0 (j\u00e4senet &hellip; <a href=\"https:\/\/kylat.ekarjala.fi\/vainikkala\/yhdistykset\/martat\/\">Lue loppuun <span class=\"meta-nav\">&rarr;<\/span><\/a><\/p>\n","protected":false},"author":96,"featured_media":0,"parent":146,"menu_order":0,"comment_status":"open","ping_status":"open","template":"","meta":{"footnotes":""},"class_list":["post-159","page","type-page","status-publish","hentry"],"_links":{"self":[{"href":"https:\/\/kylat.ekarjala.fi\/vainikkala\/wp-json\/wp\/v2\/pages\/159","targetHints":{"allow":["GET"]}}],"collection":[{"href":"https:\/\/kylat.ekarjala.fi\/vainikkala\/wp-json\/wp\/v2\/pages"}],"about":[{"href":"https:\/\/kylat.ekarjala.fi\/vainikkala\/wp-json\/wp\/v2\/types\/page"}],"author":[{"embeddable":true,"href":"https:\/\/kylat.ekarjala.fi\/vainikkala\/wp-json\/wp\/v2\/users\/96"}],"replies":[{"embeddable":true,"href":"https:\/\/kylat.ekarjala.fi\/vainikkala\/wp-json\/wp\/v2\/comments?post=159"}],"version-history":[{"count":1,"href":"https:\/\/kylat.ekarjala.fi\/vainikkala\/wp-json\/wp\/v2\/pages\/159\/revisions"}],"predecessor-version":[{"id":165,"href":"https:\/\/kylat.ekarjala.fi\/vainikkala\/wp-json\/wp\/v2\/pages\/159\/revisions\/165"}],"up":[{"embeddable":true,"href":"https:\/\/kylat.ekarjala.fi\/vainikkala\/wp-json\/wp\/v2\/pages\/146"}],"wp:attachment":[{"href":"https:\/\/kylat.ekarjala.fi\/vainikkala\/wp-json\/wp\/v2\/media?parent=159"}],"curies":[{"name":"wp","href":"https:\/\/api.w.org\/{rel}","templated":true}]}}