{"id":1792,"date":"2016-04-12T12:45:24","date_gmt":"2016-04-12T13:15:24","guid":{"rendered":"https:\/\/kylat.ekarjala.fi\/vainikkala\/?page_id=1792"},"modified":"2016-04-12T12:45:24","modified_gmt":"2016-04-12T13:15:24","slug":"vainikkalan-koulurakennus","status":"publish","type":"page","link":"https:\/\/kylat.ekarjala.fi\/vainikkala\/harrastukset\/vainikkalan-koulurakennus\/","title":{"rendered":"Vainikkalan koulurakennus"},"content":{"rendered":"<p><span style=\"color: #000000\">Vainikkalan opetusk\u00e4yt\u00f6st\u00e4 lakkautettu koulu sijaitsee osoitteessa Rikkil\u00e4ntie 47. Koulu on yh\u00e4 Lappeenrannan kaupungin omistuksessa. Koululla j\u00e4rjestet\u00e4\u00e4n talvikaudella liikuntailtoja lapsille ja aikuisille Lappeen Riennon toimesta.<\/span><\/p>\n<p><span style=\"color: #000000\">Hyv\u00e4kuntoisessa koulurakennuksessa on viisi suunnilleen samansuuruista luokkahuonetta, joista yksi palveli aikaisemmin opettajainhuoneena ja yksi puut\u00f6iden k\u00e4sity\u00f6luokkana. Rakennuksessa on liikuntasali varastoineen, keitti\u00f6 sek\u00e4 WC:t.<\/p>\n<p><a href=\"https:\/\/kylat.ekarjala.fi\/vainikkala\/wp-content\/uploads\/sites\/36\/2016\/04\/DSC_6257.jpg\" rel=\"attachment wp-att-1793\"><img loading=\"lazy\" decoding=\"async\" class=\"size-medium wp-image-1793 aligncenter\" src=\"https:\/\/kylat.ekarjala.fi\/vainikkala\/wp-content\/uploads\/sites\/36\/2016\/04\/DSC_6257-300x201.jpg\" alt=\"DSC_6257\" width=\"300\" height=\"201\" srcset=\"https:\/\/kylat.ekarjala.fi\/vainikkala\/wp-content\/uploads\/sites\/36\/2016\/04\/DSC_6257-300x201.jpg 300w, https:\/\/kylat.ekarjala.fi\/vainikkala\/wp-content\/uploads\/sites\/36\/2016\/04\/DSC_6257-768x514.jpg 768w, https:\/\/kylat.ekarjala.fi\/vainikkala\/wp-content\/uploads\/sites\/36\/2016\/04\/DSC_6257.jpg 1024w, https:\/\/kylat.ekarjala.fi\/vainikkala\/wp-content\/uploads\/sites\/36\/2016\/04\/DSC_6257-448x300.jpg 448w\" sizes=\"auto, (max-width: 300px) 100vw, 300px\" \/><\/a> <a href=\"https:\/\/kylat.ekarjala.fi\/vainikkala\/wp-content\/uploads\/sites\/36\/2016\/04\/DSC_6259.jpg\" rel=\"attachment wp-att-1794\"><img loading=\"lazy\" decoding=\"async\" class=\"size-medium wp-image-1794 aligncenter\" src=\"https:\/\/kylat.ekarjala.fi\/vainikkala\/wp-content\/uploads\/sites\/36\/2016\/04\/DSC_6259-300x201.jpg\" alt=\"DSC_6259\" width=\"300\" height=\"201\" srcset=\"https:\/\/kylat.ekarjala.fi\/vainikkala\/wp-content\/uploads\/sites\/36\/2016\/04\/DSC_6259-300x201.jpg 300w, https:\/\/kylat.ekarjala.fi\/vainikkala\/wp-content\/uploads\/sites\/36\/2016\/04\/DSC_6259-768x514.jpg 768w, https:\/\/kylat.ekarjala.fi\/vainikkala\/wp-content\/uploads\/sites\/36\/2016\/04\/DSC_6259.jpg 1024w, https:\/\/kylat.ekarjala.fi\/vainikkala\/wp-content\/uploads\/sites\/36\/2016\/04\/DSC_6259-448x300.jpg 448w\" sizes=\"auto, (max-width: 300px) 100vw, 300px\" \/><\/a> <a href=\"https:\/\/kylat.ekarjala.fi\/vainikkala\/wp-content\/uploads\/sites\/36\/2016\/04\/DSC_6261.jpg\" rel=\"attachment wp-att-1795\"><img loading=\"lazy\" decoding=\"async\" class=\"size-medium wp-image-1795 aligncenter\" src=\"https:\/\/kylat.ekarjala.fi\/vainikkala\/wp-content\/uploads\/sites\/36\/2016\/04\/DSC_6261-300x201.jpg\" alt=\"DSC_6261\" width=\"300\" height=\"201\" srcset=\"https:\/\/kylat.ekarjala.fi\/vainikkala\/wp-content\/uploads\/sites\/36\/2016\/04\/DSC_6261-300x201.jpg 300w, https:\/\/kylat.ekarjala.fi\/vainikkala\/wp-content\/uploads\/sites\/36\/2016\/04\/DSC_6261-768x514.jpg 768w, https:\/\/kylat.ekarjala.fi\/vainikkala\/wp-content\/uploads\/sites\/36\/2016\/04\/DSC_6261.jpg 1024w, https:\/\/kylat.ekarjala.fi\/vainikkala\/wp-content\/uploads\/sites\/36\/2016\/04\/DSC_6261-448x300.jpg 448w\" sizes=\"auto, (max-width: 300px) 100vw, 300px\" \/><\/a> <a href=\"https:\/\/kylat.ekarjala.fi\/vainikkala\/wp-content\/uploads\/sites\/36\/2016\/04\/DSC_6263.jpg\" rel=\"attachment wp-att-1796\"><img loading=\"lazy\" decoding=\"async\" class=\"size-medium wp-image-1796 aligncenter\" src=\"https:\/\/kylat.ekarjala.fi\/vainikkala\/wp-content\/uploads\/sites\/36\/2016\/04\/DSC_6263-300x201.jpg\" alt=\"DSC_6263\" width=\"300\" height=\"201\" srcset=\"https:\/\/kylat.ekarjala.fi\/vainikkala\/wp-content\/uploads\/sites\/36\/2016\/04\/DSC_6263-300x201.jpg 300w, https:\/\/kylat.ekarjala.fi\/vainikkala\/wp-content\/uploads\/sites\/36\/2016\/04\/DSC_6263-768x514.jpg 768w, https:\/\/kylat.ekarjala.fi\/vainikkala\/wp-content\/uploads\/sites\/36\/2016\/04\/DSC_6263.jpg 1024w, https:\/\/kylat.ekarjala.fi\/vainikkala\/wp-content\/uploads\/sites\/36\/2016\/04\/DSC_6263-448x300.jpg 448w\" sizes=\"auto, (max-width: 300px) 100vw, 300px\" \/><\/a> <a href=\"https:\/\/kylat.ekarjala.fi\/vainikkala\/wp-content\/uploads\/sites\/36\/2016\/04\/DSC_6264.jpg\" rel=\"attachment wp-att-1797\"><img loading=\"lazy\" decoding=\"async\" class=\"size-medium wp-image-1797 aligncenter\" src=\"https:\/\/kylat.ekarjala.fi\/vainikkala\/wp-content\/uploads\/sites\/36\/2016\/04\/DSC_6264-300x201.jpg\" alt=\"DSC_6264\" width=\"300\" height=\"201\" srcset=\"https:\/\/kylat.ekarjala.fi\/vainikkala\/wp-content\/uploads\/sites\/36\/2016\/04\/DSC_6264-300x201.jpg 300w, https:\/\/kylat.ekarjala.fi\/vainikkala\/wp-content\/uploads\/sites\/36\/2016\/04\/DSC_6264-768x514.jpg 768w, https:\/\/kylat.ekarjala.fi\/vainikkala\/wp-content\/uploads\/sites\/36\/2016\/04\/DSC_6264.jpg 1024w, https:\/\/kylat.ekarjala.fi\/vainikkala\/wp-content\/uploads\/sites\/36\/2016\/04\/DSC_6264-448x300.jpg 448w\" sizes=\"auto, (max-width: 300px) 100vw, 300px\" \/><\/a> <a href=\"https:\/\/kylat.ekarjala.fi\/vainikkala\/wp-content\/uploads\/sites\/36\/2016\/04\/DSC_6265.jpg\" rel=\"attachment wp-att-1798\"><img loading=\"lazy\" decoding=\"async\" class=\"size-medium wp-image-1798 aligncenter\" src=\"https:\/\/kylat.ekarjala.fi\/vainikkala\/wp-content\/uploads\/sites\/36\/2016\/04\/DSC_6265-300x201.jpg\" alt=\"DSC_6265\" width=\"300\" height=\"201\" srcset=\"https:\/\/kylat.ekarjala.fi\/vainikkala\/wp-content\/uploads\/sites\/36\/2016\/04\/DSC_6265-300x201.jpg 300w, https:\/\/kylat.ekarjala.fi\/vainikkala\/wp-content\/uploads\/sites\/36\/2016\/04\/DSC_6265-768x514.jpg 768w, https:\/\/kylat.ekarjala.fi\/vainikkala\/wp-content\/uploads\/sites\/36\/2016\/04\/DSC_6265.jpg 1024w, https:\/\/kylat.ekarjala.fi\/vainikkala\/wp-content\/uploads\/sites\/36\/2016\/04\/DSC_6265-448x300.jpg 448w\" sizes=\"auto, (max-width: 300px) 100vw, 300px\" \/><\/a> <a href=\"https:\/\/kylat.ekarjala.fi\/vainikkala\/wp-content\/uploads\/sites\/36\/2016\/04\/DSC_6266.jpg\" rel=\"attachment wp-att-1799\"><img loading=\"lazy\" decoding=\"async\" class=\"size-medium wp-image-1799 aligncenter\" src=\"https:\/\/kylat.ekarjala.fi\/vainikkala\/wp-content\/uploads\/sites\/36\/2016\/04\/DSC_6266-300x201.jpg\" alt=\"DSC_6266\" width=\"300\" height=\"201\" srcset=\"https:\/\/kylat.ekarjala.fi\/vainikkala\/wp-content\/uploads\/sites\/36\/2016\/04\/DSC_6266-300x201.jpg 300w, https:\/\/kylat.ekarjala.fi\/vainikkala\/wp-content\/uploads\/sites\/36\/2016\/04\/DSC_6266-768x514.jpg 768w, https:\/\/kylat.ekarjala.fi\/vainikkala\/wp-content\/uploads\/sites\/36\/2016\/04\/DSC_6266.jpg 1024w, https:\/\/kylat.ekarjala.fi\/vainikkala\/wp-content\/uploads\/sites\/36\/2016\/04\/DSC_6266-448x300.jpg 448w\" sizes=\"auto, (max-width: 300px) 100vw, 300px\" \/><\/a> <a href=\"https:\/\/kylat.ekarjala.fi\/vainikkala\/wp-content\/uploads\/sites\/36\/2016\/04\/DSC_6268.jpg\" rel=\"attachment wp-att-1801\"><img loading=\"lazy\" decoding=\"async\" class=\"size-medium wp-image-1801 aligncenter\" src=\"https:\/\/kylat.ekarjala.fi\/vainikkala\/wp-content\/uploads\/sites\/36\/2016\/04\/DSC_6268-300x201.jpg\" alt=\"DSC_6268\" width=\"300\" height=\"201\" srcset=\"https:\/\/kylat.ekarjala.fi\/vainikkala\/wp-content\/uploads\/sites\/36\/2016\/04\/DSC_6268-300x201.jpg 300w, https:\/\/kylat.ekarjala.fi\/vainikkala\/wp-content\/uploads\/sites\/36\/2016\/04\/DSC_6268-768x514.jpg 768w, https:\/\/kylat.ekarjala.fi\/vainikkala\/wp-content\/uploads\/sites\/36\/2016\/04\/DSC_6268.jpg 1024w, https:\/\/kylat.ekarjala.fi\/vainikkala\/wp-content\/uploads\/sites\/36\/2016\/04\/DSC_6268-448x300.jpg 448w\" sizes=\"auto, (max-width: 300px) 100vw, 300px\" \/><\/a> <img loading=\"lazy\" decoding=\"async\" class=\"size-medium wp-image-1800 aligncenter\" src=\"https:\/\/kylat.ekarjala.fi\/vainikkala\/wp-content\/uploads\/sites\/36\/2016\/04\/DSC_6267-300x201.jpg\" alt=\"DSC_6267\" width=\"300\" height=\"201\" srcset=\"https:\/\/kylat.ekarjala.fi\/vainikkala\/wp-content\/uploads\/sites\/36\/2016\/04\/DSC_6267-300x201.jpg 300w, https:\/\/kylat.ekarjala.fi\/vainikkala\/wp-content\/uploads\/sites\/36\/2016\/04\/DSC_6267-768x514.jpg 768w, https:\/\/kylat.ekarjala.fi\/vainikkala\/wp-content\/uploads\/sites\/36\/2016\/04\/DSC_6267.jpg 1024w, https:\/\/kylat.ekarjala.fi\/vainikkala\/wp-content\/uploads\/sites\/36\/2016\/04\/DSC_6267-448x300.jpg 448w\" sizes=\"auto, (max-width: 300px) 100vw, 300px\" \/><img loading=\"lazy\" decoding=\"async\" class=\"size-medium wp-image-1794 aligncenter\" src=\"https:\/\/kylat.ekarjala.fi\/vainikkala\/wp-content\/uploads\/sites\/36\/2016\/04\/DSC_6259-300x201.jpg\" alt=\"DSC_6259\" width=\"300\" height=\"201\" srcset=\"https:\/\/kylat.ekarjala.fi\/vainikkala\/wp-content\/uploads\/sites\/36\/2016\/04\/DSC_6259-300x201.jpg 300w, https:\/\/kylat.ekarjala.fi\/vainikkala\/wp-content\/uploads\/sites\/36\/2016\/04\/DSC_6259-768x514.jpg 768w, https:\/\/kylat.ekarjala.fi\/vainikkala\/wp-content\/uploads\/sites\/36\/2016\/04\/DSC_6259.jpg 1024w, https:\/\/kylat.ekarjala.fi\/vainikkala\/wp-content\/uploads\/sites\/36\/2016\/04\/DSC_6259-448x300.jpg 448w\" sizes=\"auto, (max-width: 300px) 100vw, 300px\" \/><\/span><\/p>\n","protected":false},"excerpt":{"rendered":"<p>Vainikkalan opetusk\u00e4yt\u00f6st\u00e4 lakkautettu koulu sijaitsee osoitteessa Rikkil\u00e4ntie 47. Koulu on yh\u00e4 Lappeenrannan kaupungin omistuksessa. Koululla j\u00e4rjestet\u00e4\u00e4n talvikaudella liikuntailtoja lapsille ja aikuisille Lappeen Riennon toimesta. Hyv\u00e4kuntoisessa koulurakennuksessa on viisi suunnilleen samansuuruista luokkahuonetta, joista yksi palveli aikaisemmin opettajainhuoneena ja yksi puut\u00f6iden k\u00e4sity\u00f6luokkana. &hellip; <a href=\"https:\/\/kylat.ekarjala.fi\/vainikkala\/harrastukset\/vainikkalan-koulurakennus\/\">Lue loppuun <span class=\"meta-nav\">&rarr;<\/span><\/a><\/p>\n","protected":false},"author":80,"featured_media":0,"parent":41,"menu_order":0,"comment_status":"closed","ping_status":"closed","template":"","meta":{"footnotes":""},"class_list":["post-1792","page","type-page","status-publish","hentry"],"_links":{"self":[{"href":"https:\/\/kylat.ekarjala.fi\/vainikkala\/wp-json\/wp\/v2\/pages\/1792","targetHints":{"allow":["GET"]}}],"collection":[{"href":"https:\/\/kylat.ekarjala.fi\/vainikkala\/wp-json\/wp\/v2\/pages"}],"about":[{"href":"https:\/\/kylat.ekarjala.fi\/vainikkala\/wp-json\/wp\/v2\/types\/page"}],"author":[{"embeddable":true,"href":"https:\/\/kylat.ekarjala.fi\/vainikkala\/wp-json\/wp\/v2\/users\/80"}],"replies":[{"embeddable":true,"href":"https:\/\/kylat.ekarjala.fi\/vainikkala\/wp-json\/wp\/v2\/comments?post=1792"}],"version-history":[{"count":1,"href":"https:\/\/kylat.ekarjala.fi\/vainikkala\/wp-json\/wp\/v2\/pages\/1792\/revisions"}],"predecessor-version":[{"id":1802,"href":"https:\/\/kylat.ekarjala.fi\/vainikkala\/wp-json\/wp\/v2\/pages\/1792\/revisions\/1802"}],"up":[{"embeddable":true,"href":"https:\/\/kylat.ekarjala.fi\/vainikkala\/wp-json\/wp\/v2\/pages\/41"}],"wp:attachment":[{"href":"https:\/\/kylat.ekarjala.fi\/vainikkala\/wp-json\/wp\/v2\/media?parent=1792"}],"curies":[{"name":"wp","href":"https:\/\/api.w.org\/{rel}","templated":true}]}}