{"id":198,"date":"2012-02-18T17:43:43","date_gmt":"2012-02-18T18:13:43","guid":{"rendered":"https:\/\/kylat.ekarjala.fi\/vainikkala\/?page_id=198"},"modified":"2013-12-26T16:46:33","modified_gmt":"2013-12-26T17:16:33","slug":"uutis-vainikkala","status":"publish","type":"page","link":"https:\/\/kylat.ekarjala.fi\/vainikkala\/uutis-vainikkala\/","title":{"rendered":"Uutis-Vainikkala"},"content":{"rendered":"<div id=\"attachment_907\" style=\"width: 310px\" class=\"wp-caption alignnone\"><a href=\"https:\/\/kylat.ekarjala.fi\/vainikkala\/wp-content\/uploads\/sites\/36\/2012\/02\/uv.jpg\"><img loading=\"lazy\" decoding=\"async\" aria-describedby=\"caption-attachment-907\" class=\"size-medium wp-image-907\" alt=\"Lehte\u00e4 myyd\u00e4\u00e4n irtonumeroina Ravintola Ukko-Pekassa. Kuvassa vuoden 2007 kes\u00e4kuun lehti\" src=\"https:\/\/kylat.ekarjala.fi\/vainikkala\/wp-content\/uploads\/sites\/36\/2012\/02\/uv-300x224.jpg\" width=\"300\" height=\"224\" srcset=\"https:\/\/kylat.ekarjala.fi\/vainikkala\/wp-content\/uploads\/sites\/36\/2012\/02\/uv-300x224.jpg 300w, https:\/\/kylat.ekarjala.fi\/vainikkala\/wp-content\/uploads\/sites\/36\/2012\/02\/uv.jpg 448w\" sizes=\"auto, (max-width: 300px) 100vw, 300px\" \/><\/a><p id=\"caption-attachment-907\" class=\"wp-caption-text\">Lehte\u00e4 myyd\u00e4\u00e4n irtonumeroina Ravintola Ukko-Pekassa. Kuvassa vuoden 2007 kes\u00e4kuun lehti<\/p><\/div>\n<p><strong>Vainikkalan kyl\u00e4n oma tiedotus- ja uutislehti<br \/>\n<\/strong>&#8211; ilmestyy 12 kertaa vuodessa<br \/>\n&#8211; 27. vuosikerta (2014)<br \/>\n&#8211; ensimm\u00e4inen lehti ilmestyi helmikuussa 1988<\/p>\n<p><strong>Toimitus<\/strong><br \/>\nP\u00e4\u00e4toimittaja &#8211;\u00a0Teppo Suhonen, puh. 040 5594773<br \/>\nToimittaja &#8211; Sauli Vainikka, puh. 040 8095630<br \/>\nToimittajien s\u00e4hk\u00f6postit <a href=\"mailto:etunimi.sukunimi@pp.inet.fi\">etunimi.sukunimi@pp.inet.fi<\/a><strong><\/strong><\/p>\n<p>Lehte\u00e4 voi ostaa ravintola Ukko-Pekasta irtonumerona, tai tilata kotiin.<br \/>\nIrtonumeron hinta on\u00a03 euroa, vuositilauksen 18 euroa (2013)<\/p>\n<p>Tilauksen voi ilmoittaa Teppo Suhoselle (puh. 040 5594773 tai s\u00e4hk\u00f6postitse <a href=\"mailto:etunimi.sukunimi@pp.inet.fi\">etunimi.sukunimi@pp.inet.fi<\/a>)<\/p>\n<p><strong>Lehden s\u00e4hk\u00f6posti<\/strong> <a href=\"mailto:uutis-vainikkala@suomi24.fi\">uutis-vainikkala@suomi24.fi<\/a><\/p>\n<p>&nbsp;<\/p>\n<table cellspacing=\"0\">\n<tbody>\n<tr>\n<td colspan=\"2\"><\/td>\n<\/tr>\n<tr>\n<td colspan=\"2\"><\/td>\n<\/tr>\n<\/tbody>\n<\/table>\n","protected":false},"excerpt":{"rendered":"<p>Vainikkalan kyl\u00e4n oma tiedotus- ja uutislehti &#8211; ilmestyy 12 kertaa vuodessa &#8211; 27. vuosikerta (2014) &#8211; ensimm\u00e4inen lehti ilmestyi helmikuussa 1988 Toimitus P\u00e4\u00e4toimittaja &#8211;\u00a0Teppo Suhonen, puh. 040 5594773 Toimittaja &#8211; Sauli Vainikka, puh. 040 8095630 Toimittajien s\u00e4hk\u00f6postit etunimi.sukunimi@pp.inet.fi Lehte\u00e4 voi &hellip; <a href=\"https:\/\/kylat.ekarjala.fi\/vainikkala\/uutis-vainikkala\/\">Lue loppuun <span class=\"meta-nav\">&rarr;<\/span><\/a><\/p>\n","protected":false},"author":97,"featured_media":0,"parent":0,"menu_order":0,"comment_status":"open","ping_status":"open","template":"","meta":{"footnotes":""},"class_list":["post-198","page","type-page","status-publish","hentry"],"_links":{"self":[{"href":"https:\/\/kylat.ekarjala.fi\/vainikkala\/wp-json\/wp\/v2\/pages\/198","targetHints":{"allow":["GET"]}}],"collection":[{"href":"https:\/\/kylat.ekarjala.fi\/vainikkala\/wp-json\/wp\/v2\/pages"}],"about":[{"href":"https:\/\/kylat.ekarjala.fi\/vainikkala\/wp-json\/wp\/v2\/types\/page"}],"author":[{"embeddable":true,"href":"https:\/\/kylat.ekarjala.fi\/vainikkala\/wp-json\/wp\/v2\/users\/97"}],"replies":[{"embeddable":true,"href":"https:\/\/kylat.ekarjala.fi\/vainikkala\/wp-json\/wp\/v2\/comments?post=198"}],"version-history":[{"count":7,"href":"https:\/\/kylat.ekarjala.fi\/vainikkala\/wp-json\/wp\/v2\/pages\/198\/revisions"}],"predecessor-version":[{"id":908,"href":"https:\/\/kylat.ekarjala.fi\/vainikkala\/wp-json\/wp\/v2\/pages\/198\/revisions\/908"}],"wp:attachment":[{"href":"https:\/\/kylat.ekarjala.fi\/vainikkala\/wp-json\/wp\/v2\/media?parent=198"}],"curies":[{"name":"wp","href":"https:\/\/api.w.org\/{rel}","templated":true}]}}