{"id":201,"date":"2012-02-18T17:47:43","date_gmt":"2012-02-18T18:17:43","guid":{"rendered":"https:\/\/kylat.ekarjala.fi\/vainikkala\/?page_id=201"},"modified":"2014-01-27T20:41:25","modified_gmt":"2014-01-27T21:11:25","slug":"ilmestymisaikataulu","status":"publish","type":"page","link":"https:\/\/kylat.ekarjala.fi\/vainikkala\/uutis-vainikkala\/ilmestymisaikataulu\/","title":{"rendered":"Ilmestymisaikataulu"},"content":{"rendered":"<p>Uutis-Vainikkalan ilmestymisp\u00e4iv\u00e4t 2014 (perjantai) ovat:<\/p>\n<p>Tammikuu 10.01.<br \/>\nHelmikuu 07.02.<br \/>\nMaaliskuu 07.03.<br \/>\nHuhtikuu 04.04.<br \/>\nToukokuu 09.05<br \/>\nKes\u00e4kuu 06.06.<br \/>\nHein\u00e4kuu 04.07.<br \/>\nElokuu 08.08.<br \/>\nSyyskuu 05.09.<br \/>\nLokakuu 03.10.<br \/>\nMarraskuu 07.11.<br \/>\nJoulukuu 05.12.<\/p>\n<p>Muutokset ovat mahdollisia. Lehti painetaan p\u00e4\u00e4s\u00e4\u00e4nt\u00f6isesti ilmestymisviikon tiistaina. Jako ja postitus toteutetaan joko v\u00e4litt\u00f6m\u00e4sti painoer\u00e4n vastaanoton j\u00e4lkeen tai seuraavina p\u00e4ivin\u00e4.<br \/>\nToimitus ottaa aineistoa vastaan painamista edelt\u00e4v\u00e4\u00e4n sunnuntaihin asti.<\/p>\n","protected":false},"excerpt":{"rendered":"<p>Uutis-Vainikkalan ilmestymisp\u00e4iv\u00e4t 2014 (perjantai) ovat: Tammikuu 10.01. Helmikuu 07.02. Maaliskuu 07.03. Huhtikuu 04.04. Toukokuu 09.05 Kes\u00e4kuu 06.06. Hein\u00e4kuu 04.07. Elokuu 08.08. Syyskuu 05.09. Lokakuu 03.10. Marraskuu 07.11. Joulukuu 05.12. Muutokset ovat mahdollisia. Lehti painetaan p\u00e4\u00e4s\u00e4\u00e4nt\u00f6isesti ilmestymisviikon tiistaina. Jako ja postitus &hellip; <a href=\"https:\/\/kylat.ekarjala.fi\/vainikkala\/uutis-vainikkala\/ilmestymisaikataulu\/\">Lue loppuun <span class=\"meta-nav\">&rarr;<\/span><\/a><\/p>\n","protected":false},"author":97,"featured_media":0,"parent":198,"menu_order":0,"comment_status":"open","ping_status":"open","template":"","meta":{"footnotes":""},"class_list":["post-201","page","type-page","status-publish","hentry"],"_links":{"self":[{"href":"https:\/\/kylat.ekarjala.fi\/vainikkala\/wp-json\/wp\/v2\/pages\/201","targetHints":{"allow":["GET"]}}],"collection":[{"href":"https:\/\/kylat.ekarjala.fi\/vainikkala\/wp-json\/wp\/v2\/pages"}],"about":[{"href":"https:\/\/kylat.ekarjala.fi\/vainikkala\/wp-json\/wp\/v2\/types\/page"}],"author":[{"embeddable":true,"href":"https:\/\/kylat.ekarjala.fi\/vainikkala\/wp-json\/wp\/v2\/users\/97"}],"replies":[{"embeddable":true,"href":"https:\/\/kylat.ekarjala.fi\/vainikkala\/wp-json\/wp\/v2\/comments?post=201"}],"version-history":[{"count":6,"href":"https:\/\/kylat.ekarjala.fi\/vainikkala\/wp-json\/wp\/v2\/pages\/201\/revisions"}],"predecessor-version":[{"id":1160,"href":"https:\/\/kylat.ekarjala.fi\/vainikkala\/wp-json\/wp\/v2\/pages\/201\/revisions\/1160"}],"up":[{"embeddable":true,"href":"https:\/\/kylat.ekarjala.fi\/vainikkala\/wp-json\/wp\/v2\/pages\/198"}],"wp:attachment":[{"href":"https:\/\/kylat.ekarjala.fi\/vainikkala\/wp-json\/wp\/v2\/media?parent=201"}],"curies":[{"name":"wp","href":"https:\/\/api.w.org\/{rel}","templated":true}]}}