{"id":278,"date":"2012-05-29T18:13:44","date_gmt":"2012-05-29T18:43:44","guid":{"rendered":"https:\/\/kylat.ekarjala.fi\/vainikkala\/?page_id=278"},"modified":"2012-08-06T19:35:04","modified_gmt":"2012-08-06T20:05:04","slug":"vainikkala-holkka","status":"publish","type":"page","link":"https:\/\/kylat.ekarjala.fi\/vainikkala\/yhdistykset\/lappeenriento\/vainikkala-holkka\/","title":{"rendered":"Vainikkala-h\u00f6lkk\u00e4"},"content":{"rendered":"<p>26.5.2012 juostu 40. Vainikkala-h\u00f6lkk\u00e4 oli kenties historiansa viimeinen. Mit\u00e4 kaikkea juoksutapahtuman historian varrella tapahtuukaan, siit\u00e4 seuraavat lyhyet vuosikatsaukset.<\/p>\n<h1><strong>Vainikkala-h\u00f6lkk\u00e4 1973-2012<\/strong><\/h1>\n<p><strong>1970-luvun<\/strong> alussa laitettiin vireille perinteeksi muodostuva tapahtuma, Niemij\u00e4rven ymp\u00e4rijuoksu. Vuonna 1974 h\u00f6lkk\u00e4\u00e4n tuli mukaan kiertopalkinnot. Valitettavasti tulokset ovat kadonneet taivaan arkistoihin.<\/p>\n<p><strong>16.5.1976<\/strong> oli taas Niemij\u00e4rven ymp\u00e4rijuoksu ja osallistujia oli yhteens\u00e4 noin 30. Kilpasarjan lis\u00e4ksi mukana oli my\u00f6s harrastelijasarja.<\/p>\n<p><strong>29.5.1977<\/strong> h\u00f6lk\u00e4ss\u00e4 ei osallistumismaksua viel\u00e4 peritty. Kilpailu pidettiin piirikunnallisena ja ensimm\u00e4ist\u00e4 kertaa nimell\u00e4 Vainikkala-h\u00f6lkk\u00e4. Juoksijoita oli kaikkiaan 131.<\/p>\n<p>Viiden markan osallistumismaksua alettiin peri\u00e4 <strong>13.5.1978<\/strong> juostussa h\u00f6lk\u00e4ss\u00e4. Kisat j\u00e4rjestettiin ensimm\u00e4ist\u00e4 kertaa \u00e4itienp\u00e4iv\u00e4n\u00e4. Osanottajia oli 193.<\/p>\n<p><strong>6.5.1979<\/strong> osallistujaenn\u00e4tys upeat 213.<\/p>\n<p><strong>10.5.1980<\/strong> saatiin taas uusi osallistujaenn\u00e4tys, 263 juoksijaa + toimitsijah\u00f6lkk\u00e4l\u00e4iset.<\/p>\n<p><strong>17.5.1981<\/strong> 229 kilpailijaa.<\/p>\n<p><strong>9.5.1982<\/strong> ensimm\u00e4ist\u00e4 kertaa mukana my\u00f6s kuntosarja, matkana 6 kilometri\u00e4. Miesten sarjassa 113, naisten sarjassa 26 ja kuntosarjassa 107, eli yhteens\u00e4 246.<\/p>\n<p><strong>7.5.1983<\/strong> tuli j\u00e4lleen uusi juoksijaenn\u00e4tys, jota ei varmaan v\u00e4h\u00e4\u00e4n aikaa rikottaisikaan, 289!<\/p>\n<p><strong>13.5.1984<\/strong> 237 juoksijaa. Terttu Hytti ja naisten enn\u00e4tys 37.27.<\/p>\n<p><strong>11.5.1985<\/strong> 190 osallistujaa. Kisat videoitiin.<\/p>\n<p><strong>11.5.1986<\/strong> 228 osallistujaa. My\u00f6s n\u00e4m\u00e4 juoksut videoitiin.<\/p>\n<p><strong>10.5.1987<\/strong> 185 osallistujaa. Ismo Toukonen juoksi miesten enn\u00e4tyksen 29.57.<\/p>\n<p><strong>8.5.1988<\/strong> 199 osallistujaa.<\/p>\n<p><strong>20.5.1989<\/strong> 172 osallistujaa.<\/p>\n<p><strong>13.5.1990<\/strong> 280 osallistujaa.<\/p>\n<p><strong>12.5.1991<\/strong> 250 osallistujaa.<\/p>\n<p><strong>10.5.1992<\/strong> 234 osallistujaa.<\/p>\n<p><strong>9.5.1993<\/strong> 190 osallistujaa.<\/p>\n<p><strong>8.5.1994<\/strong> 140 osallistujaa<\/p>\n<p><strong>14.5.1995<\/strong> vain 82 osallistujaa! Satoi vett\u00e4, r\u00e4nt\u00e4\u00e4 ja lunta!<\/p>\n<p><strong>12.5.1996<\/strong> 124 osallistujaa<\/p>\n<p><strong>11.5.1997 XXV JUHLAH\u00d6LKK\u00c4<\/strong>. Toimitsijoille painatettiin h\u00f6lkk\u00e4-paidat, sek\u00e4 juoksijoille jaettiin osallistumismitalit. 172 juoksijaa.<\/p>\n<p><strong>10.5.1998<\/strong> 195 h\u00f6lkk\u00e4\u00e4j\u00e4\u00e4.<\/p>\n<p><strong>9.5.1999<\/strong> Lappeen Riennon juhlavuoden kunniaksi pyydettiin Ville Hautala mukaan kisoihin. Hieno p\u00e4iv\u00e4, mutta vain 130 juoksijaa.<\/p>\n<p><strong>14.5.2000<\/strong> vain 96 osallistujaa. V\u00e4h\u00e4iseen osallistujam\u00e4\u00e4r\u00e4\u00e4n syyn\u00e4 ehk\u00e4 j\u00e4\u00e4kiekon MM? Toivakan Katri toimi arvonnan onnettarena ja nosti omalla arvallaan itselleen p\u00e4\u00e4palkinnon, polkupy\u00f6r\u00e4n!<\/p>\n<p><strong>24.5.2001<\/strong> 122 osallistujaa. \u00c4itienp\u00e4iv\u00e4perinne katkaistiin ja siirryttiin helatorstaihin. Rakeita taivaan t\u00e4ydelt\u00e4 ennen kisaa ja palkintojenjaon yhteydess\u00e4.<\/p>\n<p><strong>18.5.2002 XXX Suuret juhlah\u00f6lk\u00e4t<\/strong>. Suojelijana Lasse Vir\u00e9n. Kohtalaiset kelit auttoivat varmaan tekem\u00e4\u00e4n t\u00e4h\u00e4nastisista hurjimman osallistujarynt\u00e4yksen, yhteens\u00e4 317 juoksijaa! Illalla vietettiin ensimm\u00e4iset iltajuhlat ravintola Ukko-Pekassa, esiintyj\u00e4n\u00e4 Mikko Alatalo (kuten my\u00f6s p\u00e4iv\u00e4ll\u00e4 h\u00f6lk\u00e4ss\u00e4kin).<\/p>\n<p><strong>24.5.2003<\/strong> Vainikkala-h\u00f6lkk\u00e4\u00e4 jatkettiin sittenkin ep\u00e4r\u00f6innist\u00e4 huolimatta. Hyv\u00e4t kelit ja 135 juoksijaa. Iltajuhlan makasiinitanssit floppasivat.<\/p>\n<p><strong>5.6.2004<\/strong> Perinteik\u00e4s h\u00f6lkk\u00e4tapahtuma sis\u00e4llytettiin uuteen monipuoliseen ja tapahtumarikkaaseen Vainikkala-p\u00e4iv\u00e4\u00e4n. 151 juoksijaa oli j\u00e4rjest\u00e4jien nappiin menneen arvioinnin mukainen m\u00e4\u00e4r\u00e4. Terttu Hytin pitk\u00e4\u00e4n hallussaan pit\u00e4m\u00e4 naistenenn\u00e4tys rikotaan, kun LUM:n Natalia Belova juoksee ajan 35,41.<\/p>\n<p><strong>11.6.2005<\/strong> Toinen vuosi Vainikkala-p\u00e4iv\u00e4n \u201dalaisuudessa\u201d. Todella loistokkaan kelin aikana juostiin hieno h\u00f6lkk\u00e4kin. Yhteens\u00e4 159 juoksijaa ja varsinkin naisten sarjassa jopa 14 urheaa. P\u00e4\u00e4palkinto polkupy\u00f6r\u00e4 meni kuntosarjalaiselle, Mervi Nutikalle.<\/p>\n<p><strong>10.6.2006<\/strong> T\u00e4ll\u00e4 kertaa h\u00f6lk\u00e4ttiin ilman Vainikkala-p\u00e4iv\u00e4\u00e4. S\u00e4\u00e4 oli hieno ja h\u00f6lkk\u00e4\u00e4ji\u00e4kin 152. P\u00e4\u00e4palkintona oli Tunturi-kuntopy\u00f6r\u00e4.<\/p>\n<p><strong>9.6.2007<\/strong> 35-vuotisjuhlah\u00f6lkk\u00e4. 150 osallistujaa ja hyvi\u00e4 palkintoja, muun muassa skootteri ja maastopy\u00f6r\u00e4. V\u00e4liaikaesiintyjin\u00e4 atleettiset Merenlahden miesvoimistelijat. Riento tarjosi kakkukahvit ja illalla tanssittiin ravintola Ukko-Pekassa.<\/p>\n<p><strong>14.6.2008<\/strong> Yhteens\u00e4 144 h\u00f6lkk\u00e4\u00e4j\u00e4\u00e4 kuudessa eri sarjassa, nuorten sarjoihin ei otettu osaa. P\u00e4\u00e4palkintona olleen Solifer-merkkisen skootterin voitti Rauno Heiska. Arpajaisissa kaasugrillin voitti Anita Rikkinen.<\/p>\n<p><strong>13.6.2009<\/strong> H\u00f6lkk\u00e4kin siirtyi kodin elektroniikan saralla nykyaikaan ja hankki p\u00e4\u00e4palkinnoksi kannettavan tietokoneen. Sen voitti Eija Saira. Osallistujia riitti t\u00e4ll\u00e4 kertaa jokaiseen sarjaan yhteens\u00e4 129 osallistujaa.<\/p>\n<p><strong>29.5.2010<\/strong> Parempaa j\u00e4rjestysajankohtaa etsittiin j\u00e4lleen toukokuulta. Alustavien p\u00e4ivien sateet karkoitti kenties suuren osan osallistujista, heit\u00e4 kertyi vain 110. Arvanmyyj\u00e4t kahmivat t\u00e4ll\u00e4 kertaa p\u00e4\u00e4palkinnot. Kombi-py\u00f6r\u00e4n voitti Oona Kiero ja arpajaisissa kaasugrillin kotiinsa vei Milla Tujula. V\u00e4liajalla yleis\u00f6\u00e4 viihdytti nuori taikuri Eetu.<\/p>\n<p><strong>11.6.2011<\/strong> H\u00f6lkk\u00e4 siirtyy takaisin kes\u00e4kuulle. Jopo-polkupy\u00f6r\u00e4n voitti poikien sarjan voittanut Kalle Kiri. Osallistujam\u00e4\u00e4r\u00e4 h\u00f6lk\u00e4n historian toiseksi huonoin, 96.<\/p>\n<p><strong>26.5.2012<\/strong> Vainikkala-h\u00f6lkk\u00e4 saapuu tiens\u00e4 p\u00e4\u00e4h\u00e4n 40 vuoden vaelluksen j\u00e4lkeen. J\u00e4rjestettiin samana p\u00e4iv\u00e4n\u00e4 R\u00e4min\u00e4\u00e4 &amp; Pauketta-vestivaalien kanssa. Osallistujia oli 160. P\u00e4\u00e4palkintona olleen taulutelevision voitti Hilkka Karjalainen.<\/p>\n","protected":false},"excerpt":{"rendered":"<p>26.5.2012 juostu 40. Vainikkala-h\u00f6lkk\u00e4 oli kenties historiansa viimeinen. Mit\u00e4 kaikkea juoksutapahtuman historian varrella tapahtuukaan, siit\u00e4 seuraavat lyhyet vuosikatsaukset. Vainikkala-h\u00f6lkk\u00e4 1973-2012 1970-luvun alussa laitettiin vireille perinteeksi muodostuva tapahtuma, Niemij\u00e4rven ymp\u00e4rijuoksu. Vuonna 1974 h\u00f6lkk\u00e4\u00e4n tuli mukaan kiertopalkinnot. Valitettavasti tulokset ovat kadonneet taivaan &hellip; <a href=\"https:\/\/kylat.ekarjala.fi\/vainikkala\/yhdistykset\/lappeenriento\/vainikkala-holkka\/\">Lue loppuun <span class=\"meta-nav\">&rarr;<\/span><\/a><\/p>\n","protected":false},"author":97,"featured_media":0,"parent":157,"menu_order":0,"comment_status":"open","ping_status":"open","template":"","meta":{"footnotes":""},"class_list":["post-278","page","type-page","status-publish","hentry"],"_links":{"self":[{"href":"https:\/\/kylat.ekarjala.fi\/vainikkala\/wp-json\/wp\/v2\/pages\/278","targetHints":{"allow":["GET"]}}],"collection":[{"href":"https:\/\/kylat.ekarjala.fi\/vainikkala\/wp-json\/wp\/v2\/pages"}],"about":[{"href":"https:\/\/kylat.ekarjala.fi\/vainikkala\/wp-json\/wp\/v2\/types\/page"}],"author":[{"embeddable":true,"href":"https:\/\/kylat.ekarjala.fi\/vainikkala\/wp-json\/wp\/v2\/users\/97"}],"replies":[{"embeddable":true,"href":"https:\/\/kylat.ekarjala.fi\/vainikkala\/wp-json\/wp\/v2\/comments?post=278"}],"version-history":[{"count":4,"href":"https:\/\/kylat.ekarjala.fi\/vainikkala\/wp-json\/wp\/v2\/pages\/278\/revisions"}],"predecessor-version":[{"id":306,"href":"https:\/\/kylat.ekarjala.fi\/vainikkala\/wp-json\/wp\/v2\/pages\/278\/revisions\/306"}],"up":[{"embeddable":true,"href":"https:\/\/kylat.ekarjala.fi\/vainikkala\/wp-json\/wp\/v2\/pages\/157"}],"wp:attachment":[{"href":"https:\/\/kylat.ekarjala.fi\/vainikkala\/wp-json\/wp\/v2\/media?parent=278"}],"curies":[{"name":"wp","href":"https:\/\/api.w.org\/{rel}","templated":true}]}}