{"id":307,"date":"2012-08-06T19:35:51","date_gmt":"2012-08-06T20:05:51","guid":{"rendered":"https:\/\/kylat.ekarjala.fi\/vainikkala\/?page_id=307"},"modified":"2014-11-02T11:48:20","modified_gmt":"2014-11-02T12:18:20","slug":"vainikkalan-historiaa-kuvin-ja-sanoin","status":"publish","type":"page","link":"https:\/\/kylat.ekarjala.fi\/vainikkala\/vainikkalan-historiaa-kuvin-ja-sanoin\/","title":{"rendered":"Kuvin ja sanoin"},"content":{"rendered":"<p>T\u00e4lle sivulle kootaan vanhoja kuvia Vainikkalasta ja lyhyit\u00e4 tekstej\u00e4. Kuvat aukeavat suuremmiksi napsauttamalla.<\/p>\n<div id=\"attachment_1317\" style=\"width: 303px\" class=\"wp-caption alignnone\"><a href=\"https:\/\/kylat.ekarjala.fi\/vainikkala\/wp-content\/uploads\/sites\/36\/2012\/08\/Vainikkalan_Tarinat.pdf\"><img loading=\"lazy\" decoding=\"async\" aria-describedby=\"caption-attachment-1317\" class=\"size-medium wp-image-1317 \" alt=\"Klikkaamalla kuvaa p\u00e4\u00e4set lukemaan VV&amp;SS hankkeessa ker\u00e4ttyj\u00e4 tarinoita Vainikkalasta noin 50-luvulta t\u00e4h\u00e4n p\u00e4iv\u00e4\u00e4n.\" src=\"https:\/\/kylat.ekarjala.fi\/vainikkala\/wp-content\/uploads\/sites\/36\/2012\/08\/Vainikkalan-tarinoita-293x300.jpg\" width=\"293\" height=\"300\" srcset=\"https:\/\/kylat.ekarjala.fi\/vainikkala\/wp-content\/uploads\/sites\/36\/2012\/08\/Vainikkalan-tarinoita-293x300.jpg 293w, https:\/\/kylat.ekarjala.fi\/vainikkala\/wp-content\/uploads\/sites\/36\/2012\/08\/Vainikkalan-tarinoita.jpg 533w\" sizes=\"auto, (max-width: 293px) 100vw, 293px\" \/><\/a><p id=\"caption-attachment-1317\" class=\"wp-caption-text\">Klikkaamalla kuvaa p\u00e4\u00e4set lukemaan VV&amp;SS hankkeessa ker\u00e4ttyj\u00e4 tarinoita Vainikkalasta noin 50-luvulta t\u00e4h\u00e4n p\u00e4iv\u00e4\u00e4n.<\/p><\/div>\n<div id=\"attachment_548\" style=\"width: 420px\" class=\"wp-caption alignleft\"><a href=\"https:\/\/kylat.ekarjala.fi\/vainikkala\/wp-content\/uploads\/sites\/36\/2012\/08\/elo13-Suolamiehet-1971.jpg\"><img loading=\"lazy\" decoding=\"async\" aria-describedby=\"caption-attachment-548\" class=\" wp-image-548 \" alt=\"Suolamiehet 1971\" src=\"https:\/\/kylat.ekarjala.fi\/vainikkala\/wp-content\/uploads\/sites\/36\/2012\/08\/elo13-Suolamiehet-1971.jpg\" width=\"410\" height=\"254\" \/><\/a><p id=\"caption-attachment-548\" class=\"wp-caption-text\">Suolamiesporukka s\u00e4kitysurakan j\u00e4lkeen kes\u00e4ll\u00e4 1971. Vasemmalta Helge Ojanen, Harri Hietamies, Heikki Niinim\u00e4ki. (kuva saatu Helge Ojaselta)<\/p><\/div>\n<p>&nbsp;<\/p>\n<div id=\"attachment_470\" style=\"width: 414px\" class=\"wp-caption alignleft\"><a href=\"https:\/\/kylat.ekarjala.fi\/vainikkala\/wp-content\/uploads\/sites\/36\/2012\/08\/tammi13-Kauppa-takasivulle.jpg\"><img loading=\"lazy\" decoding=\"async\" aria-describedby=\"caption-attachment-470\" class=\"size-full wp-image-470 \" alt=\"tammi13 - Kauppa takasivulle\" src=\"https:\/\/kylat.ekarjala.fi\/vainikkala\/wp-content\/uploads\/sites\/36\/2012\/08\/tammi13-Kauppa-takasivulle.jpg\" width=\"404\" height=\"372\" \/><\/a><p id=\"caption-attachment-470\" class=\"wp-caption-text\">Vainikkalan vanha Yhtym\u00e4 70-luvulla. (kuva Antero Pohjonen)<\/p><\/div>\n<div id=\"attachment_469\" style=\"width: 414px\" class=\"wp-caption alignleft\"><a href=\"https:\/\/kylat.ekarjala.fi\/vainikkala\/wp-content\/uploads\/sites\/36\/2012\/08\/helmi13-Leinosen-kauppa.jpg\"><img loading=\"lazy\" decoding=\"async\" aria-describedby=\"caption-attachment-469\" class=\" wp-image-469  \" alt=\"helmi13 - Leinosen kauppa\" src=\"https:\/\/kylat.ekarjala.fi\/vainikkala\/wp-content\/uploads\/sites\/36\/2012\/08\/helmi13-Leinosen-kauppa.jpg\" width=\"404\" height=\"406\" \/><\/a><p id=\"caption-attachment-469\" class=\"wp-caption-text\">Leinosen kauppa 70-luvulla (kuva Antero Pohjonen)<\/p><\/div>\n<div id=\"attachment_468\" style=\"width: 416px\" class=\"wp-caption alignleft\"><a href=\"https:\/\/kylat.ekarjala.fi\/vainikkala\/wp-content\/uploads\/sites\/36\/2012\/08\/helmi13-Vainikkalan-vanha-kauppa.jpg\"><img loading=\"lazy\" decoding=\"async\" aria-describedby=\"caption-attachment-468\" class=\"size-full wp-image-468 \" alt=\"helmi13 - Vainikkalan vanha kauppa\" src=\"https:\/\/kylat.ekarjala.fi\/vainikkala\/wp-content\/uploads\/sites\/36\/2012\/08\/helmi13-Vainikkalan-vanha-kauppa.jpg\" width=\"406\" height=\"302\" \/><\/a><p id=\"caption-attachment-468\" class=\"wp-caption-text\">Vainikkalan vanha kauppa (kuva Antero Pohjonen)<\/p><\/div>\n<div id=\"attachment_467\" style=\"width: 417px\" class=\"wp-caption alignleft\"><a href=\"https:\/\/kylat.ekarjala.fi\/vainikkala\/wp-content\/uploads\/sites\/36\/2012\/08\/helmi13-V\u00e4nsk\u00e4n-kauppa.png\"><img loading=\"lazy\" decoding=\"async\" aria-describedby=\"caption-attachment-467\" class=\" wp-image-467 \" alt=\"helmi13 - V\u00e4nsk\u00e4n kauppa\" src=\"https:\/\/kylat.ekarjala.fi\/vainikkala\/wp-content\/uploads\/sites\/36\/2012\/08\/helmi13-V\u00e4nsk\u00e4n-kauppa.png\" width=\"407\" height=\"280\" \/><\/a><p id=\"caption-attachment-467\" class=\"wp-caption-text\">V\u00e4nsk\u00e4n (my\u00f6h. Huomasen) kauppa 70-luvun lopulla. (kuva Antero Pohjonen)<\/p><\/div>\n<div id=\"attachment_466\" style=\"width: 416px\" class=\"wp-caption alignleft\"><a href=\"https:\/\/kylat.ekarjala.fi\/vainikkala\/wp-content\/uploads\/sites\/36\/2012\/08\/maalis13-VaiHistoria1.jpg\"><img loading=\"lazy\" decoding=\"async\" aria-describedby=\"caption-attachment-466\" class=\"size-full wp-image-466 \" alt=\"maalis13 - VaiHistoria1\" src=\"https:\/\/kylat.ekarjala.fi\/vainikkala\/wp-content\/uploads\/sites\/36\/2012\/08\/maalis13-VaiHistoria1.jpg\" width=\"406\" height=\"276\" \/><\/a><p id=\"caption-attachment-466\" class=\"wp-caption-text\">Is\u00e4t opettavat poikia ty\u00f6ntekoon. Onni ja Antero Pohjonen, sek\u00e4 V\u00e4in\u00f6 ja Pentti Vainikka. (kuva Ritva Kyllikilt\u00e4)<\/p><\/div>\n<p>&nbsp;<\/p>\n<div id=\"attachment_391\" style=\"width: 410px\" class=\"wp-caption alignleft\"><a href=\"https:\/\/kylat.ekarjala.fi\/vainikkala\/wp-content\/uploads\/sites\/36\/2012\/08\/kes%C3%A412-Ty%C3%B6miesten-tunnistus.jpg\"><img loading=\"lazy\" decoding=\"async\" aria-describedby=\"caption-attachment-391\" class=\"size-full wp-image-391  \" alt=\"\" src=\"https:\/\/kylat.ekarjala.fi\/vainikkala\/wp-content\/uploads\/sites\/36\/2012\/08\/kes%C3%A412-Ty%C3%B6miesten-tunnistus.jpg\" width=\"400\" height=\"267\" \/><\/a><p id=\"caption-attachment-391\" class=\"wp-caption-text\">Julkaisimme kes\u00e4kuun Uutis-Vainikkalassa Maila Alvesalolta saadun vanhan kuvan, jossa esiintyy reippaita ty\u00f6miehi\u00e4. Pyysimme my\u00f6s lukijoitamme kertomaan meille, keit\u00e4 kuvassa poseeraa. Pertti Vainikka l\u00e4hetti toimitukselle t\u00e4ydellisen nimiluettelon: Yl\u00e4rivi vasemmalta: Jukka Toivonen, Eino Kailio, Arvi Lyijynen, Reino Rikkinen, Mikko Toroi, Eino Tanskanen. Alarivi vasemmalta: Kauko Lyijynen, Ensio Tahvanainen, Veikko Partanen, Viljam Leino, Eemil Kiesi, Ky\u00f6sti Vainikka, Erkki Pitk\u00e4nen, Olavi Ravi.<\/p><\/div>\n<div id=\"attachment_465\" style=\"width: 427px\" class=\"wp-caption alignleft\"><a href=\"https:\/\/kylat.ekarjala.fi\/vainikkala\/wp-content\/uploads\/sites\/36\/2012\/08\/maalis13-VaiHistoria2.jpg\"><img loading=\"lazy\" decoding=\"async\" aria-describedby=\"caption-attachment-465\" class=\" wp-image-465 \" alt=\"maalis13 - VaiHistoria2\" src=\"https:\/\/kylat.ekarjala.fi\/vainikkala\/wp-content\/uploads\/sites\/36\/2012\/08\/maalis13-VaiHistoria2.jpg\" width=\"417\" height=\"408\" \/><\/a><p id=\"caption-attachment-465\" class=\"wp-caption-text\">Vainikkalan hyppyrim\u00e4kien historia on pitk\u00e4 ja kattava. Valitettavasti nyky\u00e4\u00e4n niit\u00e4 ei kukaan en\u00e4\u00e4 pid\u00e4 kuosissaan ja taitavat hypp\u00e4\u00e4j\u00e4tkin olla v\u00e4hiss\u00e4. N\u00e4in kuvan m\u00e4est\u00e4 kertoo Ritva Kyllikki, Vaihteen Kalsun tiedoista: T\u00e4m\u00e4 m\u00e4ki oli kuulema Kivim\u00e4en rinteess\u00e4, elikk\u00e4 suurin piirtein Sollon Valdeen talon paikkeilla. Mentiin kahta reitti\u00e4: Yl\u00e4tuvan kautta tai Metsolan talon kautta. N\u00e4ill\u00e4 paikoilla oli my\u00f6s lottien t\u00e4hystystorni. (kuva Ritva Kyllikilt\u00e4)<\/p><\/div>\n<p>&nbsp;<\/p>\n<div id=\"attachment_313\" style=\"width: 409px\" class=\"wp-caption alignleft\"><a href=\"https:\/\/kylat.ekarjala.fi\/vainikkala\/wp-content\/uploads\/sites\/36\/2012\/08\/Vainikkalan_Asema.jpg\"><img loading=\"lazy\" decoding=\"async\" aria-describedby=\"caption-attachment-313\" class=\"size-full wp-image-313 \" alt=\"\" src=\"https:\/\/kylat.ekarjala.fi\/vainikkala\/wp-content\/uploads\/sites\/36\/2012\/08\/Vainikkalan_Asema.jpg\" width=\"399\" height=\"282\" \/><\/a><p id=\"caption-attachment-313\" class=\"wp-caption-text\">Kuvassa Vainikkalan rautatieasema 60- ja 70-lukujen taitteessa. Vanha etualalla ja uudempi matala tiilirakennus taustalla. (kuva Aune S\u00e4terilt\u00e4)<\/p><\/div>\n<p>&nbsp;<\/p>\n<p>&nbsp;<\/p>\n<p>&nbsp;<\/p>\n","protected":false},"excerpt":{"rendered":"<p>T\u00e4lle sivulle kootaan vanhoja kuvia Vainikkalasta ja lyhyit\u00e4 tekstej\u00e4. Kuvat aukeavat suuremmiksi napsauttamalla. &nbsp; &nbsp; &nbsp; &nbsp; &nbsp; &nbsp;<\/p>\n","protected":false},"author":97,"featured_media":0,"parent":0,"menu_order":0,"comment_status":"open","ping_status":"open","template":"","meta":{"footnotes":""},"class_list":["post-307","page","type-page","status-publish","hentry"],"_links":{"self":[{"href":"https:\/\/kylat.ekarjala.fi\/vainikkala\/wp-json\/wp\/v2\/pages\/307","targetHints":{"allow":["GET"]}}],"collection":[{"href":"https:\/\/kylat.ekarjala.fi\/vainikkala\/wp-json\/wp\/v2\/pages"}],"about":[{"href":"https:\/\/kylat.ekarjala.fi\/vainikkala\/wp-json\/wp\/v2\/types\/page"}],"author":[{"embeddable":true,"href":"https:\/\/kylat.ekarjala.fi\/vainikkala\/wp-json\/wp\/v2\/users\/97"}],"replies":[{"embeddable":true,"href":"https:\/\/kylat.ekarjala.fi\/vainikkala\/wp-json\/wp\/v2\/comments?post=307"}],"version-history":[{"count":15,"href":"https:\/\/kylat.ekarjala.fi\/vainikkala\/wp-json\/wp\/v2\/pages\/307\/revisions"}],"predecessor-version":[{"id":1320,"href":"https:\/\/kylat.ekarjala.fi\/vainikkala\/wp-json\/wp\/v2\/pages\/307\/revisions\/1320"}],"wp:attachment":[{"href":"https:\/\/kylat.ekarjala.fi\/vainikkala\/wp-json\/wp\/v2\/media?parent=307"}],"curies":[{"name":"wp","href":"https:\/\/api.w.org\/{rel}","templated":true}]}}