{"id":353,"date":"2012-08-14T19:21:09","date_gmt":"2012-08-14T19:51:09","guid":{"rendered":"https:\/\/kylat.ekarjala.fi\/vainikkala\/?page_id=353"},"modified":"2013-08-13T11:09:01","modified_gmt":"2013-08-13T11:39:01","slug":"paatokset","status":"publish","type":"page","link":"https:\/\/kylat.ekarjala.fi\/vainikkala\/yhdistykset\/kylatoimikunta\/paatokset\/","title":{"rendered":"P\u00e4\u00e4t\u00f6kset"},"content":{"rendered":"<p>Alkavalta syyskaudelta 2013 l\u00e4htien t\u00e4h\u00e4n osioon tullaan lis\u00e4\u00e4m\u00e4\u00e4n tiivistelm\u00e4 kyl\u00e4toimikunnan kokouksissa tehdyist\u00e4 p\u00e4\u00e4t\u00f6ksist\u00e4.<\/p>\n","protected":false},"excerpt":{"rendered":"<p>Alkavalta syyskaudelta 2013 l\u00e4htien t\u00e4h\u00e4n osioon tullaan lis\u00e4\u00e4m\u00e4\u00e4n tiivistelm\u00e4 kyl\u00e4toimikunnan kokouksissa tehdyist\u00e4 p\u00e4\u00e4t\u00f6ksist\u00e4.<\/p>\n","protected":false},"author":97,"featured_media":0,"parent":150,"menu_order":0,"comment_status":"open","ping_status":"open","template":"","meta":{"footnotes":""},"class_list":["post-353","page","type-page","status-publish","hentry"],"_links":{"self":[{"href":"https:\/\/kylat.ekarjala.fi\/vainikkala\/wp-json\/wp\/v2\/pages\/353","targetHints":{"allow":["GET"]}}],"collection":[{"href":"https:\/\/kylat.ekarjala.fi\/vainikkala\/wp-json\/wp\/v2\/pages"}],"about":[{"href":"https:\/\/kylat.ekarjala.fi\/vainikkala\/wp-json\/wp\/v2\/types\/page"}],"author":[{"embeddable":true,"href":"https:\/\/kylat.ekarjala.fi\/vainikkala\/wp-json\/wp\/v2\/users\/97"}],"replies":[{"embeddable":true,"href":"https:\/\/kylat.ekarjala.fi\/vainikkala\/wp-json\/wp\/v2\/comments?post=353"}],"version-history":[{"count":2,"href":"https:\/\/kylat.ekarjala.fi\/vainikkala\/wp-json\/wp\/v2\/pages\/353\/revisions"}],"predecessor-version":[{"id":546,"href":"https:\/\/kylat.ekarjala.fi\/vainikkala\/wp-json\/wp\/v2\/pages\/353\/revisions\/546"}],"up":[{"embeddable":true,"href":"https:\/\/kylat.ekarjala.fi\/vainikkala\/wp-json\/wp\/v2\/pages\/150"}],"wp:attachment":[{"href":"https:\/\/kylat.ekarjala.fi\/vainikkala\/wp-json\/wp\/v2\/media?parent=353"}],"curies":[{"name":"wp","href":"https:\/\/api.w.org\/{rel}","templated":true}]}}