{"id":377,"date":"2012-08-28T16:42:01","date_gmt":"2012-08-28T17:12:01","guid":{"rendered":"https:\/\/kylat.ekarjala.fi\/vainikkala\/?page_id=377"},"modified":"2014-01-07T17:30:40","modified_gmt":"2014-01-07T18:00:40","slug":"terveyspalvelut","status":"publish","type":"page","link":"https:\/\/kylat.ekarjala.fi\/vainikkala\/palvelut\/terveyspalvelut\/","title":{"rendered":"Terveyspalvelut"},"content":{"rendered":"<p><strong>MALLU &#8211; LIIKKUVA PALVELUYKSIKK\u00d6<\/strong><\/p>\n<p><a href=\"https:\/\/kylat.ekarjala.fi\/vainikkala\/wp-content\/uploads\/sites\/36\/2012\/08\/hein%C3%A412-Mallu-auto.jpg\"><img loading=\"lazy\" decoding=\"async\" alt=\"\" src=\"https:\/\/kylat.ekarjala.fi\/vainikkala\/wp-content\/uploads\/sites\/36\/2012\/08\/hein%C3%A412-Mallu-auto.jpg\" width=\"400\" height=\"266\" \/><\/a><\/p>\n<p>Mallu-autosta saat sairaanhoitajan palveluja\u00a0Lappeenrannassa alla olevan reittiaikataulun mukaisesti.<\/p>\n<p><strong>Sairaanhoitajan ajanvaraus,<\/strong> puh. 05 352 7260 tai osoitteessa www.hyvis.fi<\/p>\n<p><strong>Laboratorion\u00e4ytteet<\/strong><\/p>\n<p>Verin\u00e4ytteiden ottamista varten sinun on varattava aika laboratorioiden ajanvarausnumerosta 05 352 4410 (ma\u2013pe klo 8\u201315).Varmista laboratorioiden ajanvarauksesta, ovatko n\u00e4ytteesi sellaisia, ett\u00e4 niit\u00e4 voi ottaa Mallu-autossa. N\u00e4ytteenottoaika on varattava viimeist\u00e4\u00e4n edellisen\u00e4 p\u00e4iv\u00e4n\u00e4.<\/p>\n<p><em><strong>V\u00e4h\u00e4isen k\u00e4yt\u00f6n vuoksi Mallu-auto ei en\u00e4\u00e4 saavu Vainikkalaan.<\/strong> <\/em>L\u00e4hin Mallu-auton pys\u00e4kki on\u00a0<strong>Haapaj\u00e4rvi<\/strong>, Haapaj\u00e4rven kyl\u00e4talo, Vainikkalantie 765<\/p>\n<p>Kev\u00e4\u00e4n 2014 aikataulut ovat seuraavat:<br \/>\nKeskiviikko 8.1., 22.1., 5.2., 19.2., 5.3., 19.3., 2.4., 16.4., 30.4., 14.5., 28.5.<br \/>\nklo 13:30 \u2013 15:10<strong>\u00a0<\/strong><\/p>\n","protected":false},"excerpt":{"rendered":"<p>MALLU &#8211; LIIKKUVA PALVELUYKSIKK\u00d6 Mallu-autosta saat sairaanhoitajan palveluja\u00a0Lappeenrannassa alla olevan reittiaikataulun mukaisesti. Sairaanhoitajan ajanvaraus, puh. 05 352 7260 tai osoitteessa www.hyvis.fi Laboratorion\u00e4ytteet Verin\u00e4ytteiden ottamista varten sinun on varattava aika laboratorioiden ajanvarausnumerosta 05 352 4410 (ma\u2013pe klo 8\u201315).Varmista laboratorioiden ajanvarauksesta, ovatko &hellip; <a href=\"https:\/\/kylat.ekarjala.fi\/vainikkala\/palvelut\/terveyspalvelut\/\">Lue loppuun <span class=\"meta-nav\">&rarr;<\/span><\/a><\/p>\n","protected":false},"author":80,"featured_media":0,"parent":1048,"menu_order":0,"comment_status":"open","ping_status":"open","template":"","meta":{"footnotes":""},"class_list":["post-377","page","type-page","status-publish","hentry"],"_links":{"self":[{"href":"https:\/\/kylat.ekarjala.fi\/vainikkala\/wp-json\/wp\/v2\/pages\/377","targetHints":{"allow":["GET"]}}],"collection":[{"href":"https:\/\/kylat.ekarjala.fi\/vainikkala\/wp-json\/wp\/v2\/pages"}],"about":[{"href":"https:\/\/kylat.ekarjala.fi\/vainikkala\/wp-json\/wp\/v2\/types\/page"}],"author":[{"embeddable":true,"href":"https:\/\/kylat.ekarjala.fi\/vainikkala\/wp-json\/wp\/v2\/users\/80"}],"replies":[{"embeddable":true,"href":"https:\/\/kylat.ekarjala.fi\/vainikkala\/wp-json\/wp\/v2\/comments?post=377"}],"version-history":[{"count":8,"href":"https:\/\/kylat.ekarjala.fi\/vainikkala\/wp-json\/wp\/v2\/pages\/377\/revisions"}],"predecessor-version":[{"id":1135,"href":"https:\/\/kylat.ekarjala.fi\/vainikkala\/wp-json\/wp\/v2\/pages\/377\/revisions\/1135"}],"up":[{"embeddable":true,"href":"https:\/\/kylat.ekarjala.fi\/vainikkala\/wp-json\/wp\/v2\/pages\/1048"}],"wp:attachment":[{"href":"https:\/\/kylat.ekarjala.fi\/vainikkala\/wp-json\/wp\/v2\/media?parent=377"}],"curies":[{"name":"wp","href":"https:\/\/api.w.org\/{rel}","templated":true}]}}