{"id":41,"date":"2012-01-18T10:24:09","date_gmt":"2012-01-18T10:54:09","guid":{"rendered":"https:\/\/kylat.ekarjala.fi\/vainikkala\/?page_id=41"},"modified":"2014-02-27T07:28:34","modified_gmt":"2014-02-27T07:58:34","slug":"harrastukset","status":"publish","type":"page","link":"https:\/\/kylat.ekarjala.fi\/vainikkala\/harrastukset\/","title":{"rendered":"Harrastukset ja kokoontumispaikat"},"content":{"rendered":"<p style=\"text-align: left\">Vainikkalasta l\u00f6ytyy harrastuksia niin aikuisille kuin lapsille. Ota selv\u00e4\u00e4 sivun harrastukset yl\u00e4palkin linkeist\u00e4!<\/p>\n<p style=\"text-align: left\">Vainikkalasta l\u00f6ytyy kokoontumispaikkoja moneen l\u00e4ht\u00f6\u00f6n. Paikasta riippuen ne sopivat viihteen, kokousten, liikunnan ja ulkoilun tarpeisiin. Alla on lueteltu esimerkkej\u00e4 kokoontumispaikoista.<\/p>\n<p><a title=\"Ravintola Ukko-Pekka\" href=\"https:\/\/kylat.ekarjala.fi\/vainikkala\/yritykset\/ravintola-ukko-pekka\/\">Ravintola Ukko-Pekka<\/a><br \/>\n<a title=\"Lappeen seurakunta\" href=\"https:\/\/kylat.ekarjala.fi\/vainikkala\/harrastukset\/diakonia\/\">Seurakuntasali<\/a><br \/>\n<a title=\"Koulun liikuntasali\" href=\"https:\/\/kylat.ekarjala.fi\/vainikkala\/harrastukset\/liikunta\/liikuntapaikat\/koulun-liikuntasali\/\">Koulu<\/a><br \/>\n<a title=\"Retkeilyreitti\" href=\"https:\/\/kylat.ekarjala.fi\/vainikkala\/yhdistykset\/myotavirtaan-ry\/retkeilyreitti\/\">Laavut retkeilyreitill\u00e4<\/a><br \/>\n<a title=\"Hiihtomaan laavu\" href=\"https:\/\/kylat.ekarjala.fi\/vainikkala\/kylainfo\/kylahanke-2005-2008\/kohteet-2\/hiihtomaan-laavu\/\">Hiihtomaan laavu<\/a><br \/>\n<a title=\"Uimaranta\" href=\"https:\/\/kylat.ekarjala.fi\/vainikkala\/harrastukset\/liikunta\/liikuntapaikat\/uimaranta\/\">Laavu Niemij\u00e4rven uimarannalla<\/a><br \/>\n<a title=\"Grillikatos Pytinki\" href=\"https:\/\/kylat.ekarjala.fi\/vainikkala\/kylainfo\/kylahanke-2005-2008\/kohteet-2\/kohteet\/\">Grillikatos Pytinki<\/a><br \/>\n<a title=\"Teatteri\" href=\"https:\/\/kylat.ekarjala.fi\/vainikkala\/harrastukset\/teatteri\/\">Kes\u00e4teatteri<\/a><br \/>\n<a title=\"Sale-puisto\" href=\"https:\/\/kylat.ekarjala.fi\/vainikkala\/kylainfo\/kylahanke-2005-2008\/kohteet-2\/sale-puisto\/\">Sale-puisto<\/a><\/p>\n","protected":false},"excerpt":{"rendered":"<p>Vainikkalasta l\u00f6ytyy harrastuksia niin aikuisille kuin lapsille. Ota selv\u00e4\u00e4 sivun harrastukset yl\u00e4palkin linkeist\u00e4! Vainikkalasta l\u00f6ytyy kokoontumispaikkoja moneen l\u00e4ht\u00f6\u00f6n. Paikasta riippuen ne sopivat viihteen, kokousten, liikunnan ja ulkoilun tarpeisiin. Alla on lueteltu esimerkkej\u00e4 kokoontumispaikoista. Ravintola Ukko-Pekka Seurakuntasali Koulu Laavut retkeilyreitill\u00e4 Hiihtomaan &hellip; <a href=\"https:\/\/kylat.ekarjala.fi\/vainikkala\/harrastukset\/\">Lue loppuun <span class=\"meta-nav\">&rarr;<\/span><\/a><\/p>\n","protected":false},"author":96,"featured_media":0,"parent":0,"menu_order":0,"comment_status":"open","ping_status":"open","template":"","meta":{"footnotes":""},"class_list":["post-41","page","type-page","status-publish","hentry"],"_links":{"self":[{"href":"https:\/\/kylat.ekarjala.fi\/vainikkala\/wp-json\/wp\/v2\/pages\/41","targetHints":{"allow":["GET"]}}],"collection":[{"href":"https:\/\/kylat.ekarjala.fi\/vainikkala\/wp-json\/wp\/v2\/pages"}],"about":[{"href":"https:\/\/kylat.ekarjala.fi\/vainikkala\/wp-json\/wp\/v2\/types\/page"}],"author":[{"embeddable":true,"href":"https:\/\/kylat.ekarjala.fi\/vainikkala\/wp-json\/wp\/v2\/users\/96"}],"replies":[{"embeddable":true,"href":"https:\/\/kylat.ekarjala.fi\/vainikkala\/wp-json\/wp\/v2\/comments?post=41"}],"version-history":[{"count":9,"href":"https:\/\/kylat.ekarjala.fi\/vainikkala\/wp-json\/wp\/v2\/pages\/41\/revisions"}],"predecessor-version":[{"id":1179,"href":"https:\/\/kylat.ekarjala.fi\/vainikkala\/wp-json\/wp\/v2\/pages\/41\/revisions\/1179"}],"wp:attachment":[{"href":"https:\/\/kylat.ekarjala.fi\/vainikkala\/wp-json\/wp\/v2\/media?parent=41"}],"curies":[{"name":"wp","href":"https:\/\/api.w.org\/{rel}","templated":true}]}}