{"id":538,"date":"2013-08-06T04:09:05","date_gmt":"2013-08-06T04:39:05","guid":{"rendered":"https:\/\/kylat.ekarjala.fi\/vainikkala\/?page_id=538"},"modified":"2015-04-21T16:48:06","modified_gmt":"2015-04-21T17:18:06","slug":"ravintola-ukko-pekka","status":"publish","type":"page","link":"https:\/\/kylat.ekarjala.fi\/vainikkala\/yritykset\/ravintola-ukko-pekka\/","title":{"rendered":"Ravintola Ukko-Pekka"},"content":{"rendered":"<div>\n<p>Ravintola Ukko-Pekka on Vainikkalan rautatieasemalla (osoite Rajamiehentie 46) toimiva osakeyhti\u00f6muotoinen lounas- ja viihderavintola A-oikeuksin.\u00a0Ukko-Pekka\u00a0perustettiin vuonna 1997 Avecra Oy:lt\u00e4 vapautuneisiin tiloihin.<\/p>\n<p><b>Palvelut<\/b><\/p>\n<ul>\n<li>A-oikeudet<\/li>\n<li>Joka p\u00e4iv\u00e4 lounasta, pizzaa ja salaatteja<\/li>\n<li>Kahvihetkelle pullaa ja pient\u00e4 purtavaa<\/li>\n<li>Virvokkeita ja makeisia<\/li>\n<li>T\u00e4yte- ja voileip\u00e4kakut tilauksesta<\/li>\n<li>juhla- ja yksityistilaisuudet tilauksesta<\/li>\n<li>Mukana kyl\u00e4n tapahtumissa, kuten Hullut k\u00e4velyt ja Ukko-Pekka-turnaukset<\/li>\n<li>Ukkis-Shopista peruselintarvikkeet, tuoretta leip\u00e4\u00e4 ja my\u00f6s saunaoluet<\/li>\n<li>Lis\u00e4ksi iltap\u00e4iv\u00e4lehdet ja yksinoikeudella Uutis-Vainikkalan irtonumeromyynti<\/li>\n<li>Kerran kuukaudessa j\u00e4rjest\u00e4mme viihdeohjelmaa\u00a0( mm. tanssit, karaoke tai DJ iltoja ) Monipuolinen ja viihtyis\u00e4 paikka, jossa on yst\u00e4v\u00e4llinen henkil\u00f6kunta. Asiakaspaikkoja on noin 40 ja kes\u00e4isin terassille mahtuu saman verran asiakkaita.<\/li>\n<\/ul>\n<p>Siirry linkist\u00e4\u00a0<a href=\"http:\/\/ravintolaukkopekka.fi\/index.php?pinc=1\" target=\"_blank\">Ukkiksen omille sivuille.<\/a>\u00a0Saat sielt\u00e4 ajankohtaista tietoa.<\/p>\n<\/div>\n<p>&nbsp;<\/p>\n<div><span style=\"font-weight: bold\">Osoite:<\/span> Rajamiehentie 47, 54270 Vainikkala<\/div>\n<div style=\"margin-top: 4px;padding-top: 4px\"><span style=\"font-weight: bold;margin-right: 4px\">Puhelin:<\/span>050 3254030<\/div>\n<p>L\u00c4MPIM\u00c4STI TERVETULOA!<\/p>\n","protected":false},"excerpt":{"rendered":"<p>Ravintola Ukko-Pekka on Vainikkalan rautatieasemalla (osoite Rajamiehentie 46) toimiva osakeyhti\u00f6muotoinen lounas- ja viihderavintola A-oikeuksin.\u00a0Ukko-Pekka\u00a0perustettiin vuonna 1997 Avecra Oy:lt\u00e4 vapautuneisiin tiloihin. Palvelut A-oikeudet Joka p\u00e4iv\u00e4 lounasta, pizzaa ja salaatteja Kahvihetkelle pullaa ja pient\u00e4 purtavaa Virvokkeita ja makeisia T\u00e4yte- ja voileip\u00e4kakut tilauksesta &hellip; <a href=\"https:\/\/kylat.ekarjala.fi\/vainikkala\/yritykset\/ravintola-ukko-pekka\/\">Lue loppuun <span class=\"meta-nav\">&rarr;<\/span><\/a><\/p>\n","protected":false},"author":97,"featured_media":0,"parent":309,"menu_order":0,"comment_status":"open","ping_status":"closed","template":"","meta":{"footnotes":""},"class_list":["post-538","page","type-page","status-publish","hentry"],"_links":{"self":[{"href":"https:\/\/kylat.ekarjala.fi\/vainikkala\/wp-json\/wp\/v2\/pages\/538","targetHints":{"allow":["GET"]}}],"collection":[{"href":"https:\/\/kylat.ekarjala.fi\/vainikkala\/wp-json\/wp\/v2\/pages"}],"about":[{"href":"https:\/\/kylat.ekarjala.fi\/vainikkala\/wp-json\/wp\/v2\/types\/page"}],"author":[{"embeddable":true,"href":"https:\/\/kylat.ekarjala.fi\/vainikkala\/wp-json\/wp\/v2\/users\/97"}],"replies":[{"embeddable":true,"href":"https:\/\/kylat.ekarjala.fi\/vainikkala\/wp-json\/wp\/v2\/comments?post=538"}],"version-history":[{"count":7,"href":"https:\/\/kylat.ekarjala.fi\/vainikkala\/wp-json\/wp\/v2\/pages\/538\/revisions"}],"predecessor-version":[{"id":1335,"href":"https:\/\/kylat.ekarjala.fi\/vainikkala\/wp-json\/wp\/v2\/pages\/538\/revisions\/1335"}],"up":[{"embeddable":true,"href":"https:\/\/kylat.ekarjala.fi\/vainikkala\/wp-json\/wp\/v2\/pages\/309"}],"wp:attachment":[{"href":"https:\/\/kylat.ekarjala.fi\/vainikkala\/wp-json\/wp\/v2\/media?parent=538"}],"curies":[{"name":"wp","href":"https:\/\/api.w.org\/{rel}","templated":true}]}}