{"id":57,"date":"2012-01-18T10:42:20","date_gmt":"2012-01-18T11:12:20","guid":{"rendered":"https:\/\/kylat.ekarjala.fi\/vainikkala\/?page_id=57"},"modified":"2012-01-18T10:50:08","modified_gmt":"2012-01-18T11:20:08","slug":"kausi-2011","status":"publish","type":"page","link":"https:\/\/kylat.ekarjala.fi\/vainikkala\/harrastukset\/teatteri\/kausi-2011\/","title":{"rendered":"Kausi 2011"},"content":{"rendered":"<h1>Kausi 2011 &#8211; Katse tulevaisuuteen<\/h1>\n<p>Kes\u00e4ll\u00e4 2011 Vainikkalan kes\u00e4teatterissa esitettiin Anja Hytti-Oikkosen kirjoittama ja ohjaama n\u00e4ytelm\u00e4 Katse tulevaisuuteen.<br \/>\nN\u00e4ytelm\u00e4 kuvaa tapahtumia toimistossa joka on muutettu selv\u00e4nn\u00e4kij\u00e4n vastaanottopaikaksi.<\/p>\n<p>N\u00e4ytelm\u00e4 esitettiin Juuret Lappeella -kotiseutujuhlassa 24. hein\u00e4kuuta.<br \/>\nN\u00e4ytelm\u00e4 esitettiin uudelleen sunnuntaina tunnelmavalaistussa kes\u00e4teatterimilj\u00f6\u00f6ss\u00e4 sunnuntaina 25.9.2011. N\u00e4yt\u00f6s alkoi\u00a0illan h\u00e4m\u00e4rtyess\u00e4 klo 18:30<\/p>\n<p style=\"text-align: center\"><strong>HENKIL\u00d6T<\/strong><\/p>\n<div id=\"attachment_60\" style=\"width: 458px\" class=\"wp-caption aligncenter\"><a href=\"https:\/\/kylat.ekarjala.fi\/vainikkala\/wp-content\/uploads\/sites\/36\/2012\/01\/1.jpg\"><img loading=\"lazy\" decoding=\"async\" aria-describedby=\"caption-attachment-60\" class=\"size-full wp-image-60\" src=\"https:\/\/kylat.ekarjala.fi\/vainikkala\/wp-content\/uploads\/sites\/36\/2012\/01\/1.jpg\" alt=\"\" width=\"448\" height=\"336\" \/><\/a><p id=\"caption-attachment-60\" class=\"wp-caption-text\">Silvia-Jaana Rikkinen<\/p><\/div>\n<div id=\"attachment_61\" style=\"width: 458px\" class=\"wp-caption aligncenter\"><a href=\"https:\/\/kylat.ekarjala.fi\/vainikkala\/wp-content\/uploads\/sites\/36\/2012\/01\/2.jpg\"><img loading=\"lazy\" decoding=\"async\" aria-describedby=\"caption-attachment-61\" class=\"size-full wp-image-61\" src=\"https:\/\/kylat.ekarjala.fi\/vainikkala\/wp-content\/uploads\/sites\/36\/2012\/01\/2.jpg\" alt=\"\" width=\"448\" height=\"336\" \/><\/a><p id=\"caption-attachment-61\" class=\"wp-caption-text\">Cathy - Anja Hytti-Oikkonen<\/p><\/div>\n<div id=\"attachment_62\" style=\"width: 458px\" class=\"wp-caption aligncenter\"><a href=\"https:\/\/kylat.ekarjala.fi\/vainikkala\/wp-content\/uploads\/sites\/36\/2012\/01\/3.jpg\"><img loading=\"lazy\" decoding=\"async\" aria-describedby=\"caption-attachment-62\" class=\"size-full wp-image-62\" src=\"https:\/\/kylat.ekarjala.fi\/vainikkala\/wp-content\/uploads\/sites\/36\/2012\/01\/3.jpg\" alt=\"\" width=\"448\" height=\"336\" \/><\/a><p id=\"caption-attachment-62\" class=\"wp-caption-text\">Niilo - Kari Toivakka<\/p><\/div>\n<div id=\"attachment_63\" style=\"width: 458px\" class=\"wp-caption aligncenter\"><a href=\"https:\/\/kylat.ekarjala.fi\/vainikkala\/wp-content\/uploads\/sites\/36\/2012\/01\/4.jpg\"><img loading=\"lazy\" decoding=\"async\" aria-describedby=\"caption-attachment-63\" class=\"size-full wp-image-63\" src=\"https:\/\/kylat.ekarjala.fi\/vainikkala\/wp-content\/uploads\/sites\/36\/2012\/01\/4.jpg\" alt=\"\" width=\"448\" height=\"336\" \/><\/a><p id=\"caption-attachment-63\" class=\"wp-caption-text\">Mauri - Sami Rusanen<\/p><\/div>\n<div id=\"attachment_64\" style=\"width: 458px\" class=\"wp-caption aligncenter\"><a href=\"https:\/\/kylat.ekarjala.fi\/vainikkala\/wp-content\/uploads\/sites\/36\/2012\/01\/5.jpg\"><img loading=\"lazy\" decoding=\"async\" aria-describedby=\"caption-attachment-64\" class=\"size-full wp-image-64\" src=\"https:\/\/kylat.ekarjala.fi\/vainikkala\/wp-content\/uploads\/sites\/36\/2012\/01\/5.jpg\" alt=\"\" width=\"448\" height=\"336\" \/><\/a><p id=\"caption-attachment-64\" class=\"wp-caption-text\">Aino - Auli Rantanen<\/p><\/div>\n<div id=\"attachment_65\" style=\"width: 458px\" class=\"wp-caption aligncenter\"><a href=\"https:\/\/kylat.ekarjala.fi\/vainikkala\/wp-content\/uploads\/sites\/36\/2012\/01\/6.jpg\"><img loading=\"lazy\" decoding=\"async\" aria-describedby=\"caption-attachment-65\" class=\"size-full wp-image-65\" src=\"https:\/\/kylat.ekarjala.fi\/vainikkala\/wp-content\/uploads\/sites\/36\/2012\/01\/6.jpg\" alt=\"\" width=\"448\" height=\"336\" \/><\/a><p id=\"caption-attachment-65\" class=\"wp-caption-text\">Tatu - Tomi Skinnari<\/p><\/div>\n<div id=\"attachment_66\" style=\"width: 458px\" class=\"wp-caption aligncenter\"><a href=\"https:\/\/kylat.ekarjala.fi\/vainikkala\/wp-content\/uploads\/sites\/36\/2012\/01\/7.jpg\"><img loading=\"lazy\" decoding=\"async\" aria-describedby=\"caption-attachment-66\" class=\"size-full wp-image-66\" src=\"https:\/\/kylat.ekarjala.fi\/vainikkala\/wp-content\/uploads\/sites\/36\/2012\/01\/7.jpg\" alt=\"\" width=\"448\" height=\"336\" \/><\/a><p id=\"caption-attachment-66\" class=\"wp-caption-text\">K\u00e4sikirjoittaja Anja Hytti-Oikkonen<\/p><\/div>\n<div id=\"attachment_67\" style=\"width: 458px\" class=\"wp-caption aligncenter\"><a href=\"https:\/\/kylat.ekarjala.fi\/vainikkala\/wp-content\/uploads\/sites\/36\/2012\/01\/8.jpg\"><img loading=\"lazy\" decoding=\"async\" aria-describedby=\"caption-attachment-67\" class=\"size-full wp-image-67\" src=\"https:\/\/kylat.ekarjala.fi\/vainikkala\/wp-content\/uploads\/sites\/36\/2012\/01\/8.jpg\" alt=\"\" width=\"448\" height=\"336\" \/><\/a><p id=\"caption-attachment-67\" class=\"wp-caption-text\">Tekninen avustaja Auli Kotonen<\/p><\/div>\n","protected":false},"excerpt":{"rendered":"<p>Kausi 2011 &#8211; Katse tulevaisuuteen Kes\u00e4ll\u00e4 2011 Vainikkalan kes\u00e4teatterissa esitettiin Anja Hytti-Oikkosen kirjoittama ja ohjaama n\u00e4ytelm\u00e4 Katse tulevaisuuteen. N\u00e4ytelm\u00e4 kuvaa tapahtumia toimistossa joka on muutettu selv\u00e4nn\u00e4kij\u00e4n vastaanottopaikaksi. N\u00e4ytelm\u00e4 esitettiin Juuret Lappeella -kotiseutujuhlassa 24. hein\u00e4kuuta. N\u00e4ytelm\u00e4 esitettiin uudelleen sunnuntaina tunnelmavalaistussa kes\u00e4teatterimilj\u00f6\u00f6ss\u00e4 &hellip; <a href=\"https:\/\/kylat.ekarjala.fi\/vainikkala\/harrastukset\/teatteri\/kausi-2011\/\">Lue loppuun <span class=\"meta-nav\">&rarr;<\/span><\/a><\/p>\n","protected":false},"author":96,"featured_media":0,"parent":55,"menu_order":0,"comment_status":"open","ping_status":"open","template":"","meta":{"footnotes":""},"class_list":["post-57","page","type-page","status-publish","hentry"],"_links":{"self":[{"href":"https:\/\/kylat.ekarjala.fi\/vainikkala\/wp-json\/wp\/v2\/pages\/57","targetHints":{"allow":["GET"]}}],"collection":[{"href":"https:\/\/kylat.ekarjala.fi\/vainikkala\/wp-json\/wp\/v2\/pages"}],"about":[{"href":"https:\/\/kylat.ekarjala.fi\/vainikkala\/wp-json\/wp\/v2\/types\/page"}],"author":[{"embeddable":true,"href":"https:\/\/kylat.ekarjala.fi\/vainikkala\/wp-json\/wp\/v2\/users\/96"}],"replies":[{"embeddable":true,"href":"https:\/\/kylat.ekarjala.fi\/vainikkala\/wp-json\/wp\/v2\/comments?post=57"}],"version-history":[{"count":3,"href":"https:\/\/kylat.ekarjala.fi\/vainikkala\/wp-json\/wp\/v2\/pages\/57\/revisions"}],"predecessor-version":[{"id":59,"href":"https:\/\/kylat.ekarjala.fi\/vainikkala\/wp-json\/wp\/v2\/pages\/57\/revisions\/59"}],"up":[{"embeddable":true,"href":"https:\/\/kylat.ekarjala.fi\/vainikkala\/wp-json\/wp\/v2\/pages\/55"}],"wp:attachment":[{"href":"https:\/\/kylat.ekarjala.fi\/vainikkala\/wp-json\/wp\/v2\/media?parent=57"}],"curies":[{"name":"wp","href":"https:\/\/api.w.org\/{rel}","templated":true}]}}