{"id":596,"date":"2013-12-09T12:21:55","date_gmt":"2013-12-09T12:51:55","guid":{"rendered":"https:\/\/kylat.ekarjala.fi\/vainikkala\/?page_id=596"},"modified":"2013-12-30T16:06:39","modified_gmt":"2013-12-30T16:36:39","slug":"kylainfo","status":"publish","type":"page","link":"https:\/\/kylat.ekarjala.fi\/vainikkala\/kylainfo\/","title":{"rendered":"Info"},"content":{"rendered":"<p>Vainikkala on noin 400 asukkaan maaseutukyl\u00e4, joka sijaitsee aivan Ven\u00e4j\u00e4n rajalla. Sijainniltaan Vainikkala on loistavassa paikassa id\u00e4n ja l\u00e4nnen v\u00e4liss\u00e4; autolla\u00a0p\u00e4\u00e4see Lappeenrannan keskustaan noin 30 minuutissa, Imatralle 45 minuutissa ja Helsinkiin noin 3 tunnissa. Yht\u00e4 nopeasti p\u00e4\u00e4see junalla Ven\u00e4j\u00e4lle Viipuriin 30 minuutissa ja Pietariin 1,5 tunnissa.<\/p>\n<p>Vainikkala on merkitt\u00e4v\u00e4 rautatieliikenteen rajanylityspaikka, ja ainoa Suomen ja Ven\u00e4j\u00e4n v\u00e4linen asema, jonka kautta kulkee s\u00e4\u00e4nn\u00f6llinen henkil\u00f6junaliikenne Pietariin ja Moskovaan. Vainikkalan kautta kulkee vuosittain yli 400 000 junamatkustajaa. Kyl\u00e4 muistetaan my\u00f6s Neuvostoliitolle maksetuista sotakorvauksista, joista valtaosa toimitettiin rajan yli Vainikkalassa.<\/p>\n<p>Kyl\u00e4n asukkaita ja matkailijoita palvelee ravintola Ukko-Pekka, jossa on my\u00f6s elintarvike- ja p\u00e4ivitt\u00e4istavaramyynti\u00e4, kirjastoauto sek\u00e4 erilaiset harrastusmahdollisuudet ja tapahtumat. Kaikille avoin minigolfrata, Pytinki-grillikatos, Hippo-hiihtomaa ja kes\u00e4teatteri luovat alueelle omaleimaisuutta, jota ei joka kyl\u00e4st\u00e4 l\u00f6ydyk\u00e4\u00e4n. Ei saa my\u00f6sk\u00e4\u00e4n unohtaa luultavasti Suomen ensimm\u00e4ist\u00e4 lelulainaamoa, joka on perustettu juuri Vainikkalaan marraskuussa 2013. Kyl\u00e4n kauniit maisemat, luonnonrauha ja maaseutumainen leppoisuus kutsuvat tuntemattomiakin tutustumaan t\u00e4h\u00e4n entisen Lappeen pit\u00e4j\u00e4n keskukseen.<\/p>\n<p>Vaikka kyl\u00e4n maisemaa hallitseekin ratapiha, kyl\u00e4\u00e4 ymp\u00e4r\u00f6i vaihteleva luonto metsineen, j\u00e4rvineen ja soineen. Alajoen ymp\u00e4rist\u00f6\u00f6n on rakennettu retkeilyreitti ja laavuja. Vainikkalassa on my\u00f6s Telkj\u00e4rven alue, miss\u00e4 on havaittu 239 lintulajia. Harvinaisempia lintuja ovat ruskosuohaukka, s\u00e4\u00e4ksi sek\u00e4 kaulushaikara. Kyl\u00e4n alueella voit bongata satakielen tai kuulla huuhkajan huhuilevan.<\/p>\n<p>Vainikkala toivottaa tervetulleeksi uudet asukkaat! Kyl\u00e4st\u00e4 l\u00f6ytyy niin vuokra-asuntoja kuin tonttejakin ja muutamia valmiita talojakin on myynniss\u00e4. Lis\u00e4tietoja kyl\u00e4toimikunnan puheenjohtaja Jaana Rikkinen etunimi.sukunimi(at)suomi24.fi<\/p>\n<p>&nbsp;<\/p>\n","protected":false},"excerpt":{"rendered":"<p>Vainikkala on noin 400 asukkaan maaseutukyl\u00e4, joka sijaitsee aivan Ven\u00e4j\u00e4n rajalla. Sijainniltaan Vainikkala on loistavassa paikassa id\u00e4n ja l\u00e4nnen v\u00e4liss\u00e4; autolla\u00a0p\u00e4\u00e4see Lappeenrannan keskustaan noin 30 minuutissa, Imatralle 45 minuutissa ja Helsinkiin noin 3 tunnissa. Yht\u00e4 nopeasti p\u00e4\u00e4see junalla Ven\u00e4j\u00e4lle Viipuriin &hellip; <a href=\"https:\/\/kylat.ekarjala.fi\/vainikkala\/kylainfo\/\">Lue loppuun <span class=\"meta-nav\">&rarr;<\/span><\/a><\/p>\n","protected":false},"author":80,"featured_media":0,"parent":0,"menu_order":1,"comment_status":"open","ping_status":"closed","template":"","meta":{"footnotes":""},"class_list":["post-596","page","type-page","status-publish","hentry"],"_links":{"self":[{"href":"https:\/\/kylat.ekarjala.fi\/vainikkala\/wp-json\/wp\/v2\/pages\/596","targetHints":{"allow":["GET"]}}],"collection":[{"href":"https:\/\/kylat.ekarjala.fi\/vainikkala\/wp-json\/wp\/v2\/pages"}],"about":[{"href":"https:\/\/kylat.ekarjala.fi\/vainikkala\/wp-json\/wp\/v2\/types\/page"}],"author":[{"embeddable":true,"href":"https:\/\/kylat.ekarjala.fi\/vainikkala\/wp-json\/wp\/v2\/users\/80"}],"replies":[{"embeddable":true,"href":"https:\/\/kylat.ekarjala.fi\/vainikkala\/wp-json\/wp\/v2\/comments?post=596"}],"version-history":[{"count":6,"href":"https:\/\/kylat.ekarjala.fi\/vainikkala\/wp-json\/wp\/v2\/pages\/596\/revisions"}],"predecessor-version":[{"id":1123,"href":"https:\/\/kylat.ekarjala.fi\/vainikkala\/wp-json\/wp\/v2\/pages\/596\/revisions\/1123"}],"wp:attachment":[{"href":"https:\/\/kylat.ekarjala.fi\/vainikkala\/wp-json\/wp\/v2\/media?parent=596"}],"curies":[{"name":"wp","href":"https:\/\/api.w.org\/{rel}","templated":true}]}}