{"id":601,"date":"2013-12-09T12:40:20","date_gmt":"2013-12-09T13:10:20","guid":{"rendered":"https:\/\/kylat.ekarjala.fi\/vainikkala\/?page_id=601"},"modified":"2013-12-09T12:40:20","modified_gmt":"2013-12-09T13:10:20","slug":"kylasuunnitelma-vuosille-2005-2009","status":"publish","type":"page","link":"https:\/\/kylat.ekarjala.fi\/vainikkala\/kylainfo\/kylasuunnitelma-vuosille-2005-2009\/","title":{"rendered":"Kyl\u00e4suunnitelma vuosille 2005-2009"},"content":{"rendered":"<p>Vainikkalalle on tehty kyl\u00e4suunnitelma, joka\u00a0valmistui toukokuussa 2005. Kyl\u00e4sunnitelma perustui kyl\u00e4l\u00e4isille vuonna 2003 tehtyyn kyl\u00e4kyselyyn, vireill\u00e4 oleviin hankkeisiin sek\u00e4 kyl\u00e4toimikunnan laatimiin suunnitelmiin.\u00a0Kyl\u00e4suunnitelma k\u00e4sitti viisivuotiskauden 2005 &#8211; 2009 (1.5.2005 &#8211; 31.12.2009). Virallista suunnitelmaa ei ole sen j\u00e4lkeen p\u00e4ivitetty.<\/p>\n<p>Suunnitelman tavoitteena oli tehd\u00e4 Vainikkalasta\u00a0asuinpaikkana viihtyis\u00e4mpi, siistimpi sek\u00e4 houkuttelevampi uusille asukkaille sek\u00e4 ty\u00f6paikkoja tarjoaville yrityksille.\u00a0Samaan aikaan kyl\u00e4n harrastusmahdollisuuksia parannettiin rakentamalla valmiiksi Vaella Vainikkalaan &#8211; Viihdy ja j\u00e4\u00e4 -hankkeessa m\u00e4\u00e4ritellyt kohteet kokonaisuudessaan.<\/p>\n<p>Kyl\u00e4suunnitelman paperipainos on k\u00e4yt\u00e4nn\u00f6ss\u00e4 loppu. Voit ladata itsellesi pdf-kopion <a href=\"https:\/\/kylat.ekarjala.fi\/vainikkala\/wp-content\/uploads\/sites\/36\/2013\/12\/Vainikkalan-Kylasuunnitelma.pdf\">t\u00e4st\u00e4<\/a> linkist\u00e4. Suunnitelmasta saa hyv\u00e4n k\u00e4sityksen kyl\u00e4n palveluista ja tarjonnasta ennen kuin Lappeenrannan kaupunki p\u00e4\u00e4tti lakkauttaa Vainikkalan kyl\u00e4koulun vuonna 2011, jonka j\u00e4lkeen muutkin palvelut ovat pikkuhiljaa hiipuneet. Nyt odotamme uutta lehte\u00e4 k\u00e4\u00e4ntyv\u00e4ksi kyl\u00e4n historiakirjassa suuntana t\u00e4ll\u00e4 kertaa yl\u00e4m\u00e4ki.<\/p>\n<p>&nbsp;<\/p>\n","protected":false},"excerpt":{"rendered":"<p>Vainikkalalle on tehty kyl\u00e4suunnitelma, joka\u00a0valmistui toukokuussa 2005. Kyl\u00e4sunnitelma perustui kyl\u00e4l\u00e4isille vuonna 2003 tehtyyn kyl\u00e4kyselyyn, vireill\u00e4 oleviin hankkeisiin sek\u00e4 kyl\u00e4toimikunnan laatimiin suunnitelmiin.\u00a0Kyl\u00e4suunnitelma k\u00e4sitti viisivuotiskauden 2005 &#8211; 2009 (1.5.2005 &#8211; 31.12.2009). Virallista suunnitelmaa ei ole sen j\u00e4lkeen p\u00e4ivitetty. Suunnitelman tavoitteena oli tehd\u00e4 &hellip; <a href=\"https:\/\/kylat.ekarjala.fi\/vainikkala\/kylainfo\/kylasuunnitelma-vuosille-2005-2009\/\">Lue loppuun <span class=\"meta-nav\">&rarr;<\/span><\/a><\/p>\n","protected":false},"author":80,"featured_media":0,"parent":596,"menu_order":0,"comment_status":"open","ping_status":"closed","template":"","meta":{"footnotes":""},"class_list":["post-601","page","type-page","status-publish","hentry"],"_links":{"self":[{"href":"https:\/\/kylat.ekarjala.fi\/vainikkala\/wp-json\/wp\/v2\/pages\/601","targetHints":{"allow":["GET"]}}],"collection":[{"href":"https:\/\/kylat.ekarjala.fi\/vainikkala\/wp-json\/wp\/v2\/pages"}],"about":[{"href":"https:\/\/kylat.ekarjala.fi\/vainikkala\/wp-json\/wp\/v2\/types\/page"}],"author":[{"embeddable":true,"href":"https:\/\/kylat.ekarjala.fi\/vainikkala\/wp-json\/wp\/v2\/users\/80"}],"replies":[{"embeddable":true,"href":"https:\/\/kylat.ekarjala.fi\/vainikkala\/wp-json\/wp\/v2\/comments?post=601"}],"version-history":[{"count":3,"href":"https:\/\/kylat.ekarjala.fi\/vainikkala\/wp-json\/wp\/v2\/pages\/601\/revisions"}],"predecessor-version":[{"id":605,"href":"https:\/\/kylat.ekarjala.fi\/vainikkala\/wp-json\/wp\/v2\/pages\/601\/revisions\/605"}],"up":[{"embeddable":true,"href":"https:\/\/kylat.ekarjala.fi\/vainikkala\/wp-json\/wp\/v2\/pages\/596"}],"wp:attachment":[{"href":"https:\/\/kylat.ekarjala.fi\/vainikkala\/wp-json\/wp\/v2\/media?parent=601"}],"curies":[{"name":"wp","href":"https:\/\/api.w.org\/{rel}","templated":true}]}}